{"id":4464,"date":"2024-11-19T14:34:08","date_gmt":"2024-11-19T18:34:08","guid":{"rendered":"https:\/\/laserpr.com\/?post_type=product&#038;p=4464"},"modified":"2024-11-19T14:50:00","modified_gmt":"2024-11-19T18:50:00","slug":"master-mechanic-limpiador-multiusos-128-fl-oz-copy","status":"publish","type":"product","link":"https:\/\/laserpr.com\/es\/product\/master-mechanic-limpiador-multiusos-128-fl-oz-copy\/","title":{"rendered":"Master Mechanic\u00ae Limpiador Multiusos Paila de 5 Galones"},"content":{"rendered":"<p>Master Mechanic\u00ae Limpiador Multiusos es una potente soluci\u00f3n para los retos m\u00e1s dif\u00edciles de limpieza. Este limpiador concentrado est\u00e1 dise\u00f1ado para eliminar suciedades persistentes como derrames de aceite, incrustaciones de carb\u00f3n y residuos de cera.<\/p>\n<p>Con fuerza y precisi\u00f3n profesional, Master Mechanic\u00ae Limpiador Multiusos enfrenta los retos m\u00e1s dif\u00edciles con gran efectividad. Ya sean \u00a0derrames de aceite, acumulaciones de carb\u00f3n, residuos de cera o sucio incrustado, esta poderosa f\u00f3rmula corta la suciedad sin esfuerzo, dejando las superficies impecables. Disponible en botella con atomizador de 32 FL oz, 128 FL oz y Paila de 5 Galones.<\/p>\n<p><strong>INSTRUCCIONES DE USO<\/strong><\/p>\n<p>Aplicar generosamente sobre la superficie.<\/p>\n<p>Dejar actuar de 3 a 5 minutos.<\/p>\n<p>Enjuague con agua.<\/p>\n<p>Para Trabajos Leves: Diluya 1\/4 de taza en un gal\u00f3n de agua, aplique con un pa\u00f1o y luego enjuague.<\/p>\n<p>&nbsp;<\/p>\n","protected":false},"excerpt":{"rendered":"<p>Master Mechanic\u00ae Limpiador Multiusos es una potente soluci\u00f3n para los retos m\u00e1s dif\u00edciles de limpieza. Este limpiador concentrado est\u00e1 dise\u00f1ado para eliminar suciedades persistentes como derrames de aceite, incrustaciones de carb\u00f3n y residuos de cera. Con fuerza y precisi\u00f3n profesional, Master Mechanic\u00ae Limpiador Multiusos enfrenta los retos m\u00e1s dif\u00edciles con gran efectividad. Ya sean \u00a0derrames de aceite, acumulaciones de carb\u00f3n, residuos de cera o sucio incrustado, esta poderosa f\u00f3rmula corta la suciedad sin esfuerzo, dejando las superficies impecables. Disponible en botella con atomizador de 32 FL oz, 128 FL oz y Paila de 5 Galones.<\/p>\n","protected":false},"featured_media":4466,"comment_status":"open","ping_status":"closed","template":"","meta":[],"product_brand":[],"product_cat":[243,209],"product_tag":[218,214,216,217],"class_list":{"0":"post-4464","1":"product","2":"type-product","3":"status-publish","4":"has-post-thumbnail","6":"product_cat-auto-es","7":"product_cat-todos-los-productos-de-limpieza","8":"product_tag-activa-es","9":"product_tag-industria-puertorriquena-es","10":"product_tag-laser-products-es","11":"product_tag-productos-de-limpieza","13":"first","14":"instock","15":"virtual","16":"product-type-simple"},"yoast_head":"<!-- This site is optimized with the Yoast SEO Premium plugin v24.5 (Yoast SEO v27.4) - https:\/\/yoast.com\/product\/yoast-seo-premium-wordpress\/ -->\n<title>Master Mechanic\u00ae Limpiador Multiusos Paila de 5 Galones - Laser Products, Inc.<\/title>\n<meta name=\"description\" content=\"Master Mechanic\u00ae Limpiador Multiusos es una potente soluci\u00f3n para los retos m\u00e1s dif\u00edciles de limpieza. Este limpiador concentrado est\u00e1 dise\u00f1ado para eliminar suciedades persistentes como derrames de aceite, incrustaciones de carb\u00f3n y residuos de cera.Con fuerza y precisi\u00f3n profesional, Master Mechanic\u00ae Limpiador Multiusos enfrenta los retos m\u00e1s dif\u00edciles con gran efectividad. Ya sean \u00a0derrames de aceite, acumulaciones de carb\u00f3n, residuos de cera o sucio incrustado, esta poderosa f\u00f3rmula corta la suciedad sin esfuerzo, dejando las superficies impecables. Disponible en botella con atomizador de 32 FL oz, 128 FL oz y Paila de 5 Galones.\" \/>\n<meta name=\"robots\" content=\"index, follow, max-snippet:-1, max-image-preview:large, max-video-preview:-1\" \/>\n<link rel=\"canonical\" href=\"https:\/\/laserpr.com\/es\/product\/master-mechanic-limpiador-multiusos-128-fl-oz-copy\/\" \/>\n<meta property=\"og:locale\" content=\"es_ES\" \/>\n<meta property=\"og:type\" content=\"article\" \/>\n<meta property=\"og:title\" content=\"Master Mechanic\u00ae Limpiador Multiusos Paila de 5 Galones\" \/>\n<meta property=\"og:description\" content=\"Master Mechanic\u00ae Limpiador Multiusos es una potente soluci\u00f3n para los retos m\u00e1s dif\u00edciles de limpieza. Este limpiador concentrado est\u00e1 dise\u00f1ado para eliminar suciedades persistentes como derrames de aceite, incrustaciones de carb\u00f3n y residuos de cera.Con fuerza y precisi\u00f3n profesional, Master Mechanic\u00ae Limpiador Multiusos enfrenta los retos m\u00e1s dif\u00edciles con gran efectividad. Ya sean \u00a0derrames de aceite, acumulaciones de carb\u00f3n, residuos de cera o sucio incrustado, esta poderosa f\u00f3rmula corta la suciedad sin esfuerzo, dejando las superficies impecables. Disponible en botella con atomizador de 32 FL oz, 128 FL oz y Paila de 5 Galones.\" \/>\n<meta property=\"og:url\" content=\"https:\/\/laserpr.com\/es\/product\/master-mechanic-limpiador-multiusos-128-fl-oz-copy\/\" \/>\n<meta property=\"og:site_name\" content=\"Laser Products, Inc.\" \/>\n<meta property=\"article:publisher\" content=\"https:\/\/www.facebook.com\/IndustriaPuertorriquena\" \/>\n<meta property=\"article:modified_time\" content=\"2024-11-19T18:50:00+00:00\" \/>\n<meta property=\"og:image\" content=\"https:\/\/laserproducts-xgwohz8kzq.live-website.com\/wp-content\/uploads\/2024\/11\/Activa-master-mechanic_5-Gal_Front-02-1024x1024.png\" \/>\n\t<meta property=\"og:image:width\" content=\"1024\" \/>\n\t<meta property=\"og:image:height\" content=\"1024\" \/>\n\t<meta property=\"og:image:type\" content=\"image\/png\" \/>\n<meta name=\"twitter:card\" content=\"summary_large_image\" \/>\n<meta name=\"twitter:label1\" content=\"Tiempo de lectura\" \/>\n\t<meta name=\"twitter:data1\" content=\"1 minuto\" \/>\n<script type=\"application\/ld+json\" class=\"yoast-schema-graph\">{\"@context\":\"https:\\\/\\\/schema.org\",\"@graph\":[{\"@type\":\"WebPage\",\"@id\":\"https:\\\/\\\/laserpr.com\\\/es\\\/product\\\/master-mechanic-limpiador-multiusos-128-fl-oz-copy\\\/\",\"url\":\"https:\\\/\\\/laserpr.com\\\/es\\\/product\\\/master-mechanic-limpiador-multiusos-128-fl-oz-copy\\\/\",\"name\":\"Master Mechanic\u00ae Limpiador Multiusos Paila de 5 Galones - Laser Products, Inc.\",\"isPartOf\":{\"@id\":\"https:\\\/\\\/laserpr.com\\\/es\\\/#website\"},\"primaryImageOfPage\":{\"@id\":\"https:\\\/\\\/laserpr.com\\\/es\\\/product\\\/master-mechanic-limpiador-multiusos-128-fl-oz-copy\\\/#primaryimage\"},\"image\":{\"@id\":\"https:\\\/\\\/laserpr.com\\\/es\\\/product\\\/master-mechanic-limpiador-multiusos-128-fl-oz-copy\\\/#primaryimage\"},\"thumbnailUrl\":\"https:\\\/\\\/laserpr.com\\\/wp-content\\\/uploads\\\/2024\\\/11\\\/Activa-master-mechanic_5-Gal_Front-02.png\",\"datePublished\":\"2024-11-19T18:34:08+00:00\",\"dateModified\":\"2024-11-19T18:50:00+00:00\",\"description\":\"Master Mechanic\u00ae Limpiador Multiusos es una potente soluci\u00f3n para los retos m\u00e1s dif\u00edciles de limpieza. Este limpiador concentrado est\u00e1 dise\u00f1ado para eliminar suciedades persistentes como derrames de aceite, incrustaciones de carb\u00f3n y residuos de cera.Con fuerza y precisi\u00f3n profesional, Master Mechanic\u00ae Limpiador Multiusos enfrenta los retos m\u00e1s dif\u00edciles con gran efectividad. Ya sean \u00a0derrames de aceite, acumulaciones de carb\u00f3n, residuos de cera o sucio incrustado, esta poderosa f\u00f3rmula corta la suciedad sin esfuerzo, dejando las superficies impecables. Disponible en botella con atomizador de 32 FL oz, 128 FL oz y Paila de 5 Galones.\",\"breadcrumb\":{\"@id\":\"https:\\\/\\\/laserpr.com\\\/es\\\/product\\\/master-mechanic-limpiador-multiusos-128-fl-oz-copy\\\/#breadcrumb\"},\"inLanguage\":\"es\",\"potentialAction\":[{\"@type\":\"ReadAction\",\"target\":[\"https:\\\/\\\/laserpr.com\\\/es\\\/product\\\/master-mechanic-limpiador-multiusos-128-fl-oz-copy\\\/\"]}]},{\"@type\":\"ImageObject\",\"inLanguage\":\"es\",\"@id\":\"https:\\\/\\\/laserpr.com\\\/es\\\/product\\\/master-mechanic-limpiador-multiusos-128-fl-oz-copy\\\/#primaryimage\",\"url\":\"https:\\\/\\\/laserpr.com\\\/wp-content\\\/uploads\\\/2024\\\/11\\\/Activa-master-mechanic_5-Gal_Front-02.png\",\"contentUrl\":\"https:\\\/\\\/laserpr.com\\\/wp-content\\\/uploads\\\/2024\\\/11\\\/Activa-master-mechanic_5-Gal_Front-02.png\",\"width\":4176,\"height\":4176},{\"@type\":\"BreadcrumbList\",\"@id\":\"https:\\\/\\\/laserpr.com\\\/es\\\/product\\\/master-mechanic-limpiador-multiusos-128-fl-oz-copy\\\/#breadcrumb\",\"itemListElement\":[{\"@type\":\"ListItem\",\"position\":1,\"name\":\"Home\",\"item\":\"https:\\\/\\\/laserpr.com\\\/es\\\/\"},{\"@type\":\"ListItem\",\"position\":2,\"name\":\"Shop\",\"item\":\"https:\\\/\\\/laserproducts-xgwohz8kzq.live-website.com\\\/shop\\\/\"},{\"@type\":\"ListItem\",\"position\":3,\"name\":\"Master Mechanic\u00ae Limpiador Multiusos Paila de 5 Galones\"}]},{\"@type\":\"WebSite\",\"@id\":\"https:\\\/\\\/laserpr.com\\\/es\\\/#website\",\"url\":\"https:\\\/\\\/laserpr.com\\\/es\\\/\",\"name\":\"Laser Products, Inc.\",\"description\":\"Laser Products, Inc. es una empresa puertorrique&ntilde;a ubicada en Juncos, Puerto Rico. Contamos con m&aacute;s de 30 a&ntilde;os de experiencia en la fabricaci&oacute;n de productos qu&iacute;micos especializados para la limpieza y desinfecci&oacute;n.\",\"publisher\":{\"@id\":\"https:\\\/\\\/laserpr.com\\\/es\\\/#organization\"},\"alternateName\":\"Laser Products, Inc.\",\"potentialAction\":[{\"@type\":\"SearchAction\",\"target\":{\"@type\":\"EntryPoint\",\"urlTemplate\":\"https:\\\/\\\/laserpr.com\\\/es\\\/?s={search_term_string}\"},\"query-input\":{\"@type\":\"PropertyValueSpecification\",\"valueRequired\":true,\"valueName\":\"search_term_string\"}}],\"inLanguage\":\"es\"},{\"@type\":\"Organization\",\"@id\":\"https:\\\/\\\/laserpr.com\\\/es\\\/#organization\",\"name\":\"Laser Products, Inc.\",\"alternateName\":\"Laser Products, Inc.\",\"url\":\"https:\\\/\\\/laserpr.com\\\/es\\\/\",\"logo\":{\"@type\":\"ImageObject\",\"inLanguage\":\"es\",\"@id\":\"https:\\\/\\\/laserpr.com\\\/es\\\/#\\\/schema\\\/logo\\\/image\\\/\",\"url\":\"https:\\\/\\\/laserpr.com\\\/wp-content\\\/uploads\\\/2023\\\/03\\\/laser-products-486x160-1.png\",\"contentUrl\":\"https:\\\/\\\/laserpr.com\\\/wp-content\\\/uploads\\\/2023\\\/03\\\/laser-products-486x160-1.png\",\"width\":486,\"height\":160,\"caption\":\"Laser Products, Inc.\"},\"image\":{\"@id\":\"https:\\\/\\\/laserpr.com\\\/es\\\/#\\\/schema\\\/logo\\\/image\\\/\"},\"sameAs\":[\"https:\\\/\\\/www.facebook.com\\\/IndustriaPuertorriquena\",\"https:\\\/\\\/www.instagram.com\\\/industriapuertorriquena\\\/\",\"https:\\\/\\\/www.linkedin.com\\\/company\\\/laser-products\\\/\"],\"publishingPrinciples\":\"https:\\\/\\\/laserproducts-xgwohz8kzq.live-website.com\\\/business\\\/\",\"ownershipFundingInfo\":\"https:\\\/\\\/laserproducts-xgwohz8kzq.live-website.com\\\/business\\\/\",\"actionableFeedbackPolicy\":\"https:\\\/\\\/laserproducts-xgwohz8kzq.live-website.com\\\/business\\\/\"}]}<\/script>\n<!-- \/ Yoast SEO Premium plugin. -->","yoast_head_json":{"title":"Master Mechanic\u00ae Limpiador Multiusos Paila de 5 Galones - Laser Products, Inc.","description":"Master Mechanic\u00ae Limpiador Multiusos es una potente soluci\u00f3n para los retos m\u00e1s dif\u00edciles de limpieza. Este limpiador concentrado est\u00e1 dise\u00f1ado para eliminar suciedades persistentes como derrames de aceite, incrustaciones de carb\u00f3n y residuos de cera.Con fuerza y precisi\u00f3n profesional, Master Mechanic\u00ae Limpiador Multiusos enfrenta los retos m\u00e1s dif\u00edciles con gran efectividad. Ya sean \u00a0derrames de aceite, acumulaciones de carb\u00f3n, residuos de cera o sucio incrustado, esta poderosa f\u00f3rmula corta la suciedad sin esfuerzo, dejando las superficies impecables. Disponible en botella con atomizador de 32 FL oz, 128 FL oz y Paila de 5 Galones.","robots":{"index":"index","follow":"follow","max-snippet":"max-snippet:-1","max-image-preview":"max-image-preview:large","max-video-preview":"max-video-preview:-1"},"canonical":"https:\/\/laserpr.com\/es\/product\/master-mechanic-limpiador-multiusos-128-fl-oz-copy\/","og_locale":"es_ES","og_type":"article","og_title":"Master Mechanic\u00ae Limpiador Multiusos Paila de 5 Galones","og_description":"Master Mechanic\u00ae Limpiador Multiusos es una potente soluci\u00f3n para los retos m\u00e1s dif\u00edciles de limpieza. Este limpiador concentrado est\u00e1 dise\u00f1ado para eliminar suciedades persistentes como derrames de aceite, incrustaciones de carb\u00f3n y residuos de cera.Con fuerza y precisi\u00f3n profesional, Master Mechanic\u00ae Limpiador Multiusos enfrenta los retos m\u00e1s dif\u00edciles con gran efectividad. Ya sean \u00a0derrames de aceite, acumulaciones de carb\u00f3n, residuos de cera o sucio incrustado, esta poderosa f\u00f3rmula corta la suciedad sin esfuerzo, dejando las superficies impecables. Disponible en botella con atomizador de 32 FL oz, 128 FL oz y Paila de 5 Galones.","og_url":"https:\/\/laserpr.com\/es\/product\/master-mechanic-limpiador-multiusos-128-fl-oz-copy\/","og_site_name":"Laser Products, Inc.","article_publisher":"https:\/\/www.facebook.com\/IndustriaPuertorriquena","article_modified_time":"2024-11-19T18:50:00+00:00","og_image":[{"width":1024,"height":1024,"url":"https:\/\/laserproducts-xgwohz8kzq.live-website.com\/wp-content\/uploads\/2024\/11\/Activa-master-mechanic_5-Gal_Front-02-1024x1024.png","type":"image\/png"}],"twitter_card":"summary_large_image","twitter_misc":{"Tiempo de lectura":"1 minuto"},"schema":{"@context":"https:\/\/schema.org","@graph":[{"@type":"WebPage","@id":"https:\/\/laserpr.com\/es\/product\/master-mechanic-limpiador-multiusos-128-fl-oz-copy\/","url":"https:\/\/laserpr.com\/es\/product\/master-mechanic-limpiador-multiusos-128-fl-oz-copy\/","name":"Master Mechanic\u00ae Limpiador Multiusos Paila de 5 Galones - Laser Products, Inc.","isPartOf":{"@id":"https:\/\/laserpr.com\/es\/#website"},"primaryImageOfPage":{"@id":"https:\/\/laserpr.com\/es\/product\/master-mechanic-limpiador-multiusos-128-fl-oz-copy\/#primaryimage"},"image":{"@id":"https:\/\/laserpr.com\/es\/product\/master-mechanic-limpiador-multiusos-128-fl-oz-copy\/#primaryimage"},"thumbnailUrl":"https:\/\/laserpr.com\/wp-content\/uploads\/2024\/11\/Activa-master-mechanic_5-Gal_Front-02.png","datePublished":"2024-11-19T18:34:08+00:00","dateModified":"2024-11-19T18:50:00+00:00","description":"Master Mechanic\u00ae Limpiador Multiusos es una potente soluci\u00f3n para los retos m\u00e1s dif\u00edciles de limpieza. Este limpiador concentrado est\u00e1 dise\u00f1ado para eliminar suciedades persistentes como derrames de aceite, incrustaciones de carb\u00f3n y residuos de cera.Con fuerza y precisi\u00f3n profesional, Master Mechanic\u00ae Limpiador Multiusos enfrenta los retos m\u00e1s dif\u00edciles con gran efectividad. Ya sean \u00a0derrames de aceite, acumulaciones de carb\u00f3n, residuos de cera o sucio incrustado, esta poderosa f\u00f3rmula corta la suciedad sin esfuerzo, dejando las superficies impecables. Disponible en botella con atomizador de 32 FL oz, 128 FL oz y Paila de 5 Galones.","breadcrumb":{"@id":"https:\/\/laserpr.com\/es\/product\/master-mechanic-limpiador-multiusos-128-fl-oz-copy\/#breadcrumb"},"inLanguage":"es","potentialAction":[{"@type":"ReadAction","target":["https:\/\/laserpr.com\/es\/product\/master-mechanic-limpiador-multiusos-128-fl-oz-copy\/"]}]},{"@type":"ImageObject","inLanguage":"es","@id":"https:\/\/laserpr.com\/es\/product\/master-mechanic-limpiador-multiusos-128-fl-oz-copy\/#primaryimage","url":"https:\/\/laserpr.com\/wp-content\/uploads\/2024\/11\/Activa-master-mechanic_5-Gal_Front-02.png","contentUrl":"https:\/\/laserpr.com\/wp-content\/uploads\/2024\/11\/Activa-master-mechanic_5-Gal_Front-02.png","width":4176,"height":4176},{"@type":"BreadcrumbList","@id":"https:\/\/laserpr.com\/es\/product\/master-mechanic-limpiador-multiusos-128-fl-oz-copy\/#breadcrumb","itemListElement":[{"@type":"ListItem","position":1,"name":"Home","item":"https:\/\/laserpr.com\/es\/"},{"@type":"ListItem","position":2,"name":"Shop","item":"https:\/\/laserproducts-xgwohz8kzq.live-website.com\/shop\/"},{"@type":"ListItem","position":3,"name":"Master Mechanic\u00ae Limpiador Multiusos Paila de 5 Galones"}]},{"@type":"WebSite","@id":"https:\/\/laserpr.com\/es\/#website","url":"https:\/\/laserpr.com\/es\/","name":"Laser Products, Inc.","description":"Laser Products, Inc. es una empresa puertorrique&ntilde;a ubicada en Juncos, Puerto Rico. Contamos con m&aacute;s de 30 a&ntilde;os de experiencia en la fabricaci&oacute;n de productos qu&iacute;micos especializados para la limpieza y desinfecci&oacute;n.","publisher":{"@id":"https:\/\/laserpr.com\/es\/#organization"},"alternateName":"Laser Products, Inc.","potentialAction":[{"@type":"SearchAction","target":{"@type":"EntryPoint","urlTemplate":"https:\/\/laserpr.com\/es\/?s={search_term_string}"},"query-input":{"@type":"PropertyValueSpecification","valueRequired":true,"valueName":"search_term_string"}}],"inLanguage":"es"},{"@type":"Organization","@id":"https:\/\/laserpr.com\/es\/#organization","name":"Laser Products, Inc.","alternateName":"Laser Products, Inc.","url":"https:\/\/laserpr.com\/es\/","logo":{"@type":"ImageObject","inLanguage":"es","@id":"https:\/\/laserpr.com\/es\/#\/schema\/logo\/image\/","url":"https:\/\/laserpr.com\/wp-content\/uploads\/2023\/03\/laser-products-486x160-1.png","contentUrl":"https:\/\/laserpr.com\/wp-content\/uploads\/2023\/03\/laser-products-486x160-1.png","width":486,"height":160,"caption":"Laser Products, Inc."},"image":{"@id":"https:\/\/laserpr.com\/es\/#\/schema\/logo\/image\/"},"sameAs":["https:\/\/www.facebook.com\/IndustriaPuertorriquena","https:\/\/www.instagram.com\/industriapuertorriquena\/","https:\/\/www.linkedin.com\/company\/laser-products\/"],"publishingPrinciples":"https:\/\/laserproducts-xgwohz8kzq.live-website.com\/business\/","ownershipFundingInfo":"https:\/\/laserproducts-xgwohz8kzq.live-website.com\/business\/","actionableFeedbackPolicy":"https:\/\/laserproducts-xgwohz8kzq.live-website.com\/business\/"}]}},"_links":{"self":[{"href":"https:\/\/laserpr.com\/es\/wp-json\/wp\/v2\/product\/4464","targetHints":{"allow":["GET"]}}],"collection":[{"href":"https:\/\/laserpr.com\/es\/wp-json\/wp\/v2\/product"}],"about":[{"href":"https:\/\/laserpr.com\/es\/wp-json\/wp\/v2\/types\/product"}],"replies":[{"embeddable":true,"href":"https:\/\/laserpr.com\/es\/wp-json\/wp\/v2\/comments?post=4464"}],"wp:featuredmedia":[{"embeddable":true,"href":"https:\/\/laserpr.com\/es\/wp-json\/wp\/v2\/media\/4466"}],"wp:attachment":[{"href":"https:\/\/laserpr.com\/es\/wp-json\/wp\/v2\/media?parent=4464"}],"wp:term":[{"taxonomy":"product_brand","embeddable":true,"href":"https:\/\/laserpr.com\/es\/wp-json\/wp\/v2\/product_brand?post=4464"},{"taxonomy":"product_cat","embeddable":true,"href":"https:\/\/laserpr.com\/es\/wp-json\/wp\/v2\/product_cat?post=4464"},{"taxonomy":"product_tag","embeddable":true,"href":"https:\/\/laserpr.com\/es\/wp-json\/wp\/v2\/product_tag?post=4464"}],"curies":[{"name":"wp","href":"https:\/\/api.w.org\/{rel}","templated":true}]}}