{"id":3472,"date":"2023-07-17T12:23:18","date_gmt":"2023-07-17T16:23:18","guid":{"rendered":"https:\/\/laserpr.com\/product\/activa-desengrasante-multiusos-con-aroma-a-limon-20-fl-oz\/"},"modified":"2024-07-10T01:28:19","modified_gmt":"2024-07-10T05:28:19","slug":"activa-desengrasante-multiusos-con-aroma-a-limon-20-fl-oz","status":"publish","type":"product","link":"https:\/\/laserpr.com\/es\/product\/activa-desengrasante-multiusos-con-aroma-a-limon-20-fl-oz\/","title":{"rendered":"Activa\u00ae Corta Grasa Multiusos con Fragancia de Lim\u00f3n 20 FL oz"},"content":{"rendered":"<p>Activa\u00ae Corta Grasa Multiusos con Fragancia de Lim\u00f3n es un limpiador multiusos con aroma a lim\u00f3n fresco, ideal para eliminar grasa y suciedad en superficies no porosas como topes de cocina, lozas de ba\u00f1o, electrodom\u00e9sticos y cristal. Disponible en botella con atomizador de 20 FL oz.<\/p>\n<p>Dise\u00f1ado para su uso en superficies no porosas, Activa\u00ae Corta Grasa Multiusos con Fragancia de Lim\u00f3n asegura que tus esfuerzos de limpieza den resultados m\u00e1ximos. Desde topes de cocina hasta lozas de ba\u00f1o, electrodom\u00e9sticos y cristal, este corta grasa sobresale en una variedad de entornos, no dejando residuos y asegurando un acabado impecable.<\/p>\n<p>Haz de Activa\u00ae Corta Grasa Multiusos con Fragancia de Lim\u00f3n una parte esencial de tu rutina de limpieza. Experimenta la satisfacci\u00f3n de eliminar grasa y suciedad sin esfuerzo mientras disfrutas de la fragancia de lim\u00f3n fresco. Eleva tu experiencia de limpieza y transforma tu entorno en un oasis de limpieza y una fragancia de lim\u00f3n fresco con Activa\u00ae.<\/p>\n<p>INSTRUCCIONES DE USO<\/p>\n<ol>\n<li>Gire el gatillo a la posici\u00f3n \u00abON\u00bb.<\/li>\n<li>Roc\u00ede de 6-8 pulgadas de la superficie.<\/li>\n<li>Limpie con una toalla de papel seca o un pa\u00f1o seco.<\/li>\n<\/ol>\n","protected":false},"excerpt":{"rendered":"<p>Activa\u00ae Corta Grasa Multiusos con Fragancia de Lim\u00f3n es un limpiador multiusos con aroma a lim\u00f3n fresco, ideal para eliminar grasa y suciedad en superficies no porosas como topes de cocina, lozas de ba\u00f1o, electrodom\u00e9sticos y cristal. Disponible en botella con atomizador de 20 FL oz.<\/p>\n","protected":false},"featured_media":2993,"comment_status":"open","ping_status":"closed","template":"","meta":[],"product_brand":[],"product_cat":[212,209],"product_tag":[218,214,216,217],"class_list":{"0":"post-3472","1":"product","2":"type-product","3":"status-publish","4":"has-post-thumbnail","6":"product_cat-cocina","7":"product_cat-todos-los-productos-de-limpieza","8":"product_tag-activa-es","9":"product_tag-industria-puertorriquena-es","10":"product_tag-laser-products-es","11":"product_tag-productos-de-limpieza","13":"first","14":"instock","15":"virtual","16":"product-type-simple"},"yoast_head":"<!-- This site is optimized with the Yoast SEO Premium plugin v24.5 (Yoast SEO v27.5) - https:\/\/yoast.com\/product\/yoast-seo-premium-wordpress\/ -->\n<title>Activa\u00ae Corta Grasa Multiusos con Fragancia de Lim\u00f3n 20 FL oz - Laser Products, Inc.<\/title>\n<meta name=\"description\" content=\"Activa\u00ae Corta Grasa Multiusos con Fragancia de Lim\u00f3n es un limpiador multiusos con aroma a lim\u00f3n fresco, ideal para eliminar grasa y suciedad en superficies no porosas como topes de cocina, lozas de ba\u00f1o, electrodom\u00e9sticos y cristal. Disponible en botella con atomizador de 20 FL oz.\" \/>\n<meta name=\"robots\" content=\"index, follow, max-snippet:-1, max-image-preview:large, max-video-preview:-1\" \/>\n<link rel=\"canonical\" href=\"https:\/\/laserpr.com\/es\/product\/activa-desengrasante-multiusos-con-aroma-a-limon-20-fl-oz\/\" \/>\n<meta property=\"og:locale\" content=\"es_ES\" \/>\n<meta property=\"og:type\" content=\"article\" \/>\n<meta property=\"og:title\" content=\"Activa\u00ae Corta Grasa Multiusos con Fragancia de Lim\u00f3n 20 FL oz\" \/>\n<meta property=\"og:description\" content=\"Activa\u00ae Corta Grasa Multiusos con Fragancia de Lim\u00f3n es un limpiador multiusos con aroma a lim\u00f3n fresco, ideal para eliminar grasa y suciedad en superficies no porosas como topes de cocina, lozas de ba\u00f1o, electrodom\u00e9sticos y cristal. Disponible en botella con atomizador de 20 FL oz.\" \/>\n<meta property=\"og:url\" content=\"https:\/\/laserpr.com\/es\/product\/activa-desengrasante-multiusos-con-aroma-a-limon-20-fl-oz\/\" \/>\n<meta property=\"og:site_name\" content=\"Laser Products, Inc.\" \/>\n<meta property=\"article:publisher\" content=\"https:\/\/www.facebook.com\/IndustriaPuertorriquena\" \/>\n<meta property=\"article:modified_time\" content=\"2024-07-10T05:28:19+00:00\" \/>\n<meta property=\"og:image\" content=\"https:\/\/laserproducts-xgwohz8kzq.live-website.com\/wp-content\/uploads\/2023\/07\/activa-multipurpose-grease-cutter-with-lemon-scent-20oz-front-1000x1000-1.jpg\" \/>\n\t<meta property=\"og:image:width\" content=\"1000\" \/>\n\t<meta property=\"og:image:height\" content=\"1000\" \/>\n\t<meta property=\"og:image:type\" content=\"image\/jpeg\" \/>\n<meta name=\"twitter:card\" content=\"summary_large_image\" \/>\n<meta name=\"twitter:label1\" content=\"Tiempo de lectura\" \/>\n\t<meta name=\"twitter:data1\" content=\"1 minuto\" \/>\n<script type=\"application\/ld+json\" class=\"yoast-schema-graph\">{\"@context\":\"https:\\\/\\\/schema.org\",\"@graph\":[{\"@type\":\"WebPage\",\"@id\":\"https:\\\/\\\/laserpr.com\\\/es\\\/product\\\/activa-desengrasante-multiusos-con-aroma-a-limon-20-fl-oz\\\/\",\"url\":\"https:\\\/\\\/laserpr.com\\\/es\\\/product\\\/activa-desengrasante-multiusos-con-aroma-a-limon-20-fl-oz\\\/\",\"name\":\"Activa\u00ae Corta Grasa Multiusos con Fragancia de Lim\u00f3n 20 FL oz - Laser Products, Inc.\",\"isPartOf\":{\"@id\":\"https:\\\/\\\/laserpr.com\\\/es\\\/#website\"},\"primaryImageOfPage\":{\"@id\":\"https:\\\/\\\/laserpr.com\\\/es\\\/product\\\/activa-desengrasante-multiusos-con-aroma-a-limon-20-fl-oz\\\/#primaryimage\"},\"image\":{\"@id\":\"https:\\\/\\\/laserpr.com\\\/es\\\/product\\\/activa-desengrasante-multiusos-con-aroma-a-limon-20-fl-oz\\\/#primaryimage\"},\"thumbnailUrl\":\"https:\\\/\\\/laserpr.com\\\/wp-content\\\/uploads\\\/2023\\\/07\\\/activa-multipurpose-grease-cutter-with-lemon-scent-20oz-front-1000x1000-1.jpg\",\"datePublished\":\"2023-07-17T16:23:18+00:00\",\"dateModified\":\"2024-07-10T05:28:19+00:00\",\"description\":\"Activa\u00ae Corta Grasa Multiusos con Fragancia de Lim\u00f3n es un limpiador multiusos con aroma a lim\u00f3n fresco, ideal para eliminar grasa y suciedad en superficies no porosas como topes de cocina, lozas de ba\u00f1o, electrodom\u00e9sticos y cristal. Disponible en botella con atomizador de 20 FL oz.\",\"breadcrumb\":{\"@id\":\"https:\\\/\\\/laserpr.com\\\/es\\\/product\\\/activa-desengrasante-multiusos-con-aroma-a-limon-20-fl-oz\\\/#breadcrumb\"},\"inLanguage\":\"es\",\"potentialAction\":[{\"@type\":\"ReadAction\",\"target\":[\"https:\\\/\\\/laserpr.com\\\/es\\\/product\\\/activa-desengrasante-multiusos-con-aroma-a-limon-20-fl-oz\\\/\"]}]},{\"@type\":\"ImageObject\",\"inLanguage\":\"es\",\"@id\":\"https:\\\/\\\/laserpr.com\\\/es\\\/product\\\/activa-desengrasante-multiusos-con-aroma-a-limon-20-fl-oz\\\/#primaryimage\",\"url\":\"https:\\\/\\\/laserpr.com\\\/wp-content\\\/uploads\\\/2023\\\/07\\\/activa-multipurpose-grease-cutter-with-lemon-scent-20oz-front-1000x1000-1.jpg\",\"contentUrl\":\"https:\\\/\\\/laserpr.com\\\/wp-content\\\/uploads\\\/2023\\\/07\\\/activa-multipurpose-grease-cutter-with-lemon-scent-20oz-front-1000x1000-1.jpg\",\"width\":1000,\"height\":1000},{\"@type\":\"BreadcrumbList\",\"@id\":\"https:\\\/\\\/laserpr.com\\\/es\\\/product\\\/activa-desengrasante-multiusos-con-aroma-a-limon-20-fl-oz\\\/#breadcrumb\",\"itemListElement\":[{\"@type\":\"ListItem\",\"position\":1,\"name\":\"Home\",\"item\":\"https:\\\/\\\/laserpr.com\\\/es\\\/\"},{\"@type\":\"ListItem\",\"position\":2,\"name\":\"Shop\",\"item\":\"https:\\\/\\\/laserproducts-xgwohz8kzq.live-website.com\\\/shop\\\/\"},{\"@type\":\"ListItem\",\"position\":3,\"name\":\"Activa\u00ae Corta Grasa Multiusos con Fragancia de Lim\u00f3n 20 FL oz\"}]},{\"@type\":\"WebSite\",\"@id\":\"https:\\\/\\\/laserpr.com\\\/es\\\/#website\",\"url\":\"https:\\\/\\\/laserpr.com\\\/es\\\/\",\"name\":\"Laser Products, Inc.\",\"description\":\"Laser Products, Inc. es una empresa puertorrique&ntilde;a ubicada en Juncos, Puerto Rico. Contamos con m&aacute;s de 30 a&ntilde;os de experiencia en la fabricaci&oacute;n de productos qu&iacute;micos especializados para la limpieza y desinfecci&oacute;n.\",\"publisher\":{\"@id\":\"https:\\\/\\\/laserpr.com\\\/es\\\/#organization\"},\"alternateName\":\"Laser Products, Inc.\",\"potentialAction\":[{\"@type\":\"SearchAction\",\"target\":{\"@type\":\"EntryPoint\",\"urlTemplate\":\"https:\\\/\\\/laserpr.com\\\/es\\\/?s={search_term_string}\"},\"query-input\":{\"@type\":\"PropertyValueSpecification\",\"valueRequired\":true,\"valueName\":\"search_term_string\"}}],\"inLanguage\":\"es\"},{\"@type\":\"Organization\",\"@id\":\"https:\\\/\\\/laserpr.com\\\/es\\\/#organization\",\"name\":\"Laser Products, Inc.\",\"alternateName\":\"Laser Products, Inc.\",\"url\":\"https:\\\/\\\/laserpr.com\\\/es\\\/\",\"logo\":{\"@type\":\"ImageObject\",\"inLanguage\":\"es\",\"@id\":\"https:\\\/\\\/laserpr.com\\\/es\\\/#\\\/schema\\\/logo\\\/image\\\/\",\"url\":\"https:\\\/\\\/laserpr.com\\\/wp-content\\\/uploads\\\/2023\\\/03\\\/laser-products-486x160-1.png\",\"contentUrl\":\"https:\\\/\\\/laserpr.com\\\/wp-content\\\/uploads\\\/2023\\\/03\\\/laser-products-486x160-1.png\",\"width\":486,\"height\":160,\"caption\":\"Laser Products, Inc.\"},\"image\":{\"@id\":\"https:\\\/\\\/laserpr.com\\\/es\\\/#\\\/schema\\\/logo\\\/image\\\/\"},\"sameAs\":[\"https:\\\/\\\/www.facebook.com\\\/IndustriaPuertorriquena\",\"https:\\\/\\\/www.instagram.com\\\/industriapuertorriquena\\\/\",\"https:\\\/\\\/www.linkedin.com\\\/company\\\/laser-products\\\/\"],\"publishingPrinciples\":\"https:\\\/\\\/laserproducts-xgwohz8kzq.live-website.com\\\/business\\\/\",\"ownershipFundingInfo\":\"https:\\\/\\\/laserproducts-xgwohz8kzq.live-website.com\\\/business\\\/\",\"actionableFeedbackPolicy\":\"https:\\\/\\\/laserproducts-xgwohz8kzq.live-website.com\\\/business\\\/\"}]}<\/script>\n<!-- \/ Yoast SEO Premium plugin. -->","yoast_head_json":{"title":"Activa\u00ae Corta Grasa Multiusos con Fragancia de Lim\u00f3n 20 FL oz - Laser Products, Inc.","description":"Activa\u00ae Corta Grasa Multiusos con Fragancia de Lim\u00f3n es un limpiador multiusos con aroma a lim\u00f3n fresco, ideal para eliminar grasa y suciedad en superficies no porosas como topes de cocina, lozas de ba\u00f1o, electrodom\u00e9sticos y cristal. Disponible en botella con atomizador de 20 FL oz.","robots":{"index":"index","follow":"follow","max-snippet":"max-snippet:-1","max-image-preview":"max-image-preview:large","max-video-preview":"max-video-preview:-1"},"canonical":"https:\/\/laserpr.com\/es\/product\/activa-desengrasante-multiusos-con-aroma-a-limon-20-fl-oz\/","og_locale":"es_ES","og_type":"article","og_title":"Activa\u00ae Corta Grasa Multiusos con Fragancia de Lim\u00f3n 20 FL oz","og_description":"Activa\u00ae Corta Grasa Multiusos con Fragancia de Lim\u00f3n es un limpiador multiusos con aroma a lim\u00f3n fresco, ideal para eliminar grasa y suciedad en superficies no porosas como topes de cocina, lozas de ba\u00f1o, electrodom\u00e9sticos y cristal. Disponible en botella con atomizador de 20 FL oz.","og_url":"https:\/\/laserpr.com\/es\/product\/activa-desengrasante-multiusos-con-aroma-a-limon-20-fl-oz\/","og_site_name":"Laser Products, Inc.","article_publisher":"https:\/\/www.facebook.com\/IndustriaPuertorriquena","article_modified_time":"2024-07-10T05:28:19+00:00","og_image":[{"width":1000,"height":1000,"url":"https:\/\/laserproducts-xgwohz8kzq.live-website.com\/wp-content\/uploads\/2023\/07\/activa-multipurpose-grease-cutter-with-lemon-scent-20oz-front-1000x1000-1.jpg","type":"image\/jpeg"}],"twitter_card":"summary_large_image","twitter_misc":{"Tiempo de lectura":"1 minuto"},"schema":{"@context":"https:\/\/schema.org","@graph":[{"@type":"WebPage","@id":"https:\/\/laserpr.com\/es\/product\/activa-desengrasante-multiusos-con-aroma-a-limon-20-fl-oz\/","url":"https:\/\/laserpr.com\/es\/product\/activa-desengrasante-multiusos-con-aroma-a-limon-20-fl-oz\/","name":"Activa\u00ae Corta Grasa Multiusos con Fragancia de Lim\u00f3n 20 FL oz - Laser Products, Inc.","isPartOf":{"@id":"https:\/\/laserpr.com\/es\/#website"},"primaryImageOfPage":{"@id":"https:\/\/laserpr.com\/es\/product\/activa-desengrasante-multiusos-con-aroma-a-limon-20-fl-oz\/#primaryimage"},"image":{"@id":"https:\/\/laserpr.com\/es\/product\/activa-desengrasante-multiusos-con-aroma-a-limon-20-fl-oz\/#primaryimage"},"thumbnailUrl":"https:\/\/laserpr.com\/wp-content\/uploads\/2023\/07\/activa-multipurpose-grease-cutter-with-lemon-scent-20oz-front-1000x1000-1.jpg","datePublished":"2023-07-17T16:23:18+00:00","dateModified":"2024-07-10T05:28:19+00:00","description":"Activa\u00ae Corta Grasa Multiusos con Fragancia de Lim\u00f3n es un limpiador multiusos con aroma a lim\u00f3n fresco, ideal para eliminar grasa y suciedad en superficies no porosas como topes de cocina, lozas de ba\u00f1o, electrodom\u00e9sticos y cristal. Disponible en botella con atomizador de 20 FL oz.","breadcrumb":{"@id":"https:\/\/laserpr.com\/es\/product\/activa-desengrasante-multiusos-con-aroma-a-limon-20-fl-oz\/#breadcrumb"},"inLanguage":"es","potentialAction":[{"@type":"ReadAction","target":["https:\/\/laserpr.com\/es\/product\/activa-desengrasante-multiusos-con-aroma-a-limon-20-fl-oz\/"]}]},{"@type":"ImageObject","inLanguage":"es","@id":"https:\/\/laserpr.com\/es\/product\/activa-desengrasante-multiusos-con-aroma-a-limon-20-fl-oz\/#primaryimage","url":"https:\/\/laserpr.com\/wp-content\/uploads\/2023\/07\/activa-multipurpose-grease-cutter-with-lemon-scent-20oz-front-1000x1000-1.jpg","contentUrl":"https:\/\/laserpr.com\/wp-content\/uploads\/2023\/07\/activa-multipurpose-grease-cutter-with-lemon-scent-20oz-front-1000x1000-1.jpg","width":1000,"height":1000},{"@type":"BreadcrumbList","@id":"https:\/\/laserpr.com\/es\/product\/activa-desengrasante-multiusos-con-aroma-a-limon-20-fl-oz\/#breadcrumb","itemListElement":[{"@type":"ListItem","position":1,"name":"Home","item":"https:\/\/laserpr.com\/es\/"},{"@type":"ListItem","position":2,"name":"Shop","item":"https:\/\/laserproducts-xgwohz8kzq.live-website.com\/shop\/"},{"@type":"ListItem","position":3,"name":"Activa\u00ae Corta Grasa Multiusos con Fragancia de Lim\u00f3n 20 FL oz"}]},{"@type":"WebSite","@id":"https:\/\/laserpr.com\/es\/#website","url":"https:\/\/laserpr.com\/es\/","name":"Laser Products, Inc.","description":"Laser Products, Inc. es una empresa puertorrique&ntilde;a ubicada en Juncos, Puerto Rico. Contamos con m&aacute;s de 30 a&ntilde;os de experiencia en la fabricaci&oacute;n de productos qu&iacute;micos especializados para la limpieza y desinfecci&oacute;n.","publisher":{"@id":"https:\/\/laserpr.com\/es\/#organization"},"alternateName":"Laser Products, Inc.","potentialAction":[{"@type":"SearchAction","target":{"@type":"EntryPoint","urlTemplate":"https:\/\/laserpr.com\/es\/?s={search_term_string}"},"query-input":{"@type":"PropertyValueSpecification","valueRequired":true,"valueName":"search_term_string"}}],"inLanguage":"es"},{"@type":"Organization","@id":"https:\/\/laserpr.com\/es\/#organization","name":"Laser Products, Inc.","alternateName":"Laser Products, Inc.","url":"https:\/\/laserpr.com\/es\/","logo":{"@type":"ImageObject","inLanguage":"es","@id":"https:\/\/laserpr.com\/es\/#\/schema\/logo\/image\/","url":"https:\/\/laserpr.com\/wp-content\/uploads\/2023\/03\/laser-products-486x160-1.png","contentUrl":"https:\/\/laserpr.com\/wp-content\/uploads\/2023\/03\/laser-products-486x160-1.png","width":486,"height":160,"caption":"Laser Products, Inc."},"image":{"@id":"https:\/\/laserpr.com\/es\/#\/schema\/logo\/image\/"},"sameAs":["https:\/\/www.facebook.com\/IndustriaPuertorriquena","https:\/\/www.instagram.com\/industriapuertorriquena\/","https:\/\/www.linkedin.com\/company\/laser-products\/"],"publishingPrinciples":"https:\/\/laserproducts-xgwohz8kzq.live-website.com\/business\/","ownershipFundingInfo":"https:\/\/laserproducts-xgwohz8kzq.live-website.com\/business\/","actionableFeedbackPolicy":"https:\/\/laserproducts-xgwohz8kzq.live-website.com\/business\/"}]}},"_links":{"self":[{"href":"https:\/\/laserpr.com\/es\/wp-json\/wp\/v2\/product\/3472","targetHints":{"allow":["GET"]}}],"collection":[{"href":"https:\/\/laserpr.com\/es\/wp-json\/wp\/v2\/product"}],"about":[{"href":"https:\/\/laserpr.com\/es\/wp-json\/wp\/v2\/types\/product"}],"replies":[{"embeddable":true,"href":"https:\/\/laserpr.com\/es\/wp-json\/wp\/v2\/comments?post=3472"}],"wp:featuredmedia":[{"embeddable":true,"href":"https:\/\/laserpr.com\/es\/wp-json\/wp\/v2\/media\/2993"}],"wp:attachment":[{"href":"https:\/\/laserpr.com\/es\/wp-json\/wp\/v2\/media?parent=3472"}],"wp:term":[{"taxonomy":"product_brand","embeddable":true,"href":"https:\/\/laserpr.com\/es\/wp-json\/wp\/v2\/product_brand?post=3472"},{"taxonomy":"product_cat","embeddable":true,"href":"https:\/\/laserpr.com\/es\/wp-json\/wp\/v2\/product_cat?post=3472"},{"taxonomy":"product_tag","embeddable":true,"href":"https:\/\/laserpr.com\/es\/wp-json\/wp\/v2\/product_tag?post=3472"}],"curies":[{"name":"wp","href":"https:\/\/api.w.org\/{rel}","templated":true}]}}