{"id":3400,"date":"2023-07-17T13:32:56","date_gmt":"2023-07-17T17:32:56","guid":{"rendered":"https:\/\/laserpr.com\/product\/activa-limpiador-multiusos-intensivo-28-fl-oz\/"},"modified":"2026-03-07T14:12:19","modified_gmt":"2026-03-07T18:12:19","slug":"activa-limpiador-multiusos-intensivo-28-fl-oz","status":"publish","type":"product","link":"https:\/\/laserpr.com\/es\/product\/activa-limpiador-multiusos-intensivo-28-fl-oz\/","title":{"rendered":"Activa\u00ae Eliminador de Grasa y Manchas Ultra Fuerte 28 FL oz"},"content":{"rendered":"<p>Activa\u00ae Eliminador De Grasa Y Manchas Ultra Fuerte es un producto especialmente formulado para la limpieza profunda de tu hogar. Su f\u00f3rmula \u00fanica contiene ingredientes que eliminan f\u00e1cilmente la grasa y las manchas dif\u00edciles, dejando tu hogar impecable.<\/p>\n<p>Eliminador de Grasa. Multiusos. Sucio Dif\u00edcil. Removedor de Manchas. Disponible en 28 FL oz y 128 FL oz.<\/p>\n<p><strong>INSTRUCCIONES DE USO<\/strong><\/p>\n<p><strong>Para uso diluido:<\/strong> Usa 1\/4 de taza por gal\u00f3n de agua. El uso diluido normalmente no requiere enjuague y no deja residuos. No se recomienda su uso en pisos sin acabado, sin sellar, sin pintar, encerados, aceitados o desgastados. Prueba en una peque\u00f1a \u00e1rea primero.<\/p>\n<p><strong>Para limpiezas dif\u00edciles:<\/strong> Usa sin diluir y enjuaga inmediatamente. No se recomienda usarlo sin diluir en cobre o aluminio. Para superficies pintadas, prueba en una peque\u00f1a \u00e1rea primero. Usa Activa\u00ae Eliminador De Grasa Y Manchas Ultra Fuerte puro para eliminar manchas dif\u00edciles de: aceite, goma de mascar, grasa, pintura, cera, marcas de l\u00e1piz o crayola, asfalto, marcas de zapatos, sudor, l\u00e1piz labial, asfalto, holl\u00edn o humo.<\/p>\n<p><strong>ROPA:<\/strong><\/p>\n<p>El producto ayuda a eliminar la suciedad y las manchas de la ropa. A\u00f1ade 1\/2 taza del producto a cada tanda junto con tu detergente. Para manchas dif\u00edciles, frota con Activa\u00ae Eliminador De Grasa Y Manchas Ultra Fuerte puro antes de lavar.<\/p>\n","protected":false},"excerpt":{"rendered":"<p>Activa\u00ae Eliminador De Grasa Y Manchas Ultra Fuerte es un producto especialmente formulado para la limpieza profunda de tu hogar. Su f\u00f3rmula \u00fanica contiene ingredientes que eliminan f\u00e1cilmente la grasa y las manchas dif\u00edciles, dejando tu hogar impecable.<\/p>\n<p>Eliminador de Grasa. Multiusos. Sucio Dif\u00edcil. Removedor de Manchas. Disponible en 28 FL oz y 128 FL oz.<\/p>\n","protected":false},"featured_media":2973,"comment_status":"open","ping_status":"closed","template":"","meta":[],"product_brand":[],"product_cat":[210,212,211,209],"product_tag":[218,214,216,217],"class_list":{"0":"post-3400","1":"product","2":"type-product","3":"status-publish","4":"has-post-thumbnail","6":"product_cat-cuarto-de-bano","7":"product_cat-cocina","8":"product_cat-pisos","9":"product_cat-todos-los-productos-de-limpieza","10":"product_tag-activa-es","11":"product_tag-industria-puertorriquena-es","12":"product_tag-laser-products-es","13":"product_tag-productos-de-limpieza","15":"first","16":"instock","17":"virtual","18":"product-type-simple"},"yoast_head":"<!-- This site is optimized with the Yoast SEO Premium plugin v24.5 (Yoast SEO v27.4) - https:\/\/yoast.com\/product\/yoast-seo-premium-wordpress\/ -->\n<title>Activa\u00ae Eliminador de Grasa y Manchas Ultra Fuerte 28 FL oz - Laser Products, Inc.<\/title>\n<meta name=\"description\" content=\"Activa\u00ae Eliminador De Grasa Y Manchas Ultra Fuerte es un producto especialmente formulado para la limpieza profunda de tu hogar. Su f\u00f3rmula \u00fanica contiene ingredientes que eliminan f\u00e1cilmente la grasa y las manchas dif\u00edciles, dejando tu hogar impecable.Eliminador de Grasa. Multiusos. Sucio Dif\u00edcil. Removedor de Manchas. Disponible en 28 FL oz y 128 FL oz.\" \/>\n<meta name=\"robots\" content=\"index, follow, max-snippet:-1, max-image-preview:large, max-video-preview:-1\" \/>\n<link rel=\"canonical\" href=\"https:\/\/laserpr.com\/es\/product\/activa-limpiador-multiusos-intensivo-28-fl-oz\/\" \/>\n<meta property=\"og:locale\" content=\"es_ES\" \/>\n<meta property=\"og:type\" content=\"article\" \/>\n<meta property=\"og:title\" content=\"Activa\u00ae Eliminador de Grasa y Manchas Ultra Fuerte 28 FL oz\" \/>\n<meta property=\"og:description\" content=\"Activa\u00ae Eliminador De Grasa Y Manchas Ultra Fuerte es un producto especialmente formulado para la limpieza profunda de tu hogar. Su f\u00f3rmula \u00fanica contiene ingredientes que eliminan f\u00e1cilmente la grasa y las manchas dif\u00edciles, dejando tu hogar impecable.Eliminador de Grasa. Multiusos. Sucio Dif\u00edcil. Removedor de Manchas. Disponible en 28 FL oz y 128 FL oz.\" \/>\n<meta property=\"og:url\" content=\"https:\/\/laserpr.com\/es\/product\/activa-limpiador-multiusos-intensivo-28-fl-oz\/\" \/>\n<meta property=\"og:site_name\" content=\"Laser Products, Inc.\" \/>\n<meta property=\"article:publisher\" content=\"https:\/\/www.facebook.com\/IndustriaPuertorriquena\" \/>\n<meta property=\"article:modified_time\" content=\"2026-03-07T18:12:19+00:00\" \/>\n<meta property=\"og:image\" content=\"https:\/\/laserproducts-xgwohz8kzq.live-website.com\/wp-content\/uploads\/2023\/07\/activa-heavy-duty-multipurpose-cleaner-28oz-front-1000x1000-1.jpg\" \/>\n\t<meta property=\"og:image:width\" content=\"1000\" \/>\n\t<meta property=\"og:image:height\" content=\"1000\" \/>\n\t<meta property=\"og:image:type\" content=\"image\/jpeg\" \/>\n<meta name=\"twitter:card\" content=\"summary_large_image\" \/>\n<meta name=\"twitter:label1\" content=\"Tiempo de lectura\" \/>\n\t<meta name=\"twitter:data1\" content=\"2 minutos\" \/>\n<script type=\"application\/ld+json\" class=\"yoast-schema-graph\">{\"@context\":\"https:\\\/\\\/schema.org\",\"@graph\":[{\"@type\":\"WebPage\",\"@id\":\"https:\\\/\\\/laserpr.com\\\/es\\\/product\\\/activa-limpiador-multiusos-intensivo-28-fl-oz\\\/\",\"url\":\"https:\\\/\\\/laserpr.com\\\/es\\\/product\\\/activa-limpiador-multiusos-intensivo-28-fl-oz\\\/\",\"name\":\"Activa\u00ae Eliminador de Grasa y Manchas Ultra Fuerte 28 FL oz - Laser Products, Inc.\",\"isPartOf\":{\"@id\":\"https:\\\/\\\/laserpr.com\\\/es\\\/#website\"},\"primaryImageOfPage\":{\"@id\":\"https:\\\/\\\/laserpr.com\\\/es\\\/product\\\/activa-limpiador-multiusos-intensivo-28-fl-oz\\\/#primaryimage\"},\"image\":{\"@id\":\"https:\\\/\\\/laserpr.com\\\/es\\\/product\\\/activa-limpiador-multiusos-intensivo-28-fl-oz\\\/#primaryimage\"},\"thumbnailUrl\":\"https:\\\/\\\/laserpr.com\\\/wp-content\\\/uploads\\\/2023\\\/07\\\/activa-heavy-duty-multipurpose-cleaner-28oz-front-1000x1000-1.jpg\",\"datePublished\":\"2023-07-17T17:32:56+00:00\",\"dateModified\":\"2026-03-07T18:12:19+00:00\",\"description\":\"Activa\u00ae Eliminador De Grasa Y Manchas Ultra Fuerte es un producto especialmente formulado para la limpieza profunda de tu hogar. Su f\u00f3rmula \u00fanica contiene ingredientes que eliminan f\u00e1cilmente la grasa y las manchas dif\u00edciles, dejando tu hogar impecable.Eliminador de Grasa. Multiusos. Sucio Dif\u00edcil. Removedor de Manchas. Disponible en 28 FL oz y 128 FL oz.\",\"breadcrumb\":{\"@id\":\"https:\\\/\\\/laserpr.com\\\/es\\\/product\\\/activa-limpiador-multiusos-intensivo-28-fl-oz\\\/#breadcrumb\"},\"inLanguage\":\"es\",\"potentialAction\":[{\"@type\":\"ReadAction\",\"target\":[\"https:\\\/\\\/laserpr.com\\\/es\\\/product\\\/activa-limpiador-multiusos-intensivo-28-fl-oz\\\/\"]}]},{\"@type\":\"ImageObject\",\"inLanguage\":\"es\",\"@id\":\"https:\\\/\\\/laserpr.com\\\/es\\\/product\\\/activa-limpiador-multiusos-intensivo-28-fl-oz\\\/#primaryimage\",\"url\":\"https:\\\/\\\/laserpr.com\\\/wp-content\\\/uploads\\\/2023\\\/07\\\/activa-heavy-duty-multipurpose-cleaner-28oz-front-1000x1000-1.jpg\",\"contentUrl\":\"https:\\\/\\\/laserpr.com\\\/wp-content\\\/uploads\\\/2023\\\/07\\\/activa-heavy-duty-multipurpose-cleaner-28oz-front-1000x1000-1.jpg\",\"width\":1000,\"height\":1000},{\"@type\":\"BreadcrumbList\",\"@id\":\"https:\\\/\\\/laserpr.com\\\/es\\\/product\\\/activa-limpiador-multiusos-intensivo-28-fl-oz\\\/#breadcrumb\",\"itemListElement\":[{\"@type\":\"ListItem\",\"position\":1,\"name\":\"Home\",\"item\":\"https:\\\/\\\/laserpr.com\\\/es\\\/\"},{\"@type\":\"ListItem\",\"position\":2,\"name\":\"Shop\",\"item\":\"https:\\\/\\\/laserproducts-xgwohz8kzq.live-website.com\\\/shop\\\/\"},{\"@type\":\"ListItem\",\"position\":3,\"name\":\"Activa\u00ae Eliminador de Grasa y Manchas Ultra Fuerte 28 FL oz\"}]},{\"@type\":\"WebSite\",\"@id\":\"https:\\\/\\\/laserpr.com\\\/es\\\/#website\",\"url\":\"https:\\\/\\\/laserpr.com\\\/es\\\/\",\"name\":\"Laser Products, Inc.\",\"description\":\"Laser Products, Inc. es una empresa puertorrique&ntilde;a ubicada en Juncos, Puerto Rico. Contamos con m&aacute;s de 30 a&ntilde;os de experiencia en la fabricaci&oacute;n de productos qu&iacute;micos especializados para la limpieza y desinfecci&oacute;n.\",\"publisher\":{\"@id\":\"https:\\\/\\\/laserpr.com\\\/es\\\/#organization\"},\"alternateName\":\"Laser Products, Inc.\",\"potentialAction\":[{\"@type\":\"SearchAction\",\"target\":{\"@type\":\"EntryPoint\",\"urlTemplate\":\"https:\\\/\\\/laserpr.com\\\/es\\\/?s={search_term_string}\"},\"query-input\":{\"@type\":\"PropertyValueSpecification\",\"valueRequired\":true,\"valueName\":\"search_term_string\"}}],\"inLanguage\":\"es\"},{\"@type\":\"Organization\",\"@id\":\"https:\\\/\\\/laserpr.com\\\/es\\\/#organization\",\"name\":\"Laser Products, Inc.\",\"alternateName\":\"Laser Products, Inc.\",\"url\":\"https:\\\/\\\/laserpr.com\\\/es\\\/\",\"logo\":{\"@type\":\"ImageObject\",\"inLanguage\":\"es\",\"@id\":\"https:\\\/\\\/laserpr.com\\\/es\\\/#\\\/schema\\\/logo\\\/image\\\/\",\"url\":\"https:\\\/\\\/laserpr.com\\\/wp-content\\\/uploads\\\/2023\\\/03\\\/laser-products-486x160-1.png\",\"contentUrl\":\"https:\\\/\\\/laserpr.com\\\/wp-content\\\/uploads\\\/2023\\\/03\\\/laser-products-486x160-1.png\",\"width\":486,\"height\":160,\"caption\":\"Laser Products, Inc.\"},\"image\":{\"@id\":\"https:\\\/\\\/laserpr.com\\\/es\\\/#\\\/schema\\\/logo\\\/image\\\/\"},\"sameAs\":[\"https:\\\/\\\/www.facebook.com\\\/IndustriaPuertorriquena\",\"https:\\\/\\\/www.instagram.com\\\/industriapuertorriquena\\\/\",\"https:\\\/\\\/www.linkedin.com\\\/company\\\/laser-products\\\/\"],\"publishingPrinciples\":\"https:\\\/\\\/laserproducts-xgwohz8kzq.live-website.com\\\/business\\\/\",\"ownershipFundingInfo\":\"https:\\\/\\\/laserproducts-xgwohz8kzq.live-website.com\\\/business\\\/\",\"actionableFeedbackPolicy\":\"https:\\\/\\\/laserproducts-xgwohz8kzq.live-website.com\\\/business\\\/\"}]}<\/script>\n<!-- \/ Yoast SEO Premium plugin. -->","yoast_head_json":{"title":"Activa\u00ae Eliminador de Grasa y Manchas Ultra Fuerte 28 FL oz - Laser Products, Inc.","description":"Activa\u00ae Eliminador De Grasa Y Manchas Ultra Fuerte es un producto especialmente formulado para la limpieza profunda de tu hogar. Su f\u00f3rmula \u00fanica contiene ingredientes que eliminan f\u00e1cilmente la grasa y las manchas dif\u00edciles, dejando tu hogar impecable.Eliminador de Grasa. Multiusos. Sucio Dif\u00edcil. Removedor de Manchas. Disponible en 28 FL oz y 128 FL oz.","robots":{"index":"index","follow":"follow","max-snippet":"max-snippet:-1","max-image-preview":"max-image-preview:large","max-video-preview":"max-video-preview:-1"},"canonical":"https:\/\/laserpr.com\/es\/product\/activa-limpiador-multiusos-intensivo-28-fl-oz\/","og_locale":"es_ES","og_type":"article","og_title":"Activa\u00ae Eliminador de Grasa y Manchas Ultra Fuerte 28 FL oz","og_description":"Activa\u00ae Eliminador De Grasa Y Manchas Ultra Fuerte es un producto especialmente formulado para la limpieza profunda de tu hogar. Su f\u00f3rmula \u00fanica contiene ingredientes que eliminan f\u00e1cilmente la grasa y las manchas dif\u00edciles, dejando tu hogar impecable.Eliminador de Grasa. Multiusos. Sucio Dif\u00edcil. Removedor de Manchas. Disponible en 28 FL oz y 128 FL oz.","og_url":"https:\/\/laserpr.com\/es\/product\/activa-limpiador-multiusos-intensivo-28-fl-oz\/","og_site_name":"Laser Products, Inc.","article_publisher":"https:\/\/www.facebook.com\/IndustriaPuertorriquena","article_modified_time":"2026-03-07T18:12:19+00:00","og_image":[{"width":1000,"height":1000,"url":"https:\/\/laserproducts-xgwohz8kzq.live-website.com\/wp-content\/uploads\/2023\/07\/activa-heavy-duty-multipurpose-cleaner-28oz-front-1000x1000-1.jpg","type":"image\/jpeg"}],"twitter_card":"summary_large_image","twitter_misc":{"Tiempo de lectura":"2 minutos"},"schema":{"@context":"https:\/\/schema.org","@graph":[{"@type":"WebPage","@id":"https:\/\/laserpr.com\/es\/product\/activa-limpiador-multiusos-intensivo-28-fl-oz\/","url":"https:\/\/laserpr.com\/es\/product\/activa-limpiador-multiusos-intensivo-28-fl-oz\/","name":"Activa\u00ae Eliminador de Grasa y Manchas Ultra Fuerte 28 FL oz - Laser Products, Inc.","isPartOf":{"@id":"https:\/\/laserpr.com\/es\/#website"},"primaryImageOfPage":{"@id":"https:\/\/laserpr.com\/es\/product\/activa-limpiador-multiusos-intensivo-28-fl-oz\/#primaryimage"},"image":{"@id":"https:\/\/laserpr.com\/es\/product\/activa-limpiador-multiusos-intensivo-28-fl-oz\/#primaryimage"},"thumbnailUrl":"https:\/\/laserpr.com\/wp-content\/uploads\/2023\/07\/activa-heavy-duty-multipurpose-cleaner-28oz-front-1000x1000-1.jpg","datePublished":"2023-07-17T17:32:56+00:00","dateModified":"2026-03-07T18:12:19+00:00","description":"Activa\u00ae Eliminador De Grasa Y Manchas Ultra Fuerte es un producto especialmente formulado para la limpieza profunda de tu hogar. Su f\u00f3rmula \u00fanica contiene ingredientes que eliminan f\u00e1cilmente la grasa y las manchas dif\u00edciles, dejando tu hogar impecable.Eliminador de Grasa. Multiusos. Sucio Dif\u00edcil. Removedor de Manchas. Disponible en 28 FL oz y 128 FL oz.","breadcrumb":{"@id":"https:\/\/laserpr.com\/es\/product\/activa-limpiador-multiusos-intensivo-28-fl-oz\/#breadcrumb"},"inLanguage":"es","potentialAction":[{"@type":"ReadAction","target":["https:\/\/laserpr.com\/es\/product\/activa-limpiador-multiusos-intensivo-28-fl-oz\/"]}]},{"@type":"ImageObject","inLanguage":"es","@id":"https:\/\/laserpr.com\/es\/product\/activa-limpiador-multiusos-intensivo-28-fl-oz\/#primaryimage","url":"https:\/\/laserpr.com\/wp-content\/uploads\/2023\/07\/activa-heavy-duty-multipurpose-cleaner-28oz-front-1000x1000-1.jpg","contentUrl":"https:\/\/laserpr.com\/wp-content\/uploads\/2023\/07\/activa-heavy-duty-multipurpose-cleaner-28oz-front-1000x1000-1.jpg","width":1000,"height":1000},{"@type":"BreadcrumbList","@id":"https:\/\/laserpr.com\/es\/product\/activa-limpiador-multiusos-intensivo-28-fl-oz\/#breadcrumb","itemListElement":[{"@type":"ListItem","position":1,"name":"Home","item":"https:\/\/laserpr.com\/es\/"},{"@type":"ListItem","position":2,"name":"Shop","item":"https:\/\/laserproducts-xgwohz8kzq.live-website.com\/shop\/"},{"@type":"ListItem","position":3,"name":"Activa\u00ae Eliminador de Grasa y Manchas Ultra Fuerte 28 FL oz"}]},{"@type":"WebSite","@id":"https:\/\/laserpr.com\/es\/#website","url":"https:\/\/laserpr.com\/es\/","name":"Laser Products, Inc.","description":"Laser Products, Inc. es una empresa puertorrique&ntilde;a ubicada en Juncos, Puerto Rico. Contamos con m&aacute;s de 30 a&ntilde;os de experiencia en la fabricaci&oacute;n de productos qu&iacute;micos especializados para la limpieza y desinfecci&oacute;n.","publisher":{"@id":"https:\/\/laserpr.com\/es\/#organization"},"alternateName":"Laser Products, Inc.","potentialAction":[{"@type":"SearchAction","target":{"@type":"EntryPoint","urlTemplate":"https:\/\/laserpr.com\/es\/?s={search_term_string}"},"query-input":{"@type":"PropertyValueSpecification","valueRequired":true,"valueName":"search_term_string"}}],"inLanguage":"es"},{"@type":"Organization","@id":"https:\/\/laserpr.com\/es\/#organization","name":"Laser Products, Inc.","alternateName":"Laser Products, Inc.","url":"https:\/\/laserpr.com\/es\/","logo":{"@type":"ImageObject","inLanguage":"es","@id":"https:\/\/laserpr.com\/es\/#\/schema\/logo\/image\/","url":"https:\/\/laserpr.com\/wp-content\/uploads\/2023\/03\/laser-products-486x160-1.png","contentUrl":"https:\/\/laserpr.com\/wp-content\/uploads\/2023\/03\/laser-products-486x160-1.png","width":486,"height":160,"caption":"Laser Products, Inc."},"image":{"@id":"https:\/\/laserpr.com\/es\/#\/schema\/logo\/image\/"},"sameAs":["https:\/\/www.facebook.com\/IndustriaPuertorriquena","https:\/\/www.instagram.com\/industriapuertorriquena\/","https:\/\/www.linkedin.com\/company\/laser-products\/"],"publishingPrinciples":"https:\/\/laserproducts-xgwohz8kzq.live-website.com\/business\/","ownershipFundingInfo":"https:\/\/laserproducts-xgwohz8kzq.live-website.com\/business\/","actionableFeedbackPolicy":"https:\/\/laserproducts-xgwohz8kzq.live-website.com\/business\/"}]}},"_links":{"self":[{"href":"https:\/\/laserpr.com\/es\/wp-json\/wp\/v2\/product\/3400","targetHints":{"allow":["GET"]}}],"collection":[{"href":"https:\/\/laserpr.com\/es\/wp-json\/wp\/v2\/product"}],"about":[{"href":"https:\/\/laserpr.com\/es\/wp-json\/wp\/v2\/types\/product"}],"replies":[{"embeddable":true,"href":"https:\/\/laserpr.com\/es\/wp-json\/wp\/v2\/comments?post=3400"}],"wp:featuredmedia":[{"embeddable":true,"href":"https:\/\/laserpr.com\/es\/wp-json\/wp\/v2\/media\/2973"}],"wp:attachment":[{"href":"https:\/\/laserpr.com\/es\/wp-json\/wp\/v2\/media?parent=3400"}],"wp:term":[{"taxonomy":"product_brand","embeddable":true,"href":"https:\/\/laserpr.com\/es\/wp-json\/wp\/v2\/product_brand?post=3400"},{"taxonomy":"product_cat","embeddable":true,"href":"https:\/\/laserpr.com\/es\/wp-json\/wp\/v2\/product_cat?post=3400"},{"taxonomy":"product_tag","embeddable":true,"href":"https:\/\/laserpr.com\/es\/wp-json\/wp\/v2\/product_tag?post=3400"}],"curies":[{"name":"wp","href":"https:\/\/api.w.org\/{rel}","templated":true}]}}