{"id":4372,"date":"2024-08-28T03:16:28","date_gmt":"2024-08-28T07:16:28","guid":{"rendered":"https:\/\/laserpr.com\/?page_id=4372"},"modified":"2024-08-28T03:16:28","modified_gmt":"2024-08-28T07:16:28","slug":"master-mechanic-limpiador-multiusos","status":"publish","type":"page","link":"https:\/\/laserpr.com\/es\/industrial\/productos-industriales-para-limpieza-general\/master-mechanic-limpiador-multiusos\/","title":{"rendered":"Master Mechanic\u00ae Limpiador Multiusos"},"content":{"rendered":"<div class=\"fusion-fullwidth fullwidth-box fusion-builder-row-1 fusion-flex-container nonhundred-percent-fullwidth non-hundred-percent-height-scrolling\" style=\"--awb-border-radius-top-left:0px;--awb-border-radius-top-right:0px;--awb-border-radius-bottom-right:0px;--awb-border-radius-bottom-left:0px;--awb-padding-right:0px;--awb-padding-left:0px;--awb-flex-wrap:wrap;\" ><div class=\"fusion-builder-row fusion-row fusion-flex-align-items-flex-start fusion-flex-content-wrap\" style=\"max-width:1185.6px;margin-left: calc(-4% \/ 2 );margin-right: calc(-4% \/ 2 );\"><div class=\"fusion-layout-column fusion_builder_column fusion-builder-column-0 fusion_builder_column_1_1 1_1 fusion-flex-column fusion-animated\" style=\"--awb-padding-top:40px;--awb-padding-right:40px;--awb-padding-bottom:40px;--awb-padding-left:40px;--awb-overflow:hidden;--awb-bg-color:var(--awb-color4);--awb-bg-color-hover:var(--awb-color4);--awb-bg-position:left center;--awb-bg-size:cover;--awb-border-radius:8px 8px 8px 8px;--awb-width-large:100%;--awb-margin-top-large:0px;--awb-spacing-right-large:1.92%;--awb-margin-bottom-large:30px;--awb-spacing-left-large:1.92%;--awb-width-medium:100%;--awb-spacing-right-medium:1.92%;--awb-spacing-left-medium:1.92%;--awb-width-small:100%;--awb-spacing-right-small:1.92%;--awb-spacing-left-small:1.92%;\" data-animationType=\"fadeInUp\" data-animationDuration=\"1.0\" data-animationOffset=\"top-into-view\"><div class=\"fusion-column-wrapper fusion-column-has-shadow fusion-flex-justify-content-center fusion-content-layout-column\"><div class=\"fusion-builder-row fusion-builder-row-inner fusion-row fusion-flex-align-items-flex-start fusion-flex-content-wrap\" style=\"width:104% !important;max-width:104% !important;margin-left: calc(-4% \/ 2 );margin-right: calc(-4% \/ 2 );\"><div class=\"fusion-layout-column fusion_builder_column_inner fusion-builder-nested-column-0 fusion_builder_column_inner_1_2 1_2 fusion-flex-column fusion-no-small-visibility fusion-no-medium-visibility\" style=\"--awb-bg-size:cover;--awb-width-large:50%;--awb-margin-top-large:0px;--awb-spacing-right-large:3.84%;--awb-margin-bottom-large:0px;--awb-spacing-left-large:3.84%;--awb-width-medium:100%;--awb-spacing-right-medium:1.92%;--awb-spacing-left-medium:1.92%;--awb-width-small:100%;--awb-spacing-right-small:1.92%;--awb-spacing-left-small:1.92%;\"><div class=\"fusion-column-wrapper fusion-column-has-shadow fusion-flex-justify-content-center fusion-content-layout-column\"><div class=\"fusion-title title fusion-title-1 fusion-sep-none fusion-title-text fusion-title-size-two\" style=\"--awb-text-color:var(--awb-color1);--awb-margin-top:0px;--awb-margin-bottom:0px;--awb-margin-top-small:0px;--awb-margin-bottom-small:0px;--awb-font-size:2.2em;\"><h2 class=\"fusion-title-heading title-heading-left fusion-responsive-typography-calculated\" style=\"margin:0;font-size:1em;text-transform:capitalize;--fontSize:35.2;line-height:1.2;\">\u00bfPreguntas?<\/h2><\/div><\/div><\/div><div class=\"fusion-layout-column fusion_builder_column_inner fusion-builder-nested-column-1 fusion_builder_column_inner_1_2 1_2 fusion-flex-column fusion-no-small-visibility fusion-no-medium-visibility\" style=\"--awb-bg-size:cover;--awb-width-large:50%;--awb-margin-top-large:0px;--awb-spacing-right-large:3.84%;--awb-margin-bottom-large:0px;--awb-spacing-left-large:3.84%;--awb-width-medium:100%;--awb-spacing-right-medium:1.92%;--awb-spacing-left-medium:1.92%;--awb-width-small:100%;--awb-spacing-right-small:1.92%;--awb-spacing-left-small:1.92%;\"><div class=\"fusion-column-wrapper fusion-column-has-shadow fusion-flex-justify-content-center fusion-content-layout-column\"><div style=\"text-align:right;\"><a class=\"fusion-button button-flat fusion-button-default-size button-custom fusion-button-default button-1 fusion-button-default-span fusion-button-default-type\" style=\"--button_accent_color:var(--awb-color5);--button_border_color:var(--awb-color5);--button_accent_hover_color:var(--awb-color1);--button_border_hover_color:var(--awb-color1);--button_gradient_top_color:var(--awb-color1);--button_gradient_bottom_color:var(--awb-color1);--button_gradient_top_color_hover:var(--awb-color5);--button_gradient_bottom_color_hover:var(--awb-color5);\" target=\"_self\"><span class=\"fusion-button-text\">info@laserpr.com<\/span><\/a><\/div><\/div><\/div><\/div><div class=\"fusion-builder-row fusion-builder-row-inner fusion-row fusion-flex-align-items-flex-start fusion-flex-content-wrap\" style=\"width:104% !important;max-width:104% !important;margin-left: calc(-4% \/ 2 );margin-right: calc(-4% \/ 2 );\"><div class=\"fusion-layout-column fusion_builder_column_inner fusion-builder-nested-column-2 fusion_builder_column_inner_1_2 1_2 fusion-flex-column fusion-no-large-visibility\" style=\"--awb-bg-size:cover;--awb-width-large:50%;--awb-margin-top-large:0px;--awb-spacing-right-large:3.84%;--awb-margin-bottom-large:0px;--awb-spacing-left-large:3.84%;--awb-width-medium:100%;--awb-spacing-right-medium:1.92%;--awb-spacing-left-medium:1.92%;--awb-width-small:100%;--awb-spacing-right-small:1.92%;--awb-spacing-left-small:1.92%;\"><div class=\"fusion-column-wrapper fusion-column-has-shadow fusion-flex-justify-content-center fusion-content-layout-column\"><div class=\"fusion-title title fusion-title-2 fusion-sep-none fusion-title-center fusion-title-text fusion-title-size-two\" style=\"--awb-text-color:var(--awb-color1);--awb-margin-top:0px;--awb-margin-bottom:0px;--awb-margin-top-small:0px;--awb-margin-bottom-small:30px;--awb-margin-bottom-medium:20px;--awb-font-size:2.2em;\"><h2 class=\"fusion-title-heading title-heading-center fusion-responsive-typography-calculated\" style=\"margin:0;font-size:1em;text-transform:capitalize;--fontSize:35.2;line-height:1.2;\">Llamada 24 horas<\/h2><\/div><\/div><\/div><div class=\"fusion-layout-column fusion_builder_column_inner fusion-builder-nested-column-3 fusion_builder_column_inner_1_2 1_2 fusion-flex-column fusion-no-large-visibility\" style=\"--awb-bg-size:cover;--awb-width-large:50%;--awb-margin-top-large:0px;--awb-spacing-right-large:3.84%;--awb-margin-bottom-large:0px;--awb-spacing-left-large:3.84%;--awb-width-medium:100%;--awb-spacing-right-medium:1.92%;--awb-spacing-left-medium:1.92%;--awb-width-small:100%;--awb-spacing-right-small:1.92%;--awb-spacing-left-small:1.92%;\"><div class=\"fusion-column-wrapper fusion-column-has-shadow fusion-flex-justify-content-center fusion-content-layout-column\"><div style=\"text-align:center;\"><a class=\"fusion-button button-flat fusion-button-default-size button-custom fusion-button-default button-2 fusion-button-default-span fusion-button-default-type\" style=\"--button_accent_color:var(--awb-color5);--button_border_color:var(--awb-color5);--button_accent_hover_color:var(--awb-color1);--button_border_hover_color:var(--awb-color1);--button_gradient_top_color:var(--awb-color1);--button_gradient_bottom_color:var(--awb-color1);--button_gradient_top_color_hover:var(--awb-color5);--button_gradient_bottom_color_hover:var(--awb-color5);\" target=\"_self\" title=\"Explore todos nuestros servicios\" aria-label=\"Explore todos nuestros servicios\"><span class=\"fusion-button-text\">LLAME AHORA: 1-800-123-456<\/span><\/a><\/div><\/div><\/div><\/div><\/div><\/div><div class=\"fusion-layout-column fusion_builder_column fusion-builder-column-1 fusion_builder_column_1_1 1_1 fusion-flex-column fusion-animated\" style=\"--awb-bg-size:cover;--awb-width-large:100%;--awb-margin-top-large:0px;--awb-spacing-right-large:1.92%;--awb-margin-bottom-large:20px;--awb-spacing-left-large:1.92%;--awb-width-medium:100%;--awb-spacing-right-medium:1.92%;--awb-spacing-left-medium:1.92%;--awb-width-small:100%;--awb-spacing-right-small:1.92%;--awb-spacing-left-small:1.92%;\" data-animationType=\"fadeInUp\" data-animationDuration=\"1.0\" data-animationOffset=\"top-into-view\"><div class=\"fusion-column-wrapper fusion-column-has-shadow fusion-flex-justify-content-flex-start fusion-content-layout-column\"><div class=\"fusion-image-element \" style=\"text-align:center;--awb-caption-title-font-family:var(--h2_typography-font-family);--awb-caption-title-font-weight:var(--h2_typography-font-weight);--awb-caption-title-font-style:var(--h2_typography-font-style);--awb-caption-title-size:var(--h2_typography-font-size);--awb-caption-title-transform:var(--h2_typography-text-transform);--awb-caption-title-line-height:var(--h2_typography-line-height);--awb-caption-title-letter-spacing:var(--h2_typography-letter-spacing);\"><span class=\" fusion-imageframe imageframe-none imageframe-1 hover-type-none\" style=\"border-radius:8px;\"><img decoding=\"async\" width=\"300\" height=\"300\" title=\"Foto Industrial\" src=\"https:\/\/laserpr.com\/wp-content\/uploads\/2024\/08\/Foto-Industrial-.png\" data-orig-src=\"https:\/\/laserpr.com\/wp-content\/uploads\/2024\/08\/Foto-Industrial--300x300.png\" alt class=\"lazyload img-responsive wp-image-4332\" srcset=\"data:image\/svg+xml,%3Csvg%20xmlns%3D%27http%3A%2F%2Fwww.w3.org%2F2000%2Fsvg%27%20width%3D%274167%27%20height%3D%274167%27%20viewBox%3D%270%200%204167%204167%27%3E%3Crect%20width%3D%274167%27%20height%3D%274167%27%20fill-opacity%3D%220%22%2F%3E%3C%2Fsvg%3E\" data-srcset=\"https:\/\/laserpr.com\/wp-content\/uploads\/2024\/08\/Foto-Industrial--200x200.png 200w, https:\/\/laserpr.com\/wp-content\/uploads\/2024\/08\/Foto-Industrial--400x400.png 400w, https:\/\/laserpr.com\/wp-content\/uploads\/2024\/08\/Foto-Industrial--600x600.png 600w, https:\/\/laserpr.com\/wp-content\/uploads\/2024\/08\/Foto-Industrial--800x800.png 800w, https:\/\/laserpr.com\/wp-content\/uploads\/2024\/08\/Foto-Industrial--1200x1200.png 1200w\" data-sizes=\"auto\" data-orig-sizes=\"(max-width: 1024px) 100vw, (max-width: 640px) 100vw, 1200px\" \/><\/span><\/div><div class=\"fusion-title title fusion-title-3 fusion-sep-none fusion-title-text fusion-title-size-three\" style=\"--awb-margin-top:40px;--awb-margin-bottom:30px;--awb-margin-top-small:40px;--awb-margin-bottom-small:30px;\"><h3 class=\"fusion-title-heading title-heading-left fusion-responsive-typography-calculated\" style=\"margin:0;text-transform:capitalize;--fontSize:28;line-height:1.2;\">Master Mechanic\u00ae Limpiador Multiusos<\/h3><\/div><div class=\"fusion-text fusion-text-1\"><p>Master Mechanic\u00ae Limpiador Multiusos es una potente soluci\u00f3n para los retos m\u00e1s dif\u00edciles de limpieza. Este limpiador concentrado est\u00e1 dise\u00f1ado para eliminar suciedades persistentes como derrames de aceite, incrustaciones de carb\u00f3n y residuos de cera.<\/p>\n<\/div><\/div><\/div><\/div><\/div>\n","protected":false},"excerpt":{"rendered":"","protected":false},"author":3,"featured_media":2964,"parent":3331,"menu_order":0,"comment_status":"closed","ping_status":"closed","template":"100-width.php","meta":{"footnotes":""},"class_list":["post-4372","page","type-page","status-publish","has-post-thumbnail","hentry"],"yoast_head":"<!-- This site is optimized with the Yoast SEO Premium plugin v24.5 (Yoast SEO v27.3) - https:\/\/yoast.com\/product\/yoast-seo-premium-wordpress\/ -->\n<title>Laser Products, Inc.<\/title>\n<meta name=\"description\" content=\"Laser Products, Inc. es una empresa puertorrique\u00f1a ubicada en Juncos, Puerto Rico. Contamos con m\u00e1s de 30 a\u00f1os de experiencia en la fabricaci\u00f3n de productos qu\u00edmicos especializados para la limpieza y desinfecci\u00f3n.\" \/>\n<meta name=\"robots\" content=\"index, follow, max-snippet:-1, max-image-preview:large, max-video-preview:-1\" \/>\n<link rel=\"canonical\" href=\"https:\/\/laserpr.com\/es\/industrial\/productos-industriales-para-limpieza-general\/master-mechanic-limpiador-multiusos\/\" \/>\n<meta property=\"og:locale\" content=\"es_ES\" \/>\n<meta property=\"og:type\" content=\"article\" \/>\n<meta property=\"og:title\" content=\"Master Mechanic\u00ae Limpiador Multiusos\" \/>\n<meta property=\"og:description\" content=\"Laser Products, Inc. es una empresa puertorrique\u00f1a ubicada en Juncos, Puerto Rico. Contamos con m\u00e1s de 30 a\u00f1os de experiencia en la fabricaci\u00f3n de productos qu\u00edmicos especializados para la limpieza y desinfecci\u00f3n.\" \/>\n<meta property=\"og:url\" content=\"https:\/\/laserpr.com\/es\/industrial\/productos-industriales-para-limpieza-general\/master-mechanic-limpiador-multiusos\/\" \/>\n<meta property=\"og:site_name\" content=\"Laser Products, Inc.\" \/>\n<meta property=\"article:publisher\" content=\"https:\/\/www.facebook.com\/IndustriaPuertorriquena\" \/>\n<meta property=\"og:image\" content=\"https:\/\/laserproducts-xgwohz8kzq.live-website.com\/wp-content\/uploads\/2023\/07\/laser-light-blue-2560x941-1.jpg\" \/>\n\t<meta property=\"og:image:width\" content=\"2560\" \/>\n\t<meta property=\"og:image:height\" content=\"941\" \/>\n\t<meta property=\"og:image:type\" content=\"image\/jpeg\" \/>\n<meta name=\"twitter:card\" content=\"summary_large_image\" \/>\n<meta name=\"twitter:label1\" content=\"Tiempo de lectura\" \/>\n\t<meta name=\"twitter:data1\" content=\"1 minuto\" \/>\n<script type=\"application\/ld+json\" class=\"yoast-schema-graph\">{\"@context\":\"https:\\\/\\\/schema.org\",\"@graph\":[{\"@type\":\"WebPage\",\"@id\":\"https:\\\/\\\/laserpr.com\\\/es\\\/industrial\\\/productos-industriales-para-limpieza-general\\\/master-mechanic-limpiador-multiusos\\\/\",\"url\":\"https:\\\/\\\/laserpr.com\\\/es\\\/industrial\\\/productos-industriales-para-limpieza-general\\\/master-mechanic-limpiador-multiusos\\\/\",\"name\":\"Laser Products, Inc.\",\"isPartOf\":{\"@id\":\"https:\\\/\\\/laserpr.com\\\/es\\\/#website\"},\"primaryImageOfPage\":{\"@id\":\"https:\\\/\\\/laserpr.com\\\/es\\\/industrial\\\/productos-industriales-para-limpieza-general\\\/master-mechanic-limpiador-multiusos\\\/#primaryimage\"},\"image\":{\"@id\":\"https:\\\/\\\/laserpr.com\\\/es\\\/industrial\\\/productos-industriales-para-limpieza-general\\\/master-mechanic-limpiador-multiusos\\\/#primaryimage\"},\"thumbnailUrl\":\"https:\\\/\\\/laserpr.com\\\/wp-content\\\/uploads\\\/2023\\\/07\\\/laser-light-blue-2560x941-1.jpg\",\"datePublished\":\"2024-08-28T07:16:28+00:00\",\"description\":\"Laser Products, Inc. es una empresa puertorrique\u00f1a ubicada en Juncos, Puerto Rico. Contamos con m\u00e1s de 30 a\u00f1os de experiencia en la fabricaci\u00f3n de productos qu\u00edmicos especializados para la limpieza y desinfecci\u00f3n.\",\"breadcrumb\":{\"@id\":\"https:\\\/\\\/laserpr.com\\\/es\\\/industrial\\\/productos-industriales-para-limpieza-general\\\/master-mechanic-limpiador-multiusos\\\/#breadcrumb\"},\"inLanguage\":\"es\",\"potentialAction\":[{\"@type\":\"ReadAction\",\"target\":[\"https:\\\/\\\/laserpr.com\\\/es\\\/industrial\\\/productos-industriales-para-limpieza-general\\\/master-mechanic-limpiador-multiusos\\\/\"]}]},{\"@type\":\"ImageObject\",\"inLanguage\":\"es\",\"@id\":\"https:\\\/\\\/laserpr.com\\\/es\\\/industrial\\\/productos-industriales-para-limpieza-general\\\/master-mechanic-limpiador-multiusos\\\/#primaryimage\",\"url\":\"https:\\\/\\\/laserpr.com\\\/wp-content\\\/uploads\\\/2023\\\/07\\\/laser-light-blue-2560x941-1.jpg\",\"contentUrl\":\"https:\\\/\\\/laserpr.com\\\/wp-content\\\/uploads\\\/2023\\\/07\\\/laser-light-blue-2560x941-1.jpg\",\"width\":2560,\"height\":941},{\"@type\":\"BreadcrumbList\",\"@id\":\"https:\\\/\\\/laserpr.com\\\/es\\\/industrial\\\/productos-industriales-para-limpieza-general\\\/master-mechanic-limpiador-multiusos\\\/#breadcrumb\",\"itemListElement\":[{\"@type\":\"ListItem\",\"position\":1,\"name\":\"Home\",\"item\":\"https:\\\/\\\/laserpr.com\\\/es\\\/\"},{\"@type\":\"ListItem\",\"position\":2,\"name\":\"Industrial\",\"item\":\"https:\\\/\\\/laserproducts-xgwohz8kzq.live-website.com\\\/es\\\/industrial\\\/\"},{\"@type\":\"ListItem\",\"position\":3,\"name\":\"Productos industriales para limpieza general\",\"item\":\"https:\\\/\\\/laserproducts-xgwohz8kzq.live-website.com\\\/es\\\/industrial\\\/productos-industriales-para-limpieza-general\\\/\"},{\"@type\":\"ListItem\",\"position\":4,\"name\":\"Master Mechanic\u00ae Limpiador Multiusos\"}]},{\"@type\":\"WebSite\",\"@id\":\"https:\\\/\\\/laserpr.com\\\/es\\\/#website\",\"url\":\"https:\\\/\\\/laserpr.com\\\/es\\\/\",\"name\":\"Laser Products, Inc.\",\"description\":\"Laser Products, Inc. es una empresa puertorrique&ntilde;a ubicada en Juncos, Puerto Rico. Contamos con m&aacute;s de 30 a&ntilde;os de experiencia en la fabricaci&oacute;n de productos qu&iacute;micos especializados para la limpieza y desinfecci&oacute;n.\",\"publisher\":{\"@id\":\"https:\\\/\\\/laserpr.com\\\/es\\\/#organization\"},\"alternateName\":\"Laser Products, Inc.\",\"potentialAction\":[{\"@type\":\"SearchAction\",\"target\":{\"@type\":\"EntryPoint\",\"urlTemplate\":\"https:\\\/\\\/laserpr.com\\\/es\\\/?s={search_term_string}\"},\"query-input\":{\"@type\":\"PropertyValueSpecification\",\"valueRequired\":true,\"valueName\":\"search_term_string\"}}],\"inLanguage\":\"es\"},{\"@type\":\"Organization\",\"@id\":\"https:\\\/\\\/laserpr.com\\\/es\\\/#organization\",\"name\":\"Laser Products, Inc.\",\"alternateName\":\"Laser Products, Inc.\",\"url\":\"https:\\\/\\\/laserpr.com\\\/es\\\/\",\"logo\":{\"@type\":\"ImageObject\",\"inLanguage\":\"es\",\"@id\":\"https:\\\/\\\/laserpr.com\\\/es\\\/#\\\/schema\\\/logo\\\/image\\\/\",\"url\":\"https:\\\/\\\/laserpr.com\\\/wp-content\\\/uploads\\\/2023\\\/03\\\/laser-products-486x160-1.png\",\"contentUrl\":\"https:\\\/\\\/laserpr.com\\\/wp-content\\\/uploads\\\/2023\\\/03\\\/laser-products-486x160-1.png\",\"width\":486,\"height\":160,\"caption\":\"Laser Products, Inc.\"},\"image\":{\"@id\":\"https:\\\/\\\/laserpr.com\\\/es\\\/#\\\/schema\\\/logo\\\/image\\\/\"},\"sameAs\":[\"https:\\\/\\\/www.facebook.com\\\/IndustriaPuertorriquena\",\"https:\\\/\\\/www.instagram.com\\\/industriapuertorriquena\\\/\",\"https:\\\/\\\/www.linkedin.com\\\/company\\\/laser-products\\\/\"],\"publishingPrinciples\":\"https:\\\/\\\/laserproducts-xgwohz8kzq.live-website.com\\\/business\\\/\",\"ownershipFundingInfo\":\"https:\\\/\\\/laserproducts-xgwohz8kzq.live-website.com\\\/business\\\/\",\"actionableFeedbackPolicy\":\"https:\\\/\\\/laserproducts-xgwohz8kzq.live-website.com\\\/business\\\/\"}]}<\/script>\n<!-- \/ Yoast SEO Premium plugin. -->","yoast_head_json":{"title":"Laser Products, Inc.","description":"Laser Products, Inc. es una empresa puertorrique\u00f1a ubicada en Juncos, Puerto Rico. Contamos con m\u00e1s de 30 a\u00f1os de experiencia en la fabricaci\u00f3n de productos qu\u00edmicos especializados para la limpieza y desinfecci\u00f3n.","robots":{"index":"index","follow":"follow","max-snippet":"max-snippet:-1","max-image-preview":"max-image-preview:large","max-video-preview":"max-video-preview:-1"},"canonical":"https:\/\/laserpr.com\/es\/industrial\/productos-industriales-para-limpieza-general\/master-mechanic-limpiador-multiusos\/","og_locale":"es_ES","og_type":"article","og_title":"Master Mechanic\u00ae Limpiador Multiusos","og_description":"Laser Products, Inc. es una empresa puertorrique\u00f1a ubicada en Juncos, Puerto Rico. Contamos con m\u00e1s de 30 a\u00f1os de experiencia en la fabricaci\u00f3n de productos qu\u00edmicos especializados para la limpieza y desinfecci\u00f3n.","og_url":"https:\/\/laserpr.com\/es\/industrial\/productos-industriales-para-limpieza-general\/master-mechanic-limpiador-multiusos\/","og_site_name":"Laser Products, Inc.","article_publisher":"https:\/\/www.facebook.com\/IndustriaPuertorriquena","og_image":[{"width":2560,"height":941,"url":"https:\/\/laserproducts-xgwohz8kzq.live-website.com\/wp-content\/uploads\/2023\/07\/laser-light-blue-2560x941-1.jpg","type":"image\/jpeg"}],"twitter_card":"summary_large_image","twitter_misc":{"Tiempo de lectura":"1 minuto"},"schema":{"@context":"https:\/\/schema.org","@graph":[{"@type":"WebPage","@id":"https:\/\/laserpr.com\/es\/industrial\/productos-industriales-para-limpieza-general\/master-mechanic-limpiador-multiusos\/","url":"https:\/\/laserpr.com\/es\/industrial\/productos-industriales-para-limpieza-general\/master-mechanic-limpiador-multiusos\/","name":"Laser Products, Inc.","isPartOf":{"@id":"https:\/\/laserpr.com\/es\/#website"},"primaryImageOfPage":{"@id":"https:\/\/laserpr.com\/es\/industrial\/productos-industriales-para-limpieza-general\/master-mechanic-limpiador-multiusos\/#primaryimage"},"image":{"@id":"https:\/\/laserpr.com\/es\/industrial\/productos-industriales-para-limpieza-general\/master-mechanic-limpiador-multiusos\/#primaryimage"},"thumbnailUrl":"https:\/\/laserpr.com\/wp-content\/uploads\/2023\/07\/laser-light-blue-2560x941-1.jpg","datePublished":"2024-08-28T07:16:28+00:00","description":"Laser Products, Inc. es una empresa puertorrique\u00f1a ubicada en Juncos, Puerto Rico. Contamos con m\u00e1s de 30 a\u00f1os de experiencia en la fabricaci\u00f3n de productos qu\u00edmicos especializados para la limpieza y desinfecci\u00f3n.","breadcrumb":{"@id":"https:\/\/laserpr.com\/es\/industrial\/productos-industriales-para-limpieza-general\/master-mechanic-limpiador-multiusos\/#breadcrumb"},"inLanguage":"es","potentialAction":[{"@type":"ReadAction","target":["https:\/\/laserpr.com\/es\/industrial\/productos-industriales-para-limpieza-general\/master-mechanic-limpiador-multiusos\/"]}]},{"@type":"ImageObject","inLanguage":"es","@id":"https:\/\/laserpr.com\/es\/industrial\/productos-industriales-para-limpieza-general\/master-mechanic-limpiador-multiusos\/#primaryimage","url":"https:\/\/laserpr.com\/wp-content\/uploads\/2023\/07\/laser-light-blue-2560x941-1.jpg","contentUrl":"https:\/\/laserpr.com\/wp-content\/uploads\/2023\/07\/laser-light-blue-2560x941-1.jpg","width":2560,"height":941},{"@type":"BreadcrumbList","@id":"https:\/\/laserpr.com\/es\/industrial\/productos-industriales-para-limpieza-general\/master-mechanic-limpiador-multiusos\/#breadcrumb","itemListElement":[{"@type":"ListItem","position":1,"name":"Home","item":"https:\/\/laserpr.com\/es\/"},{"@type":"ListItem","position":2,"name":"Industrial","item":"https:\/\/laserproducts-xgwohz8kzq.live-website.com\/es\/industrial\/"},{"@type":"ListItem","position":3,"name":"Productos industriales para limpieza general","item":"https:\/\/laserproducts-xgwohz8kzq.live-website.com\/es\/industrial\/productos-industriales-para-limpieza-general\/"},{"@type":"ListItem","position":4,"name":"Master Mechanic\u00ae Limpiador Multiusos"}]},{"@type":"WebSite","@id":"https:\/\/laserpr.com\/es\/#website","url":"https:\/\/laserpr.com\/es\/","name":"Laser Products, Inc.","description":"Laser Products, Inc. es una empresa puertorrique&ntilde;a ubicada en Juncos, Puerto Rico. Contamos con m&aacute;s de 30 a&ntilde;os de experiencia en la fabricaci&oacute;n de productos qu&iacute;micos especializados para la limpieza y desinfecci&oacute;n.","publisher":{"@id":"https:\/\/laserpr.com\/es\/#organization"},"alternateName":"Laser Products, Inc.","potentialAction":[{"@type":"SearchAction","target":{"@type":"EntryPoint","urlTemplate":"https:\/\/laserpr.com\/es\/?s={search_term_string}"},"query-input":{"@type":"PropertyValueSpecification","valueRequired":true,"valueName":"search_term_string"}}],"inLanguage":"es"},{"@type":"Organization","@id":"https:\/\/laserpr.com\/es\/#organization","name":"Laser Products, Inc.","alternateName":"Laser Products, Inc.","url":"https:\/\/laserpr.com\/es\/","logo":{"@type":"ImageObject","inLanguage":"es","@id":"https:\/\/laserpr.com\/es\/#\/schema\/logo\/image\/","url":"https:\/\/laserpr.com\/wp-content\/uploads\/2023\/03\/laser-products-486x160-1.png","contentUrl":"https:\/\/laserpr.com\/wp-content\/uploads\/2023\/03\/laser-products-486x160-1.png","width":486,"height":160,"caption":"Laser Products, Inc."},"image":{"@id":"https:\/\/laserpr.com\/es\/#\/schema\/logo\/image\/"},"sameAs":["https:\/\/www.facebook.com\/IndustriaPuertorriquena","https:\/\/www.instagram.com\/industriapuertorriquena\/","https:\/\/www.linkedin.com\/company\/laser-products\/"],"publishingPrinciples":"https:\/\/laserproducts-xgwohz8kzq.live-website.com\/business\/","ownershipFundingInfo":"https:\/\/laserproducts-xgwohz8kzq.live-website.com\/business\/","actionableFeedbackPolicy":"https:\/\/laserproducts-xgwohz8kzq.live-website.com\/business\/"}]}},"_links":{"self":[{"href":"https:\/\/laserpr.com\/es\/wp-json\/wp\/v2\/pages\/4372","targetHints":{"allow":["GET"]}}],"collection":[{"href":"https:\/\/laserpr.com\/es\/wp-json\/wp\/v2\/pages"}],"about":[{"href":"https:\/\/laserpr.com\/es\/wp-json\/wp\/v2\/types\/page"}],"author":[{"embeddable":true,"href":"https:\/\/laserpr.com\/es\/wp-json\/wp\/v2\/users\/3"}],"replies":[{"embeddable":true,"href":"https:\/\/laserpr.com\/es\/wp-json\/wp\/v2\/comments?post=4372"}],"version-history":[{"count":1,"href":"https:\/\/laserpr.com\/es\/wp-json\/wp\/v2\/pages\/4372\/revisions"}],"predecessor-version":[{"id":4373,"href":"https:\/\/laserpr.com\/es\/wp-json\/wp\/v2\/pages\/4372\/revisions\/4373"}],"up":[{"embeddable":true,"href":"https:\/\/laserpr.com\/es\/wp-json\/wp\/v2\/pages\/3331"}],"wp:featuredmedia":[{"embeddable":true,"href":"https:\/\/laserpr.com\/es\/wp-json\/wp\/v2\/media\/2964"}],"wp:attachment":[{"href":"https:\/\/laserpr.com\/es\/wp-json\/wp\/v2\/media?parent=4372"}],"curies":[{"name":"wp","href":"https:\/\/api.w.org\/{rel}","templated":true}]}}