{"id":3166,"date":"2020-03-11T09:18:19","date_gmt":"2020-03-11T13:18:19","guid":{"rendered":"https:\/\/laserpr.com\/preguntas-frecuentes\/"},"modified":"2025-02-21T13:02:31","modified_gmt":"2025-02-21T17:02:31","slug":"preguntas","status":"publish","type":"page","link":"https:\/\/laserpr.com\/es\/preguntas\/","title":{"rendered":"Preguntas frecuentes"},"content":{"rendered":"<div class=\"fusion-fullwidth fullwidth-box fusion-builder-row-1 fusion-flex-container nonhundred-percent-fullwidth non-hundred-percent-height-scrolling\" style=\"--awb-border-radius-top-left:0px;--awb-border-radius-top-right:0px;--awb-border-radius-bottom-right:0px;--awb-border-radius-bottom-left:0px;--awb-padding-right:0px;--awb-padding-bottom:6%;--awb-padding-left:0px;--awb-flex-wrap:wrap;\" ><div class=\"fusion-builder-row fusion-row fusion-flex-align-items-flex-start fusion-flex-content-wrap\" style=\"max-width:calc( 1140px + 0px );margin-left: calc(-0px \/ 2 );margin-right: calc(-0px \/ 2 );\"><div class=\"fusion-layout-column fusion_builder_column fusion-builder-column-0 fusion_builder_column_1_1 1_1 fusion-flex-column fusion-animated\" style=\"--awb-bg-size:cover;--awb-width-large:100%;--awb-margin-top-large:0px;--awb-spacing-right-large:0px;--awb-margin-bottom-large:20px;--awb-spacing-left-large:0px;--awb-width-medium:100%;--awb-spacing-right-medium:0px;--awb-spacing-left-medium:0px;--awb-width-small:100%;--awb-spacing-right-small:0px;--awb-spacing-left-small:0px;\" data-animationType=\"fadeInLeft\" data-animationDuration=\"1.0\" data-animationOffset=\"top-into-view\"><div class=\"fusion-column-wrapper fusion-column-has-shadow fusion-flex-justify-content-flex-start fusion-content-layout-column\"><div class=\"fusion-title title fusion-title-1 fusion-sep-none fusion-title-text fusion-title-size-three\" style=\"--awb-margin-bottom:30px;--awb-margin-bottom-small:30px;\"><h3 class=\"fusion-title-heading title-heading-left fusion-responsive-typography-calculated\" style=\"margin:0;text-transform:capitalize;--fontSize:28;line-height:1.2;\">\u00bfSe le ha hecho dif\u00edcil encontrar los productos de limpieza que necesita?<\/h3><\/div><div class=\"fusion-text fusion-text-1\"><p>No busque m\u00e1s. Somos el fabricante l\u00edder de soluciones de limpieza de alta calidad, y estamos aqu\u00ed para atender todas sus preguntas y ofrecerle las respuestas que ha estado buscando. Es hora de pasar a la acci\u00f3n y revolucionar su rutina de limpieza.<\/p>\n<\/div><div class=\"fusion-separator fusion-full-width-sep\" style=\"align-self: center;margin-left: auto;margin-right: auto;margin-top:10px;width:100%;\"><\/div><div class=\"accordian fusion-accordian\" style=\"--awb-border-size:1px;--awb-icon-size:20px;--awb-content-font-size:var(--awb-typography4-font-size);--awb-icon-alignment:right;--awb-hover-color:var(--awb-color3);--awb-border-color:var(--awb-color6);--awb-background-color:var(--awb-color1);--awb-divider-color:var(--awb-color6);--awb-divider-hover-color:var(--awb-color6);--awb-icon-color:var(--awb-color4);--awb-title-color:var(--awb-color4);--awb-content-color:var(--awb-color7);--awb-icon-box-color:var(--awb-color8);--awb-toggle-hover-accent-color:var(--awb-color4);--awb-title-font-family:var(--awb-typography1-font-family);--awb-title-font-weight:var(--awb-typography1-font-weight);--awb-title-font-style:var(--awb-typography1-font-style);--awb-title-font-size:1em;--awb-content-font-family:var(--awb-typography4-font-family);--awb-content-font-weight:var(--awb-typography4-font-weight);--awb-content-font-style:var(--awb-typography4-font-style);\"><div class=\"panel-group fusion-toggle-icon-right fusion-toggle-icon-unboxed\" id=\"accordion-3166-1\"><div class=\"fusion-panel panel-default panel-4409fe27466f9718a fusion-toggle-no-divider fusion-toggle-boxed-mode\" style=\"--awb-title-color:var(--awb-color4);\"><div class=\"panel-heading\"><h4 class=\"panel-title toggle\" id=\"toggle_4409fe27466f9718a\"><a aria-expanded=\"false\" aria-controls=\"4409fe27466f9718a\" role=\"button\" data-toggle=\"collapse\" data-parent=\"#accordion-3166-1\" data-target=\"#4409fe27466f9718a\" href=\"#4409fe27466f9718a\"><span class=\"fusion-toggle-icon-wrapper\" aria-hidden=\"true\"><i class=\"fa-fusion-box active-icon awb-icon-minus\" aria-hidden=\"true\"><\/i><i class=\"fa-fusion-box inactive-icon awb-icon-plus\" aria-hidden=\"true\"><\/i><\/span><span class=\"fusion-toggle-heading\">\u00bfPor qu\u00e9 su cloro es potente?<\/span><\/a><\/h4><\/div><div id=\"4409fe27466f9718a\" class=\"panel-collapse collapse \" aria-labelledby=\"toggle_4409fe27466f9718a\"><div class=\"panel-body toggle-content fusion-clearfix\">\n<p class=\"p1\">En nuestra f\u00f3rmula, la concentraci\u00f3n de ingrediente principal es de 5.25% de hipoclorito de sodio. Si examina las etiquetas de otras marcas, ver\u00e1 que nuestra concentraci\u00f3n es superior. Si tiene m\u00e1s preguntas, estamos a su disposici\u00f3n.<\/p>\n<\/div><\/div><\/div><div class=\"fusion-panel panel-default panel-2154af9b9292edd34 fusion-toggle-no-divider fusion-toggle-boxed-mode\" style=\"--awb-title-color:var(--awb-color4);\"><div class=\"panel-heading\"><h4 class=\"panel-title toggle\" id=\"toggle_2154af9b9292edd34\"><a aria-expanded=\"false\" aria-controls=\"2154af9b9292edd34\" role=\"button\" data-toggle=\"collapse\" data-parent=\"#accordion-3166-1\" data-target=\"#2154af9b9292edd34\" href=\"#2154af9b9292edd34\"><span class=\"fusion-toggle-icon-wrapper\" aria-hidden=\"true\"><i class=\"fa-fusion-box active-icon awb-icon-minus\" aria-hidden=\"true\"><\/i><i class=\"fa-fusion-box inactive-icon awb-icon-plus\" aria-hidden=\"true\"><\/i><\/span><span class=\"fusion-toggle-heading\">\u00bfD\u00f3nde puedo comprar El Cloro Potente?<\/span><\/a><\/h4><\/div><div id=\"2154af9b9292edd34\" class=\"panel-collapse collapse \" aria-labelledby=\"toggle_2154af9b9292edd34\"><div class=\"panel-body toggle-content fusion-clearfix\">\n<p>Puede comprar El Cloro Potente en Walmart, Econo, Sam\u2019s Club, Selectos, Supermax, Supermercados Agranel, Mr. Special, The Home Depot, Farmacias Caridad, Ralph\u2019s, Pharmamax, entre otros. Recuerde buscar la tapa con el sello de la Industria Puertorrique\u00f1a. Cualquier otra pregunta, estamos aqu\u00ed para ayudarle.<\/p>\n<\/div><\/div><\/div><div class=\"fusion-panel panel-default panel-8e98b5ad4aab9652d fusion-toggle-no-divider fusion-toggle-boxed-mode\" style=\"--awb-title-color:var(--awb-color4);\"><div class=\"panel-heading\"><h4 class=\"panel-title toggle\" id=\"toggle_8e98b5ad4aab9652d\"><a aria-expanded=\"false\" aria-controls=\"8e98b5ad4aab9652d\" role=\"button\" data-toggle=\"collapse\" data-parent=\"#accordion-3166-1\" data-target=\"#8e98b5ad4aab9652d\" href=\"#8e98b5ad4aab9652d\"><span class=\"fusion-toggle-icon-wrapper\" aria-hidden=\"true\"><i class=\"fa-fusion-box active-icon awb-icon-minus\" aria-hidden=\"true\"><\/i><i class=\"fa-fusion-box inactive-icon awb-icon-plus\" aria-hidden=\"true\"><\/i><\/span><span class=\"fusion-toggle-heading\">\u00bfD\u00f3nde puedo comprar productos Activa?<\/span><\/a><\/h4><\/div><div id=\"8e98b5ad4aab9652d\" class=\"panel-collapse collapse \" aria-labelledby=\"toggle_8e98b5ad4aab9652d\"><div class=\"panel-body toggle-content fusion-clearfix\">\n<p>Los productos de la familia Activa est\u00e1n disponibles en Agranel, Walmart, Sam&#8217;s Club, Econo, The Home Depot, Supermax, Ralph&#8217;s, Pharmamax, Farmacia Caridad y entre otros. Cualquier otra pregunta, estamos aqu\u00ed para ayudarle.<\/p>\n<\/div><\/div><\/div><\/div><\/div><div class=\"fusion-title title fusion-title-2 fusion-sep-none fusion-title-text fusion-title-size-three\" style=\"--awb-margin-top:40px;--awb-margin-bottom:30px;--awb-margin-bottom-small:30px;\"><h3 class=\"fusion-title-heading title-heading-left fusion-responsive-typography-calculated\" style=\"margin:0;text-transform:capitalize;--fontSize:28;line-height:1.2;\">\u00bfA\u00fan tiene preguntas?<\/h3><\/div><div class=\"fusion-text fusion-text-2\"><p>No dude en ponerse en contacto con nuestro equipo de atenci\u00f3n al cliente. Estamos aqu\u00ed para ofrecerle asistencia personalizada y resolver cualquier duda que pueda tener. Su satisfacci\u00f3n es nuestra m\u00e1xima prioridad, y estamos deseosos de superar sus expectativas.<\/p>\n<\/div><div class=\"fusion-form fusion-form-builder fusion-form-form-wrapper fusion-form-3623\" style=\"--awb-tooltip-text-color:#ffffff;--awb-tooltip-background-color:#333333;\" data-form-id=\"3623\" data-config=\"{&quot;form_id&quot;:3623,&quot;form_post_id&quot;:3623,&quot;post_id&quot;:3166,&quot;form_type&quot;:&quot;ajax&quot;,&quot;confirmation_type&quot;:&quot;message&quot;,&quot;redirect_url&quot;:&quot;&quot;,&quot;field_labels&quot;:{&quot;first_name&quot;:&quot;&quot;,&quot;email_address&quot;:&quot;&quot;,&quot;phone_number&quot;:&quot;&quot;,&quot;message&quot;:&quot;&quot;},&quot;field_logics&quot;:{&quot;first_name&quot;:&quot;&quot;,&quot;email_address&quot;:&quot;&quot;,&quot;phone_number&quot;:&quot;&quot;,&quot;message&quot;:&quot;&quot;,&quot;notice_1&quot;:&quot;&quot;},&quot;field_types&quot;:{&quot;first_name&quot;:&quot;text&quot;,&quot;email_address&quot;:&quot;email&quot;,&quot;phone_number&quot;:&quot;phone_number&quot;,&quot;message&quot;:&quot;textarea&quot;,&quot;notice_1&quot;:&quot;notice&quot;,&quot;submit_1&quot;:&quot;submit&quot;},&quot;nonce_method&quot;:&quot;ajax&quot;}\"><form action=\"https:\/\/laserpr.com\/es\/preguntas\/\" method=\"post\" class=\"fusion-form fusion-form-3623\"><div class=\"fusion-fullwidth fullwidth-box fusion-builder-row-1-1 fusion-flex-container nonhundred-percent-fullwidth non-hundred-percent-height-scrolling\" style=\"--awb-border-radius-top-left:0px;--awb-border-radius-top-right:0px;--awb-border-radius-bottom-right:0px;--awb-border-radius-bottom-left:0px;--awb-padding-top:0px;--awb-padding-right:0px;--awb-padding-bottom:0px;--awb-padding-left:0px;--awb-margin-top:0px;--awb-margin-bottom:0px;--awb-flex-wrap:wrap;\" ><div class=\"fusion-builder-row fusion-row fusion-flex-align-items-flex-start fusion-flex-content-wrap\" style=\"width:104% !important;max-width:104% !important;margin-left: calc(-4% \/ 2 );margin-right: calc(-4% \/ 2 );\"><div class=\"fusion-layout-column fusion_builder_column fusion-builder-column-1 fusion_builder_column_1_1 1_1 fusion-flex-column\" style=\"--awb-bg-size:cover;--awb-width-large:100%;--awb-margin-top-large:0px;--awb-spacing-right-large:1.92%;--awb-margin-bottom-large:0px;--awb-spacing-left-large:1.92%;--awb-width-medium:100%;--awb-order-medium:0;--awb-spacing-right-medium:1.92%;--awb-spacing-left-medium:1.92%;--awb-width-small:100%;--awb-order-small:0;--awb-spacing-right-small:1.92%;--awb-spacing-left-small:1.92%;\"><div class=\"fusion-column-wrapper fusion-column-has-shadow fusion-flex-justify-content-flex-start fusion-content-layout-column\"><div class=\"fusion-form-field fusion-form-text-field fusion-form-label-above\" style=\"\" data-form-id=\"3623\"><input type=\"text\" name=\"first_name\" id=\"first_name\" value=\"\"  class=\"fusion-form-input\" required=\"true\" aria-required=\"true\" placeholder=\"Nombre *\" data-holds-private-data=\"false\" minlength=\"0\"\/><\/div><div class=\"fusion-form-field fusion-form-email-field fusion-form-label-above\" style=\"\" data-form-id=\"3623\"><input type=\"email\" name=\"email_address\" id=\"email_address\" value=\"\"  class=\"fusion-form-input\" required=\"true\" aria-required=\"true\" placeholder=\"Correo Electr\u00f3nico*\" data-holds-private-data=\"false\"\/><\/div><div class=\"fusion-form-field fusion-form-phone-number-field fusion-form-label-above\" style=\"\" data-form-id=\"3623\"><input type=\"tel\" name=\"phone_number\" id=\"phone_number\" value=\"\"  class=\"fusion-form-input\" placeholder=\"Tel\u00e9fono\" data-holds-private-data=\"false\"\/><\/div><div class=\"fusion-form-field fusion-form-textarea-field fusion-form-label-above\" style=\"\" data-form-id=\"3623\"><textarea cols=\"40\"  minlength=\"0\"  rows=\"4\" tabindex=\"\" id=\"message\" name=\"message\" class=\"fusion-form-input\" required=\"true\" aria-required=\"true\" placeholder=\"Mensaje*\" data-holds-private-data=\"false\"><\/textarea><\/div><div class=\"fusion-text fusion-text-3\" style=\"--awb-font-size:14px;\"><p style=\"width: 80%; margin-bottom: 10px;\">Al ponerse en contacto con nosotros, acepta nuestras <a href=\"https:\/\/laserpr.com\/es\/condiciones-generales\/\">Condiciones generales<\/a> y nuestra <a href=\"https:\/\/laserpr.com\/es\/politica-de-privacidad\/\">Pol\u00edtica de privacidad<\/a>.<\/p>\n<\/div><div class=\"form-submission-notices data-notice_1\" id=\"fusion-notices-1\"><div class=\"fusion-alert alert success alert-success fusion-alert-center fusion-form-response fusion-form-response-success awb-alert-native-link-color alert-dismissable awb-alert-close-boxed\" role=\"alert\"><div class=\"fusion-alert-content-wrapper\"><span class=\"alert-icon\"><i class=\"awb-icon-check-circle\" aria-hidden=\"true\"><\/i><\/span><span class=\"fusion-alert-content\">Gracias por su mensaje. Se ha enviado.<\/span><\/div><button type=\"button\" class=\"close toggle-alert\" data-dismiss=\"alert\" aria-label=\"Close\">&times;<\/button><\/div><div class=\"fusion-alert alert error alert-danger fusion-alert-center fusion-form-response fusion-form-response-error awb-alert-native-link-color alert-dismissable awb-alert-close-boxed\" role=\"alert\"><div class=\"fusion-alert-content-wrapper\"><span class=\"alert-icon\"><i class=\"awb-icon-exclamation-triangle\" aria-hidden=\"true\"><\/i><\/span><span class=\"fusion-alert-content\">Se ha producido un error al intentar enviar tu mensaje. Vuelva a intentarlo m\u00e1s tarde.<\/span><\/div><button type=\"button\" class=\"close toggle-alert\" data-dismiss=\"alert\" aria-label=\"Close\">&times;<\/button><\/div><\/div><div class=\"fusion-form-field fusion-form-submit-field fusion-form-label-above\" style=\"\" data-form-id=\"3623\"><div ><button type=\"submit\" class=\"fusion-button button-flat fusion-button-default-size button-default fusion-button-default button-1 fusion-button-default-span  form-form-submit button-default\" data-form-number=\"3623\" tabindex=\"\"><span class=\"fusion-button-text\">Enviar<\/span><\/button><\/div><\/div><\/div><\/div><\/div><\/div><\/form><\/div><\/div><\/div><\/div><\/div>\n","protected":false},"excerpt":{"rendered":"","protected":false},"author":3,"featured_media":2964,"parent":0,"menu_order":0,"comment_status":"closed","ping_status":"closed","template":"100-width.php","meta":{"footnotes":""},"class_list":["post-3166","page","type-page","status-publish","has-post-thumbnail","hentry"],"yoast_head":"<!-- This site is optimized with the Yoast SEO Premium plugin v24.5 (Yoast SEO v27.4) - https:\/\/yoast.com\/product\/yoast-seo-premium-wordpress\/ -->\n<title>Laser Products, Inc.<\/title>\n<meta name=\"description\" content=\"Laser Products, Inc. es una empresa puertorrique\u00f1a ubicada en Juncos, Puerto Rico. Contamos con m\u00e1s de 30 a\u00f1os de experiencia en la fabricaci\u00f3n de productos qu\u00edmicos especializados para la limpieza y desinfecci\u00f3n.\" \/>\n<meta name=\"robots\" content=\"index, follow, max-snippet:-1, max-image-preview:large, max-video-preview:-1\" \/>\n<link rel=\"canonical\" href=\"https:\/\/laserpr.com\/es\/preguntas\/\" \/>\n<meta property=\"og:locale\" content=\"es_ES\" \/>\n<meta property=\"og:type\" content=\"article\" \/>\n<meta property=\"og:title\" content=\"Preguntas frecuentes\" \/>\n<meta property=\"og:description\" content=\"Laser Products, Inc. es una empresa puertorrique\u00f1a ubicada en Juncos, Puerto Rico. Contamos con m\u00e1s de 30 a\u00f1os de experiencia en la fabricaci\u00f3n de productos qu\u00edmicos especializados para la limpieza y desinfecci\u00f3n.\" \/>\n<meta property=\"og:url\" content=\"https:\/\/laserpr.com\/es\/preguntas\/\" \/>\n<meta property=\"og:site_name\" content=\"Laser Products, Inc.\" \/>\n<meta property=\"article:publisher\" content=\"https:\/\/www.facebook.com\/IndustriaPuertorriquena\" \/>\n<meta property=\"article:modified_time\" content=\"2025-02-21T17:02:31+00:00\" \/>\n<meta property=\"og:image\" content=\"https:\/\/laserpr.com\/wp-content\/uploads\/2023\/07\/laser-light-blue-2560x941-1.jpg\" \/>\n\t<meta property=\"og:image:width\" content=\"2560\" \/>\n\t<meta property=\"og:image:height\" content=\"941\" \/>\n\t<meta property=\"og:image:type\" content=\"image\/jpeg\" \/>\n<meta name=\"twitter:card\" content=\"summary_large_image\" \/>\n<meta name=\"twitter:label1\" content=\"Tiempo de lectura\" \/>\n\t<meta name=\"twitter:data1\" content=\"2 minutos\" \/>\n<script type=\"application\/ld+json\" class=\"yoast-schema-graph\">{\"@context\":\"https:\\\/\\\/schema.org\",\"@graph\":[{\"@type\":\"WebPage\",\"@id\":\"https:\\\/\\\/laserpr.com\\\/es\\\/preguntas\\\/\",\"url\":\"https:\\\/\\\/laserpr.com\\\/es\\\/preguntas\\\/\",\"name\":\"Laser Products, Inc.\",\"isPartOf\":{\"@id\":\"https:\\\/\\\/laserpr.com\\\/es\\\/#website\"},\"primaryImageOfPage\":{\"@id\":\"https:\\\/\\\/laserpr.com\\\/es\\\/preguntas\\\/#primaryimage\"},\"image\":{\"@id\":\"https:\\\/\\\/laserpr.com\\\/es\\\/preguntas\\\/#primaryimage\"},\"thumbnailUrl\":\"https:\\\/\\\/laserpr.com\\\/wp-content\\\/uploads\\\/2023\\\/07\\\/laser-light-blue-2560x941-1.jpg\",\"datePublished\":\"2020-03-11T13:18:19+00:00\",\"dateModified\":\"2025-02-21T17:02:31+00:00\",\"description\":\"Laser Products, Inc. es una empresa puertorrique\u00f1a ubicada en Juncos, Puerto Rico. Contamos con m\u00e1s de 30 a\u00f1os de experiencia en la fabricaci\u00f3n de productos qu\u00edmicos especializados para la limpieza y desinfecci\u00f3n.\",\"breadcrumb\":{\"@id\":\"https:\\\/\\\/laserpr.com\\\/es\\\/preguntas\\\/#breadcrumb\"},\"inLanguage\":\"es\",\"potentialAction\":[{\"@type\":\"ReadAction\",\"target\":[\"https:\\\/\\\/laserpr.com\\\/es\\\/preguntas\\\/\"]}]},{\"@type\":\"ImageObject\",\"inLanguage\":\"es\",\"@id\":\"https:\\\/\\\/laserpr.com\\\/es\\\/preguntas\\\/#primaryimage\",\"url\":\"https:\\\/\\\/laserpr.com\\\/wp-content\\\/uploads\\\/2023\\\/07\\\/laser-light-blue-2560x941-1.jpg\",\"contentUrl\":\"https:\\\/\\\/laserpr.com\\\/wp-content\\\/uploads\\\/2023\\\/07\\\/laser-light-blue-2560x941-1.jpg\",\"width\":2560,\"height\":941},{\"@type\":\"BreadcrumbList\",\"@id\":\"https:\\\/\\\/laserpr.com\\\/es\\\/preguntas\\\/#breadcrumb\",\"itemListElement\":[{\"@type\":\"ListItem\",\"position\":1,\"name\":\"Home\",\"item\":\"https:\\\/\\\/laserpr.com\\\/es\\\/\"},{\"@type\":\"ListItem\",\"position\":2,\"name\":\"Preguntas frecuentes\"}]},{\"@type\":\"WebSite\",\"@id\":\"https:\\\/\\\/laserpr.com\\\/es\\\/#website\",\"url\":\"https:\\\/\\\/laserpr.com\\\/es\\\/\",\"name\":\"Laser Products, Inc.\",\"description\":\"Laser Products, Inc. es una empresa puertorrique&ntilde;a ubicada en Juncos, Puerto Rico. Contamos con m&aacute;s de 30 a&ntilde;os de experiencia en la fabricaci&oacute;n de productos qu&iacute;micos especializados para la limpieza y desinfecci&oacute;n.\",\"publisher\":{\"@id\":\"https:\\\/\\\/laserpr.com\\\/es\\\/#organization\"},\"alternateName\":\"Laser Products, Inc.\",\"potentialAction\":[{\"@type\":\"SearchAction\",\"target\":{\"@type\":\"EntryPoint\",\"urlTemplate\":\"https:\\\/\\\/laserpr.com\\\/es\\\/?s={search_term_string}\"},\"query-input\":{\"@type\":\"PropertyValueSpecification\",\"valueRequired\":true,\"valueName\":\"search_term_string\"}}],\"inLanguage\":\"es\"},{\"@type\":\"Organization\",\"@id\":\"https:\\\/\\\/laserpr.com\\\/es\\\/#organization\",\"name\":\"Laser Products, Inc.\",\"alternateName\":\"Laser Products, Inc.\",\"url\":\"https:\\\/\\\/laserpr.com\\\/es\\\/\",\"logo\":{\"@type\":\"ImageObject\",\"inLanguage\":\"es\",\"@id\":\"https:\\\/\\\/laserpr.com\\\/es\\\/#\\\/schema\\\/logo\\\/image\\\/\",\"url\":\"https:\\\/\\\/laserpr.com\\\/wp-content\\\/uploads\\\/2023\\\/03\\\/laser-products-486x160-1.png\",\"contentUrl\":\"https:\\\/\\\/laserpr.com\\\/wp-content\\\/uploads\\\/2023\\\/03\\\/laser-products-486x160-1.png\",\"width\":486,\"height\":160,\"caption\":\"Laser Products, Inc.\"},\"image\":{\"@id\":\"https:\\\/\\\/laserpr.com\\\/es\\\/#\\\/schema\\\/logo\\\/image\\\/\"},\"sameAs\":[\"https:\\\/\\\/www.facebook.com\\\/IndustriaPuertorriquena\",\"https:\\\/\\\/www.instagram.com\\\/industriapuertorriquena\\\/\",\"https:\\\/\\\/www.linkedin.com\\\/company\\\/laser-products\\\/\"],\"publishingPrinciples\":\"https:\\\/\\\/laserproducts-xgwohz8kzq.live-website.com\\\/business\\\/\",\"ownershipFundingInfo\":\"https:\\\/\\\/laserproducts-xgwohz8kzq.live-website.com\\\/business\\\/\",\"actionableFeedbackPolicy\":\"https:\\\/\\\/laserproducts-xgwohz8kzq.live-website.com\\\/business\\\/\"}]}<\/script>\n<!-- \/ Yoast SEO Premium plugin. -->","yoast_head_json":{"title":"Laser Products, Inc.","description":"Laser Products, Inc. es una empresa puertorrique\u00f1a ubicada en Juncos, Puerto Rico. Contamos con m\u00e1s de 30 a\u00f1os de experiencia en la fabricaci\u00f3n de productos qu\u00edmicos especializados para la limpieza y desinfecci\u00f3n.","robots":{"index":"index","follow":"follow","max-snippet":"max-snippet:-1","max-image-preview":"max-image-preview:large","max-video-preview":"max-video-preview:-1"},"canonical":"https:\/\/laserpr.com\/es\/preguntas\/","og_locale":"es_ES","og_type":"article","og_title":"Preguntas frecuentes","og_description":"Laser Products, Inc. es una empresa puertorrique\u00f1a ubicada en Juncos, Puerto Rico. Contamos con m\u00e1s de 30 a\u00f1os de experiencia en la fabricaci\u00f3n de productos qu\u00edmicos especializados para la limpieza y desinfecci\u00f3n.","og_url":"https:\/\/laserpr.com\/es\/preguntas\/","og_site_name":"Laser Products, Inc.","article_publisher":"https:\/\/www.facebook.com\/IndustriaPuertorriquena","article_modified_time":"2025-02-21T17:02:31+00:00","og_image":[{"width":2560,"height":941,"url":"https:\/\/laserpr.com\/wp-content\/uploads\/2023\/07\/laser-light-blue-2560x941-1.jpg","type":"image\/jpeg"}],"twitter_card":"summary_large_image","twitter_misc":{"Tiempo de lectura":"2 minutos"},"schema":{"@context":"https:\/\/schema.org","@graph":[{"@type":"WebPage","@id":"https:\/\/laserpr.com\/es\/preguntas\/","url":"https:\/\/laserpr.com\/es\/preguntas\/","name":"Laser Products, Inc.","isPartOf":{"@id":"https:\/\/laserpr.com\/es\/#website"},"primaryImageOfPage":{"@id":"https:\/\/laserpr.com\/es\/preguntas\/#primaryimage"},"image":{"@id":"https:\/\/laserpr.com\/es\/preguntas\/#primaryimage"},"thumbnailUrl":"https:\/\/laserpr.com\/wp-content\/uploads\/2023\/07\/laser-light-blue-2560x941-1.jpg","datePublished":"2020-03-11T13:18:19+00:00","dateModified":"2025-02-21T17:02:31+00:00","description":"Laser Products, Inc. es una empresa puertorrique\u00f1a ubicada en Juncos, Puerto Rico. Contamos con m\u00e1s de 30 a\u00f1os de experiencia en la fabricaci\u00f3n de productos qu\u00edmicos especializados para la limpieza y desinfecci\u00f3n.","breadcrumb":{"@id":"https:\/\/laserpr.com\/es\/preguntas\/#breadcrumb"},"inLanguage":"es","potentialAction":[{"@type":"ReadAction","target":["https:\/\/laserpr.com\/es\/preguntas\/"]}]},{"@type":"ImageObject","inLanguage":"es","@id":"https:\/\/laserpr.com\/es\/preguntas\/#primaryimage","url":"https:\/\/laserpr.com\/wp-content\/uploads\/2023\/07\/laser-light-blue-2560x941-1.jpg","contentUrl":"https:\/\/laserpr.com\/wp-content\/uploads\/2023\/07\/laser-light-blue-2560x941-1.jpg","width":2560,"height":941},{"@type":"BreadcrumbList","@id":"https:\/\/laserpr.com\/es\/preguntas\/#breadcrumb","itemListElement":[{"@type":"ListItem","position":1,"name":"Home","item":"https:\/\/laserpr.com\/es\/"},{"@type":"ListItem","position":2,"name":"Preguntas frecuentes"}]},{"@type":"WebSite","@id":"https:\/\/laserpr.com\/es\/#website","url":"https:\/\/laserpr.com\/es\/","name":"Laser Products, Inc.","description":"Laser Products, Inc. es una empresa puertorrique&ntilde;a ubicada en Juncos, Puerto Rico. Contamos con m&aacute;s de 30 a&ntilde;os de experiencia en la fabricaci&oacute;n de productos qu&iacute;micos especializados para la limpieza y desinfecci&oacute;n.","publisher":{"@id":"https:\/\/laserpr.com\/es\/#organization"},"alternateName":"Laser Products, Inc.","potentialAction":[{"@type":"SearchAction","target":{"@type":"EntryPoint","urlTemplate":"https:\/\/laserpr.com\/es\/?s={search_term_string}"},"query-input":{"@type":"PropertyValueSpecification","valueRequired":true,"valueName":"search_term_string"}}],"inLanguage":"es"},{"@type":"Organization","@id":"https:\/\/laserpr.com\/es\/#organization","name":"Laser Products, Inc.","alternateName":"Laser Products, Inc.","url":"https:\/\/laserpr.com\/es\/","logo":{"@type":"ImageObject","inLanguage":"es","@id":"https:\/\/laserpr.com\/es\/#\/schema\/logo\/image\/","url":"https:\/\/laserpr.com\/wp-content\/uploads\/2023\/03\/laser-products-486x160-1.png","contentUrl":"https:\/\/laserpr.com\/wp-content\/uploads\/2023\/03\/laser-products-486x160-1.png","width":486,"height":160,"caption":"Laser Products, Inc."},"image":{"@id":"https:\/\/laserpr.com\/es\/#\/schema\/logo\/image\/"},"sameAs":["https:\/\/www.facebook.com\/IndustriaPuertorriquena","https:\/\/www.instagram.com\/industriapuertorriquena\/","https:\/\/www.linkedin.com\/company\/laser-products\/"],"publishingPrinciples":"https:\/\/laserproducts-xgwohz8kzq.live-website.com\/business\/","ownershipFundingInfo":"https:\/\/laserproducts-xgwohz8kzq.live-website.com\/business\/","actionableFeedbackPolicy":"https:\/\/laserproducts-xgwohz8kzq.live-website.com\/business\/"}]}},"_links":{"self":[{"href":"https:\/\/laserpr.com\/es\/wp-json\/wp\/v2\/pages\/3166","targetHints":{"allow":["GET"]}}],"collection":[{"href":"https:\/\/laserpr.com\/es\/wp-json\/wp\/v2\/pages"}],"about":[{"href":"https:\/\/laserpr.com\/es\/wp-json\/wp\/v2\/types\/page"}],"author":[{"embeddable":true,"href":"https:\/\/laserpr.com\/es\/wp-json\/wp\/v2\/users\/3"}],"replies":[{"embeddable":true,"href":"https:\/\/laserpr.com\/es\/wp-json\/wp\/v2\/comments?post=3166"}],"version-history":[{"count":18,"href":"https:\/\/laserpr.com\/es\/wp-json\/wp\/v2\/pages\/3166\/revisions"}],"predecessor-version":[{"id":4531,"href":"https:\/\/laserpr.com\/es\/wp-json\/wp\/v2\/pages\/3166\/revisions\/4531"}],"wp:featuredmedia":[{"embeddable":true,"href":"https:\/\/laserpr.com\/es\/wp-json\/wp\/v2\/media\/2964"}],"wp:attachment":[{"href":"https:\/\/laserpr.com\/es\/wp-json\/wp\/v2\/media?parent=3166"}],"curies":[{"name":"wp","href":"https:\/\/api.w.org\/{rel}","templated":true}]}}