{"id":2842,"date":"2024-02-06T16:52:23","date_gmt":"2024-02-06T20:52:23","guid":{"rendered":"https:\/\/laserpr.com\/politica-de-devoluciones-y-reembolsos\/"},"modified":"2024-02-06T16:52:29","modified_gmt":"2024-02-06T20:52:29","slug":"politica-de-devoluciones-y-reembolsos","status":"publish","type":"page","link":"https:\/\/laserpr.com\/es\/politica-de-devoluciones-y-reembolsos\/","title":{"rendered":"Pol\u00edtica de devoluciones y reembolsos"},"content":{"rendered":"\n<p><b>Esta es una p\u00e1gina de muestra.<\/b><\/p>\n\n<h3>Overview<\/h3>\n\n<p>Nuestra pol\u00edtica de reembolsos y devoluciones dura 30 d\u00edas. Si han pasado 30 d\u00edas desde su compra, no podemos ofrecerle un reembolso o cambio completo.<\/p>\n\n<p>Para poder realizar una devoluci\u00f3n, el art\u00edculo debe estar sin usar y en las mismas condiciones en las que lo recibi\u00f3. Tambi\u00e9n debe estar en el embalaje original.<\/p>\n\n<p>Varios tipos de bienes est\u00e1n exentos de devoluci\u00f3n. Los productos perecederos, como alimentos, flores, peri\u00f3dicos o revistas, no pueden devolverse. Tampoco aceptamos productos que sean art\u00edculos \u00edntimos o sanitarios, materiales peligrosos o l\u00edquidos o gases inflamables.<\/p>\n\n<p>Art\u00edculos adicionales no retornables:<\/p>\n\n<ul class=\"wp-block-list\">\n<li>Tarjetas regalo<\/li>\n<li>Programas descargables<\/li>\n<li>Algunos art\u00edculos de salud y cuidado personal<\/li>\n<\/ul>\n\n<p>Para completar su devoluci\u00f3n, necesitamos un recibo o prueba de compra.<\/p>\n\n<p>No devuelva su compra al fabricante.<\/p>\n\n<p>Hay determinadas situaciones en las que s\u00f3lo se conceden devoluciones parciales:<\/p>\n\n<ul class=\"wp-block-list\">\n<li>Libro con signos evidentes de uso<\/li>\n<li>CD, DVD, cinta VHS, software, videojuego, cinta de casete o disco de vinilo que haya sido abierto.<\/li>\n<li>Cualquier art\u00edculo que no se encuentre en su estado original, est\u00e9 da\u00f1ado o le falten piezas por motivos que no se deban a un error nuestro.<\/li>\n<li>Cualquier art\u00edculo que se devuelva m\u00e1s de 30 d\u00edas despu\u00e9s de la entrega<\/li>\n<\/ul>\n\n<h2>Refunds<\/h2>\n\n<p>Una vez recibida e inspeccionada su devoluci\u00f3n, le enviaremos un correo electr\u00f3nico para notificarle que hemos recibido su art\u00edculo devuelto. Tambi\u00e9n le notificaremos la aprobaci\u00f3n o denegaci\u00f3n de su devoluci\u00f3n.<\/p>\n\n<p>Si se aprueba, se procesar\u00e1 el reembolso y se aplicar\u00e1 autom\u00e1ticamente un cr\u00e9dito a su tarjeta de cr\u00e9dito o m\u00e9todo de pago original en un plazo determinado de d\u00edas.<\/p>\n\n<b>Late or missing refunds<\/b>\n\n<p>Si a\u00fan no ha recibido el reembolso, compruebe primero de nuevo su cuenta bancaria.<\/p>\n\n<p>A continuaci\u00f3n, p\u00f3ngase en contacto con la entidad emisora de su tarjeta de cr\u00e9dito, ya que el reembolso puede tardar alg\u00fan tiempo en hacerse efectivo oficialmente.<\/p>\n\n<p>A continuaci\u00f3n, p\u00f3ngase en contacto con su banco. A menudo transcurre cierto tiempo antes de que se contabilice el reembolso.<\/p>\n\n<p>Si ha hecho todo esto y a\u00fan no ha recibido el reembolso, p\u00f3ngase en contacto con nosotros en la {direcci\u00f3n de correo electr\u00f3nico}.<\/p>\n\n<b>Sale items<\/b>\n\n<p>S\u00f3lo se reembolsar\u00e1n los art\u00edculos de precio normal. Los art\u00edculos en oferta no se reembolsan.<\/p>\n\n<h2>Exchanges<\/h2>\n\n<p>S\u00f3lo sustituimos art\u00edculos si est\u00e1n defectuosos o da\u00f1ados. Si necesitas cambiarlo por el mismo art\u00edculo, env\u00edanos un correo electr\u00f3nico a {email address} y env\u00eda tu art\u00edculo a: {direcci\u00f3n f\u00edsica}.<\/p>\n\n<h2>Gifts<\/h2>\n\n<p>Si el art\u00edculo se marc\u00f3 como regalo cuando se compr\u00f3 y se envi\u00f3 directamente a usted, recibir\u00e1 un cr\u00e9dito de regalo por el valor de su devoluci\u00f3n. Una vez recibido el art\u00edculo devuelto, se le enviar\u00e1 por correo un cheque regalo.<\/p>\n\n<p>Si el art\u00edculo no estaba marcado como regalo en el momento de la compra, o si la persona que hizo el regalo se envi\u00f3 el pedido a s\u00ed misma para d\u00e1rtelo a ti m\u00e1s tarde, enviaremos un reembolso a la persona que hizo el regalo y ella se enterar\u00e1 de tu devoluci\u00f3n.<\/p>\n\n<h2>Shipping returns<\/h2>\n\n<p>Para devolver su producto, debe enviarlo por correo a {direcci\u00f3n f\u00edsica}.<\/p>\n\n<p>Los gastos de env\u00edo de la devoluci\u00f3n correr\u00e1n por su cuenta. Los gastos de env\u00edo no son reembolsables. Si recibe un reembolso, se le descontar\u00e1n los gastos de env\u00edo de la devoluci\u00f3n.<\/p>\n\n<p>Dependiendo de d\u00f3nde viva, el tiempo que puede tardar en llegarle el producto intercambiado puede variar.<\/p>\n\n<p>Si va a devolver art\u00edculos m\u00e1s caros, puede considerar la posibilidad de utilizar un servicio de env\u00edo con seguimiento o contratar un seguro de env\u00edo. No garantizamos que recibamos el art\u00edculo devuelto.<\/p>\n\n<h2>Need help?<\/h2>\n\n<p>P\u00f3ngase en contacto con nosotros en {email} para cuestiones relacionadas con reembolsos y devoluciones.<\/p>\n","protected":false},"excerpt":{"rendered":"<p>Esta es una p\u00e1gina de muestra. Overview Nuestra pol\u00edtica de [&hellip;]<\/p>\n","protected":false},"author":3,"featured_media":0,"parent":0,"menu_order":0,"comment_status":"closed","ping_status":"closed","template":"","meta":{"footnotes":""},"class_list":["post-2842","page","type-page","status-publish","hentry"],"yoast_head":"<!-- This site is optimized with the Yoast SEO Premium plugin v24.5 (Yoast SEO v27.3) - https:\/\/yoast.com\/product\/yoast-seo-premium-wordpress\/ -->\n<title>Laser Products, Inc.<\/title>\n<meta name=\"description\" content=\"Laser Products, Inc. es una empresa puertorrique\u00f1a ubicada en Juncos, Puerto Rico. Contamos con m\u00e1s de 30 a\u00f1os de experiencia en la fabricaci\u00f3n de productos qu\u00edmicos especializados para la limpieza y desinfecci\u00f3n.\" \/>\n<meta name=\"robots\" content=\"index, follow, max-snippet:-1, max-image-preview:large, max-video-preview:-1\" \/>\n<link rel=\"canonical\" href=\"https:\/\/laserpr.com\/es\/politica-de-devoluciones-y-reembolsos\/\" \/>\n<meta property=\"og:locale\" content=\"es_ES\" \/>\n<meta property=\"og:type\" content=\"article\" \/>\n<meta property=\"og:title\" content=\"Pol\u00edtica de devoluciones y reembolsos\" \/>\n<meta property=\"og:description\" content=\"Laser Products, Inc. es una empresa puertorrique\u00f1a ubicada en Juncos, Puerto Rico. Contamos con m\u00e1s de 30 a\u00f1os de experiencia en la fabricaci\u00f3n de productos qu\u00edmicos especializados para la limpieza y desinfecci\u00f3n.\" \/>\n<meta property=\"og:url\" content=\"https:\/\/laserpr.com\/es\/politica-de-devoluciones-y-reembolsos\/\" \/>\n<meta property=\"og:site_name\" content=\"Laser Products, Inc.\" \/>\n<meta property=\"article:publisher\" content=\"https:\/\/www.facebook.com\/IndustriaPuertorriquena\" \/>\n<meta property=\"article:modified_time\" content=\"2024-02-06T20:52:29+00:00\" \/>\n<meta property=\"og:image\" content=\"https:\/\/laserpr.com\/wp-content\/uploads\/2023\/03\/laser-products-243x80-1.png\" \/>\n\t<meta property=\"og:image:width\" content=\"243\" \/>\n\t<meta property=\"og:image:height\" content=\"80\" \/>\n\t<meta property=\"og:image:type\" content=\"image\/png\" \/>\n<meta name=\"twitter:card\" content=\"summary_large_image\" \/>\n<meta name=\"twitter:label1\" content=\"Tiempo de lectura\" \/>\n\t<meta name=\"twitter:data1\" content=\"3 minutos\" \/>\n<script type=\"application\/ld+json\" class=\"yoast-schema-graph\">{\"@context\":\"https:\\\/\\\/schema.org\",\"@graph\":[{\"@type\":\"WebPage\",\"@id\":\"https:\\\/\\\/laserpr.com\\\/es\\\/politica-de-devoluciones-y-reembolsos\\\/\",\"url\":\"https:\\\/\\\/laserpr.com\\\/es\\\/politica-de-devoluciones-y-reembolsos\\\/\",\"name\":\"Laser Products, Inc.\",\"isPartOf\":{\"@id\":\"https:\\\/\\\/laserpr.com\\\/es\\\/#website\"},\"datePublished\":\"2024-02-06T20:52:23+00:00\",\"dateModified\":\"2024-02-06T20:52:29+00:00\",\"description\":\"Laser Products, Inc. es una empresa puertorrique\u00f1a ubicada en Juncos, Puerto Rico. Contamos con m\u00e1s de 30 a\u00f1os de experiencia en la fabricaci\u00f3n de productos qu\u00edmicos especializados para la limpieza y desinfecci\u00f3n.\",\"breadcrumb\":{\"@id\":\"https:\\\/\\\/laserpr.com\\\/es\\\/politica-de-devoluciones-y-reembolsos\\\/#breadcrumb\"},\"inLanguage\":\"es\",\"potentialAction\":[{\"@type\":\"ReadAction\",\"target\":[\"https:\\\/\\\/laserpr.com\\\/es\\\/politica-de-devoluciones-y-reembolsos\\\/\"]}]},{\"@type\":\"BreadcrumbList\",\"@id\":\"https:\\\/\\\/laserpr.com\\\/es\\\/politica-de-devoluciones-y-reembolsos\\\/#breadcrumb\",\"itemListElement\":[{\"@type\":\"ListItem\",\"position\":1,\"name\":\"Home\",\"item\":\"https:\\\/\\\/laserpr.com\\\/es\\\/\"},{\"@type\":\"ListItem\",\"position\":2,\"name\":\"Pol\u00edtica de devoluciones y reembolsos\"}]},{\"@type\":\"WebSite\",\"@id\":\"https:\\\/\\\/laserpr.com\\\/es\\\/#website\",\"url\":\"https:\\\/\\\/laserpr.com\\\/es\\\/\",\"name\":\"Laser Products, Inc.\",\"description\":\"Laser Products, Inc. es una empresa puertorrique&ntilde;a ubicada en Juncos, Puerto Rico. Contamos con m&aacute;s de 30 a&ntilde;os de experiencia en la fabricaci&oacute;n de productos qu&iacute;micos especializados para la limpieza y desinfecci&oacute;n.\",\"publisher\":{\"@id\":\"https:\\\/\\\/laserpr.com\\\/es\\\/#organization\"},\"alternateName\":\"Laser Products, Inc.\",\"potentialAction\":[{\"@type\":\"SearchAction\",\"target\":{\"@type\":\"EntryPoint\",\"urlTemplate\":\"https:\\\/\\\/laserpr.com\\\/es\\\/?s={search_term_string}\"},\"query-input\":{\"@type\":\"PropertyValueSpecification\",\"valueRequired\":true,\"valueName\":\"search_term_string\"}}],\"inLanguage\":\"es\"},{\"@type\":\"Organization\",\"@id\":\"https:\\\/\\\/laserpr.com\\\/es\\\/#organization\",\"name\":\"Laser Products, Inc.\",\"alternateName\":\"Laser Products, Inc.\",\"url\":\"https:\\\/\\\/laserpr.com\\\/es\\\/\",\"logo\":{\"@type\":\"ImageObject\",\"inLanguage\":\"es\",\"@id\":\"https:\\\/\\\/laserpr.com\\\/es\\\/#\\\/schema\\\/logo\\\/image\\\/\",\"url\":\"https:\\\/\\\/laserpr.com\\\/wp-content\\\/uploads\\\/2023\\\/03\\\/laser-products-486x160-1.png\",\"contentUrl\":\"https:\\\/\\\/laserpr.com\\\/wp-content\\\/uploads\\\/2023\\\/03\\\/laser-products-486x160-1.png\",\"width\":486,\"height\":160,\"caption\":\"Laser Products, Inc.\"},\"image\":{\"@id\":\"https:\\\/\\\/laserpr.com\\\/es\\\/#\\\/schema\\\/logo\\\/image\\\/\"},\"sameAs\":[\"https:\\\/\\\/www.facebook.com\\\/IndustriaPuertorriquena\",\"https:\\\/\\\/www.instagram.com\\\/industriapuertorriquena\\\/\",\"https:\\\/\\\/www.linkedin.com\\\/company\\\/laser-products\\\/\"],\"publishingPrinciples\":\"https:\\\/\\\/laserproducts-xgwohz8kzq.live-website.com\\\/business\\\/\",\"ownershipFundingInfo\":\"https:\\\/\\\/laserproducts-xgwohz8kzq.live-website.com\\\/business\\\/\",\"actionableFeedbackPolicy\":\"https:\\\/\\\/laserproducts-xgwohz8kzq.live-website.com\\\/business\\\/\"}]}<\/script>\n<!-- \/ Yoast SEO Premium plugin. -->","yoast_head_json":{"title":"Laser Products, Inc.","description":"Laser Products, Inc. es una empresa puertorrique\u00f1a ubicada en Juncos, Puerto Rico. Contamos con m\u00e1s de 30 a\u00f1os de experiencia en la fabricaci\u00f3n de productos qu\u00edmicos especializados para la limpieza y desinfecci\u00f3n.","robots":{"index":"index","follow":"follow","max-snippet":"max-snippet:-1","max-image-preview":"max-image-preview:large","max-video-preview":"max-video-preview:-1"},"canonical":"https:\/\/laserpr.com\/es\/politica-de-devoluciones-y-reembolsos\/","og_locale":"es_ES","og_type":"article","og_title":"Pol\u00edtica de devoluciones y reembolsos","og_description":"Laser Products, Inc. es una empresa puertorrique\u00f1a ubicada en Juncos, Puerto Rico. Contamos con m\u00e1s de 30 a\u00f1os de experiencia en la fabricaci\u00f3n de productos qu\u00edmicos especializados para la limpieza y desinfecci\u00f3n.","og_url":"https:\/\/laserpr.com\/es\/politica-de-devoluciones-y-reembolsos\/","og_site_name":"Laser Products, Inc.","article_publisher":"https:\/\/www.facebook.com\/IndustriaPuertorriquena","article_modified_time":"2024-02-06T20:52:29+00:00","og_image":[{"width":243,"height":80,"url":"https:\/\/laserpr.com\/wp-content\/uploads\/2023\/03\/laser-products-243x80-1.png","type":"image\/png"}],"twitter_card":"summary_large_image","twitter_misc":{"Tiempo de lectura":"3 minutos"},"schema":{"@context":"https:\/\/schema.org","@graph":[{"@type":"WebPage","@id":"https:\/\/laserpr.com\/es\/politica-de-devoluciones-y-reembolsos\/","url":"https:\/\/laserpr.com\/es\/politica-de-devoluciones-y-reembolsos\/","name":"Laser Products, Inc.","isPartOf":{"@id":"https:\/\/laserpr.com\/es\/#website"},"datePublished":"2024-02-06T20:52:23+00:00","dateModified":"2024-02-06T20:52:29+00:00","description":"Laser Products, Inc. es una empresa puertorrique\u00f1a ubicada en Juncos, Puerto Rico. Contamos con m\u00e1s de 30 a\u00f1os de experiencia en la fabricaci\u00f3n de productos qu\u00edmicos especializados para la limpieza y desinfecci\u00f3n.","breadcrumb":{"@id":"https:\/\/laserpr.com\/es\/politica-de-devoluciones-y-reembolsos\/#breadcrumb"},"inLanguage":"es","potentialAction":[{"@type":"ReadAction","target":["https:\/\/laserpr.com\/es\/politica-de-devoluciones-y-reembolsos\/"]}]},{"@type":"BreadcrumbList","@id":"https:\/\/laserpr.com\/es\/politica-de-devoluciones-y-reembolsos\/#breadcrumb","itemListElement":[{"@type":"ListItem","position":1,"name":"Home","item":"https:\/\/laserpr.com\/es\/"},{"@type":"ListItem","position":2,"name":"Pol\u00edtica de devoluciones y reembolsos"}]},{"@type":"WebSite","@id":"https:\/\/laserpr.com\/es\/#website","url":"https:\/\/laserpr.com\/es\/","name":"Laser Products, Inc.","description":"Laser Products, Inc. es una empresa puertorrique&ntilde;a ubicada en Juncos, Puerto Rico. Contamos con m&aacute;s de 30 a&ntilde;os de experiencia en la fabricaci&oacute;n de productos qu&iacute;micos especializados para la limpieza y desinfecci&oacute;n.","publisher":{"@id":"https:\/\/laserpr.com\/es\/#organization"},"alternateName":"Laser Products, Inc.","potentialAction":[{"@type":"SearchAction","target":{"@type":"EntryPoint","urlTemplate":"https:\/\/laserpr.com\/es\/?s={search_term_string}"},"query-input":{"@type":"PropertyValueSpecification","valueRequired":true,"valueName":"search_term_string"}}],"inLanguage":"es"},{"@type":"Organization","@id":"https:\/\/laserpr.com\/es\/#organization","name":"Laser Products, Inc.","alternateName":"Laser Products, Inc.","url":"https:\/\/laserpr.com\/es\/","logo":{"@type":"ImageObject","inLanguage":"es","@id":"https:\/\/laserpr.com\/es\/#\/schema\/logo\/image\/","url":"https:\/\/laserpr.com\/wp-content\/uploads\/2023\/03\/laser-products-486x160-1.png","contentUrl":"https:\/\/laserpr.com\/wp-content\/uploads\/2023\/03\/laser-products-486x160-1.png","width":486,"height":160,"caption":"Laser Products, Inc."},"image":{"@id":"https:\/\/laserpr.com\/es\/#\/schema\/logo\/image\/"},"sameAs":["https:\/\/www.facebook.com\/IndustriaPuertorriquena","https:\/\/www.instagram.com\/industriapuertorriquena\/","https:\/\/www.linkedin.com\/company\/laser-products\/"],"publishingPrinciples":"https:\/\/laserproducts-xgwohz8kzq.live-website.com\/business\/","ownershipFundingInfo":"https:\/\/laserproducts-xgwohz8kzq.live-website.com\/business\/","actionableFeedbackPolicy":"https:\/\/laserproducts-xgwohz8kzq.live-website.com\/business\/"}]}},"_links":{"self":[{"href":"https:\/\/laserpr.com\/es\/wp-json\/wp\/v2\/pages\/2842","targetHints":{"allow":["GET"]}}],"collection":[{"href":"https:\/\/laserpr.com\/es\/wp-json\/wp\/v2\/pages"}],"about":[{"href":"https:\/\/laserpr.com\/es\/wp-json\/wp\/v2\/types\/page"}],"author":[{"embeddable":true,"href":"https:\/\/laserpr.com\/es\/wp-json\/wp\/v2\/users\/3"}],"replies":[{"embeddable":true,"href":"https:\/\/laserpr.com\/es\/wp-json\/wp\/v2\/comments?post=2842"}],"version-history":[{"count":2,"href":"https:\/\/laserpr.com\/es\/wp-json\/wp\/v2\/pages\/2842\/revisions"}],"predecessor-version":[{"id":2844,"href":"https:\/\/laserpr.com\/es\/wp-json\/wp\/v2\/pages\/2842\/revisions\/2844"}],"wp:attachment":[{"href":"https:\/\/laserpr.com\/es\/wp-json\/wp\/v2\/media?parent=2842"}],"curies":[{"name":"wp","href":"https:\/\/api.w.org\/{rel}","templated":true}]}}