{"id":2839,"date":"2024-02-06T16:52:22","date_gmt":"2024-02-06T20:52:22","guid":{"rendered":"https:\/\/laserpr.com\/carrito\/"},"modified":"2024-02-06T16:52:23","modified_gmt":"2024-02-06T20:52:23","slug":"carrito","status":"publish","type":"page","link":"https:\/\/laserpr.com\/es\/carrito\/","title":{"rendered":"Carrito"},"content":{"rendered":"\n<div data-block-name=\"woocommerce\/cart\" class=\"wp-block-woocommerce-cart alignwide is-loading\">\n<div data-block-name=\"woocommerce\/filled-cart-block\" class=\"wp-block-woocommerce-filled-cart-block\">\n<div data-block-name=\"woocommerce\/cart-items-block\" class=\"wp-block-woocommerce-cart-items-block\">\n<div data-block-name=\"woocommerce\/cart-line-items-block\" class=\"wp-block-woocommerce-cart-line-items-block\"><\/div>\n\n\n\n<div data-block-name=\"woocommerce\/cart-cross-sells-block\" class=\"wp-block-woocommerce-cart-cross-sells-block\">\n<h2 class=\"wp-block-heading has-large-font-size\">You may be interested in\u2026<\/h2>\n\n\n\n<div data-block-name=\"woocommerce\/cart-cross-sells-products-block\" class=\"wp-block-woocommerce-cart-cross-sells-products-block\"><\/div>\n<\/div>\n<\/div>\n\n\n\n<div data-block-name=\"woocommerce\/cart-totals-block\" class=\"wp-block-woocommerce-cart-totals-block\">\n<div data-block-name=\"woocommerce\/cart-order-summary-block\" class=\"wp-block-woocommerce-cart-order-summary-block\">\n<div data-block-name=\"woocommerce\/cart-order-summary-heading-block\" class=\"wp-block-woocommerce-cart-order-summary-heading-block\"><\/div><div data-block-name=\"woocommerce\/cart-order-summary-coupon-form-block\" class=\"wp-block-woocommerce-cart-order-summary-coupon-form-block\"><\/div><div data-block-name=\"woocommerce\/cart-order-summary-totals-block\" class=\"wp-block-woocommerce-cart-order-summary-totals-block\">\n<div data-block-name=\"woocommerce\/cart-order-summary-subtotal-block\" class=\"wp-block-woocommerce-cart-order-summary-subtotal-block\"><\/div>\n<div data-block-name=\"woocommerce\/cart-order-summary-discount-block\" class=\"wp-block-woocommerce-cart-order-summary-discount-block\"><\/div>\n<div data-block-name=\"woocommerce\/cart-order-summary-fee-block\" class=\"wp-block-woocommerce-cart-order-summary-fee-block\"><\/div>\n<div data-block-name=\"woocommerce\/cart-order-summary-shipping-block\" class=\"wp-block-woocommerce-cart-order-summary-shipping-block\"><\/div>\n<div data-block-name=\"woocommerce\/cart-order-summary-taxes-block\" class=\"wp-block-woocommerce-cart-order-summary-taxes-block\"><\/div><\/div>\n<\/div>\n\n\n\n<div data-block-name=\"woocommerce\/cart-express-payment-block\" class=\"wp-block-woocommerce-cart-express-payment-block\"><\/div>\n\n\n\n<div data-block-name=\"woocommerce\/proceed-to-checkout-block\" class=\"wp-block-woocommerce-proceed-to-checkout-block\"><\/div>\n\n\n\n<div data-block-name=\"woocommerce\/cart-accepted-payment-methods-block\" class=\"wp-block-woocommerce-cart-accepted-payment-methods-block\"><\/div>\n<\/div>\n<\/div>\n\n\n\n<div data-block-name=\"woocommerce\/empty-cart-block\" class=\"wp-block-woocommerce-empty-cart-block\">\n<h2 class=\"wp-block-heading has-text-align-center with-empty-cart-icon wc-block-cart__empty-cart__title\">Your cart is currently empty!<\/h2>\n\n\n\n<hr class=\"wp-block-separator has-alpha-channel-opacity is-style-dots\"\/>\n\n\n\n<h2 class=\"wp-block-heading has-text-align-center\">New in store<\/h2>\n\n\n<div data-block-name=\"woocommerce\/product-new\" data-columns=\"4\" data-rows=\"1\" class=\"wc-block-grid wp-block-product-new wp-block-woocommerce-product-new wc-block-product-new has-4-columns\"><ul class=\"wc-block-grid__products\"><li class=\"wc-block-grid__product\">\n\t\t\t\t<a href=\"https:\/\/laserpr.com\/product\/ultra-force-heavy-duty-degreaser-and-industrial-cleaner-5-gal-pal\/\" class=\"wc-block-grid__product-link\">\n\t\t\t\t\t\n\t\t\t\t\t<div class=\"wc-block-grid__product-image\"><img decoding=\"async\" width=\"500\" height=\"500\" src=\"https:\/\/laserpr.com\/wp-content\/uploads\/2024\/11\/Activa-ultraforce_5-Gal_Front-03-500x500.png\" class=\"attachment-woocommerce_thumbnail size-woocommerce_thumbnail lazyload\" alt=\"Ultra Force\u00ae Heavy Duty Degreaser and Industrial Cleaner 5 Gal Pail\" srcset=\"data:image\/svg+xml,%3Csvg%20xmlns%3D%27http%3A%2F%2Fwww.w3.org%2F2000%2Fsvg%27%20width%3D%274176%27%20height%3D%274176%27%20viewBox%3D%270%200%204176%204176%27%3E%3Crect%20width%3D%274176%27%20height%3D%274176%27%20fill-opacity%3D%220%22%2F%3E%3C%2Fsvg%3E\" data-orig-src=\"https:\/\/laserpr.com\/wp-content\/uploads\/2024\/11\/Activa-ultraforce_5-Gal_Front-03-500x500.png\" data-srcset=\"https:\/\/laserpr.com\/wp-content\/uploads\/2024\/11\/Activa-ultraforce_5-Gal_Front-03-66x66.png 66w, https:\/\/laserpr.com\/wp-content\/uploads\/2024\/11\/Activa-ultraforce_5-Gal_Front-03-150x150.png 150w, https:\/\/laserpr.com\/wp-content\/uploads\/2024\/11\/Activa-ultraforce_5-Gal_Front-03-200x200.png 200w, https:\/\/laserpr.com\/wp-content\/uploads\/2024\/11\/Activa-ultraforce_5-Gal_Front-03-300x300.png 300w, https:\/\/laserpr.com\/wp-content\/uploads\/2024\/11\/Activa-ultraforce_5-Gal_Front-03-400x400.png 400w, https:\/\/laserpr.com\/wp-content\/uploads\/2024\/11\/Activa-ultraforce_5-Gal_Front-03-500x500.png 500w, https:\/\/laserpr.com\/wp-content\/uploads\/2024\/11\/Activa-ultraforce_5-Gal_Front-03-600x600.png 600w, https:\/\/laserpr.com\/wp-content\/uploads\/2024\/11\/Activa-ultraforce_5-Gal_Front-03-700x700.png 700w, https:\/\/laserpr.com\/wp-content\/uploads\/2024\/11\/Activa-ultraforce_5-Gal_Front-03-768x768.png 768w, https:\/\/laserpr.com\/wp-content\/uploads\/2024\/11\/Activa-ultraforce_5-Gal_Front-03-800x800.png 800w, https:\/\/laserpr.com\/wp-content\/uploads\/2024\/11\/Activa-ultraforce_5-Gal_Front-03-1024x1024.png 1024w, https:\/\/laserpr.com\/wp-content\/uploads\/2024\/11\/Activa-ultraforce_5-Gal_Front-03-1200x1200.png 1200w, https:\/\/laserpr.com\/wp-content\/uploads\/2024\/11\/Activa-ultraforce_5-Gal_Front-03-1536x1536.png 1536w\" data-sizes=\"auto\" \/><\/div>\n\t\t\t\t\t<div class=\"wc-block-grid__product-title\">Ultra Force\u00ae Heavy Duty Degreaser and Industrial Cleaner 5 Gal Pail<\/div>\n\t\t\t\t<\/a>\n\t\t\t\t<div class=\"wc-block-grid__product-price price\"><\/div>\n\t\t\t\t\n\t\t\t\t<div class=\"wp-block-button wc-block-grid__product-add-to-cart\"><a href=\"https:\/\/laserpr.com\/product\/ultra-force-heavy-duty-degreaser-and-industrial-cleaner-5-gal-pal\/\" aria-label=\"Lee m\u00e1s sobre &ldquo;Ultra Force\u00ae Heavy Duty Degreaser and Industrial Cleaner 5 Gal Pail&rdquo;\" data-quantity=\"1\" data-product_id=\"4472\" data-product_sku=\"727858603336-1\" data-price=\"0\" rel=\"nofollow\" class=\"wp-block-button__link  add_to_cart_button\">Leer m\u00e1s<\/a><\/div>\n\t\t\t<\/li><li class=\"wc-block-grid__product\">\n\t\t\t\t<a href=\"https:\/\/laserpr.com\/product\/master-mechanic-multi-purpose-cleaner-5-gal-pail\/\" class=\"wc-block-grid__product-link\">\n\t\t\t\t\t\n\t\t\t\t\t<div class=\"wc-block-grid__product-image\"><img decoding=\"async\" width=\"500\" height=\"500\" src=\"https:\/\/laserpr.com\/wp-content\/uploads\/2024\/11\/Activa-master-mechanic_5-Gal_Front-02-500x500.png\" class=\"attachment-woocommerce_thumbnail size-woocommerce_thumbnail lazyload\" alt=\"Master Mechanic\u00ae Multi-Purpose Cleaner 5 Gal Pail\" srcset=\"data:image\/svg+xml,%3Csvg%20xmlns%3D%27http%3A%2F%2Fwww.w3.org%2F2000%2Fsvg%27%20width%3D%274176%27%20height%3D%274176%27%20viewBox%3D%270%200%204176%204176%27%3E%3Crect%20width%3D%274176%27%20height%3D%274176%27%20fill-opacity%3D%220%22%2F%3E%3C%2Fsvg%3E\" data-orig-src=\"https:\/\/laserpr.com\/wp-content\/uploads\/2024\/11\/Activa-master-mechanic_5-Gal_Front-02-500x500.png\" data-srcset=\"https:\/\/laserpr.com\/wp-content\/uploads\/2024\/11\/Activa-master-mechanic_5-Gal_Front-02-66x66.png 66w, https:\/\/laserpr.com\/wp-content\/uploads\/2024\/11\/Activa-master-mechanic_5-Gal_Front-02-150x150.png 150w, https:\/\/laserpr.com\/wp-content\/uploads\/2024\/11\/Activa-master-mechanic_5-Gal_Front-02-200x200.png 200w, https:\/\/laserpr.com\/wp-content\/uploads\/2024\/11\/Activa-master-mechanic_5-Gal_Front-02-300x300.png 300w, https:\/\/laserpr.com\/wp-content\/uploads\/2024\/11\/Activa-master-mechanic_5-Gal_Front-02-400x400.png 400w, https:\/\/laserpr.com\/wp-content\/uploads\/2024\/11\/Activa-master-mechanic_5-Gal_Front-02-500x500.png 500w, https:\/\/laserpr.com\/wp-content\/uploads\/2024\/11\/Activa-master-mechanic_5-Gal_Front-02-600x600.png 600w, https:\/\/laserpr.com\/wp-content\/uploads\/2024\/11\/Activa-master-mechanic_5-Gal_Front-02-700x700.png 700w, https:\/\/laserpr.com\/wp-content\/uploads\/2024\/11\/Activa-master-mechanic_5-Gal_Front-02-768x768.png 768w, https:\/\/laserpr.com\/wp-content\/uploads\/2024\/11\/Activa-master-mechanic_5-Gal_Front-02-800x800.png 800w, https:\/\/laserpr.com\/wp-content\/uploads\/2024\/11\/Activa-master-mechanic_5-Gal_Front-02-1024x1024.png 1024w, https:\/\/laserpr.com\/wp-content\/uploads\/2024\/11\/Activa-master-mechanic_5-Gal_Front-02-1200x1200.png 1200w, https:\/\/laserpr.com\/wp-content\/uploads\/2024\/11\/Activa-master-mechanic_5-Gal_Front-02-1536x1536.png 1536w\" data-sizes=\"auto\" \/><\/div>\n\t\t\t\t\t<div class=\"wc-block-grid__product-title\">Master Mechanic\u00ae Multi-Purpose Cleaner 5 Gal Pail<\/div>\n\t\t\t\t<\/a>\n\t\t\t\t<div class=\"wc-block-grid__product-price price\"><\/div>\n\t\t\t\t\n\t\t\t\t<div class=\"wp-block-button wc-block-grid__product-add-to-cart\"><a href=\"https:\/\/laserpr.com\/product\/master-mechanic-multi-purpose-cleaner-5-gal-pail\/\" aria-label=\"Lee m\u00e1s sobre &ldquo;Master Mechanic\u00ae Multi-Purpose Cleaner 5 Gal Pail&rdquo;\" data-quantity=\"1\" data-product_id=\"4463\" data-product_sku=\"727858017300-1\" data-price=\"0\" rel=\"nofollow\" class=\"wp-block-button__link  add_to_cart_button\">Leer m\u00e1s<\/a><\/div>\n\t\t\t<\/li><li class=\"wc-block-grid__product\">\n\t\t\t\t<a href=\"https:\/\/laserpr.com\/product\/activa-fresh-breeze-scent-fabric-softener-210-fl-oz\/\" class=\"wc-block-grid__product-link\">\n\t\t\t\t\t\n\t\t\t\t\t<div class=\"wc-block-grid__product-image\"><img decoding=\"async\" width=\"500\" height=\"500\" src=\"https:\/\/laserpr.com\/wp-content\/uploads\/2023\/09\/activa-fresh-breeze-fabric-softener-210-fl-oz-front-1000x1000-1-500x500.jpg\" class=\"attachment-woocommerce_thumbnail size-woocommerce_thumbnail lazyload\" alt=\"Activa\u00ae Fresh Breeze Scent Fabric Softener 210 FL oz\" srcset=\"data:image\/svg+xml,%3Csvg%20xmlns%3D%27http%3A%2F%2Fwww.w3.org%2F2000%2Fsvg%27%20width%3D%271000%27%20height%3D%271000%27%20viewBox%3D%270%200%201000%201000%27%3E%3Crect%20width%3D%271000%27%20height%3D%271000%27%20fill-opacity%3D%220%22%2F%3E%3C%2Fsvg%3E\" data-orig-src=\"https:\/\/laserpr.com\/wp-content\/uploads\/2023\/09\/activa-fresh-breeze-fabric-softener-210-fl-oz-front-1000x1000-1-500x500.jpg\" data-srcset=\"https:\/\/laserpr.com\/wp-content\/uploads\/2023\/09\/activa-fresh-breeze-fabric-softener-210-fl-oz-front-1000x1000-1-66x66.jpg 66w, https:\/\/laserpr.com\/wp-content\/uploads\/2023\/09\/activa-fresh-breeze-fabric-softener-210-fl-oz-front-1000x1000-1-150x150.jpg 150w, https:\/\/laserpr.com\/wp-content\/uploads\/2023\/09\/activa-fresh-breeze-fabric-softener-210-fl-oz-front-1000x1000-1-200x200.jpg 200w, https:\/\/laserpr.com\/wp-content\/uploads\/2023\/09\/activa-fresh-breeze-fabric-softener-210-fl-oz-front-1000x1000-1-300x300.jpg 300w, https:\/\/laserpr.com\/wp-content\/uploads\/2023\/09\/activa-fresh-breeze-fabric-softener-210-fl-oz-front-1000x1000-1-400x400.jpg 400w, https:\/\/laserpr.com\/wp-content\/uploads\/2023\/09\/activa-fresh-breeze-fabric-softener-210-fl-oz-front-1000x1000-1-500x500.jpg 500w, https:\/\/laserpr.com\/wp-content\/uploads\/2023\/09\/activa-fresh-breeze-fabric-softener-210-fl-oz-front-1000x1000-1-600x600.jpg 600w, https:\/\/laserpr.com\/wp-content\/uploads\/2023\/09\/activa-fresh-breeze-fabric-softener-210-fl-oz-front-1000x1000-1-700x700.jpg 700w, https:\/\/laserpr.com\/wp-content\/uploads\/2023\/09\/activa-fresh-breeze-fabric-softener-210-fl-oz-front-1000x1000-1-768x768.jpg 768w, https:\/\/laserpr.com\/wp-content\/uploads\/2023\/09\/activa-fresh-breeze-fabric-softener-210-fl-oz-front-1000x1000-1-800x800.jpg 800w, https:\/\/laserpr.com\/wp-content\/uploads\/2023\/09\/activa-fresh-breeze-fabric-softener-210-fl-oz-front-1000x1000-1.jpg 1000w\" data-sizes=\"auto\" \/><\/div>\n\t\t\t\t\t<div class=\"wc-block-grid__product-title\">Activa\u00ae Fresh Breeze Scent Fabric Softener 210 FL oz<\/div>\n\t\t\t\t<\/a>\n\t\t\t\t<div class=\"wc-block-grid__product-price price\"><\/div>\n\t\t\t\t\n\t\t\t\t<div class=\"wp-block-button wc-block-grid__product-add-to-cart\"><a href=\"https:\/\/laserpr.com\/product\/activa-fresh-breeze-scent-fabric-softener-210-fl-oz\/\" aria-label=\"Lee m\u00e1s sobre &ldquo;Activa\u00ae Fresh Breeze Scent Fabric Softener 210 FL oz&rdquo;\" data-quantity=\"1\" data-product_id=\"2757\" data-product_sku=\"\" data-price=\"0\" rel=\"nofollow\" class=\"wp-block-button__link  add_to_cart_button\">Leer m\u00e1s<\/a><\/div>\n\t\t\t<\/li><li class=\"wc-block-grid__product\">\n\t\t\t\t<a href=\"https:\/\/laserpr.com\/product\/activa-deodorizing-cleaner-with-passion-fruit-scent-294-fl-oz\/\" class=\"wc-block-grid__product-link\">\n\t\t\t\t\t\n\t\t\t\t\t<div class=\"wc-block-grid__product-image\"><img decoding=\"async\" width=\"500\" height=\"500\" src=\"https:\/\/laserpr.com\/wp-content\/uploads\/2023\/09\/activa-deodorizing-cleaner-with-passion-fragance-294oz-front-1000x1000-1-500x500.jpg\" class=\"attachment-woocommerce_thumbnail size-woocommerce_thumbnail lazyload\" alt=\"Activa\u00ae Deodorizing Cleaner with Passion Fruit Scent 294 FL oz\" srcset=\"data:image\/svg+xml,%3Csvg%20xmlns%3D%27http%3A%2F%2Fwww.w3.org%2F2000%2Fsvg%27%20width%3D%271000%27%20height%3D%271000%27%20viewBox%3D%270%200%201000%201000%27%3E%3Crect%20width%3D%271000%27%20height%3D%271000%27%20fill-opacity%3D%220%22%2F%3E%3C%2Fsvg%3E\" data-orig-src=\"https:\/\/laserpr.com\/wp-content\/uploads\/2023\/09\/activa-deodorizing-cleaner-with-passion-fragance-294oz-front-1000x1000-1-500x500.jpg\" data-srcset=\"https:\/\/laserpr.com\/wp-content\/uploads\/2023\/09\/activa-deodorizing-cleaner-with-passion-fragance-294oz-front-1000x1000-1-66x66.jpg 66w, https:\/\/laserpr.com\/wp-content\/uploads\/2023\/09\/activa-deodorizing-cleaner-with-passion-fragance-294oz-front-1000x1000-1-150x150.jpg 150w, https:\/\/laserpr.com\/wp-content\/uploads\/2023\/09\/activa-deodorizing-cleaner-with-passion-fragance-294oz-front-1000x1000-1-200x200.jpg 200w, https:\/\/laserpr.com\/wp-content\/uploads\/2023\/09\/activa-deodorizing-cleaner-with-passion-fragance-294oz-front-1000x1000-1-300x300.jpg 300w, https:\/\/laserpr.com\/wp-content\/uploads\/2023\/09\/activa-deodorizing-cleaner-with-passion-fragance-294oz-front-1000x1000-1-400x400.jpg 400w, https:\/\/laserpr.com\/wp-content\/uploads\/2023\/09\/activa-deodorizing-cleaner-with-passion-fragance-294oz-front-1000x1000-1-500x500.jpg 500w, https:\/\/laserpr.com\/wp-content\/uploads\/2023\/09\/activa-deodorizing-cleaner-with-passion-fragance-294oz-front-1000x1000-1-600x600.jpg 600w, https:\/\/laserpr.com\/wp-content\/uploads\/2023\/09\/activa-deodorizing-cleaner-with-passion-fragance-294oz-front-1000x1000-1-700x700.jpg 700w, https:\/\/laserpr.com\/wp-content\/uploads\/2023\/09\/activa-deodorizing-cleaner-with-passion-fragance-294oz-front-1000x1000-1-768x768.jpg 768w, https:\/\/laserpr.com\/wp-content\/uploads\/2023\/09\/activa-deodorizing-cleaner-with-passion-fragance-294oz-front-1000x1000-1-800x800.jpg 800w, https:\/\/laserpr.com\/wp-content\/uploads\/2023\/09\/activa-deodorizing-cleaner-with-passion-fragance-294oz-front-1000x1000-1.jpg 1000w\" data-sizes=\"auto\" \/><\/div>\n\t\t\t\t\t<div class=\"wc-block-grid__product-title\">Activa\u00ae Deodorizing Cleaner with Passion Fruit Scent 294 FL oz<\/div>\n\t\t\t\t<\/a>\n\t\t\t\t<div class=\"wc-block-grid__product-price price\"><\/div>\n\t\t\t\t\n\t\t\t\t<div class=\"wp-block-button wc-block-grid__product-add-to-cart\"><a href=\"https:\/\/laserpr.com\/product\/activa-deodorizing-cleaner-with-passion-fruit-scent-294-fl-oz\/\" aria-label=\"Lee m\u00e1s sobre &ldquo;Activa\u00ae Deodorizing Cleaner with Passion Fruit Scent 294 FL oz&rdquo;\" data-quantity=\"1\" data-product_id=\"2756\" data-product_sku=\"\" data-price=\"0\" rel=\"nofollow\" class=\"wp-block-button__link  add_to_cart_button\">Leer m\u00e1s<\/a><\/div>\n\t\t\t<\/li><\/ul><\/div><\/div>\n<\/div>\n","protected":false},"excerpt":{"rendered":"","protected":false},"author":2,"featured_media":0,"parent":0,"menu_order":0,"comment_status":"closed","ping_status":"closed","template":"","meta":{"footnotes":""},"class_list":["post-2839","page","type-page","status-publish","hentry"],"yoast_head":"<!-- This site is optimized with the Yoast SEO Premium plugin v24.5 (Yoast SEO v27.3) - https:\/\/yoast.com\/product\/yoast-seo-premium-wordpress\/ -->\n<title>Laser Products, Inc.<\/title>\n<meta name=\"description\" content=\"Laser Products, Inc. es una empresa puertorrique\u00f1a ubicada en Juncos, Puerto Rico. Contamos con m\u00e1s de 30 a\u00f1os de experiencia en la fabricaci\u00f3n de productos qu\u00edmicos especializados para la limpieza y desinfecci\u00f3n.\" \/>\n<meta name=\"robots\" content=\"index, follow, max-snippet:-1, max-image-preview:large, max-video-preview:-1\" \/>\n<link rel=\"canonical\" href=\"https:\/\/laserpr.com\/es\/carrito\/\" \/>\n<meta property=\"og:locale\" content=\"es_ES\" \/>\n<meta property=\"og:type\" content=\"article\" \/>\n<meta property=\"og:title\" content=\"Carrito\" \/>\n<meta property=\"og:description\" content=\"Laser Products, Inc. es una empresa puertorrique\u00f1a ubicada en Juncos, Puerto Rico. Contamos con m\u00e1s de 30 a\u00f1os de experiencia en la fabricaci\u00f3n de productos qu\u00edmicos especializados para la limpieza y desinfecci\u00f3n.\" \/>\n<meta property=\"og:url\" content=\"https:\/\/laserpr.com\/es\/carrito\/\" \/>\n<meta property=\"og:site_name\" content=\"Laser Products, Inc.\" \/>\n<meta property=\"article:publisher\" content=\"https:\/\/www.facebook.com\/IndustriaPuertorriquena\" \/>\n<meta property=\"article:modified_time\" content=\"2024-02-06T20:52:23+00:00\" \/>\n<meta property=\"og:image\" content=\"https:\/\/laserpr.com\/wp-content\/uploads\/2023\/03\/laser-products-243x80-1.png\" \/>\n\t<meta property=\"og:image:width\" content=\"243\" \/>\n\t<meta property=\"og:image:height\" content=\"80\" \/>\n\t<meta property=\"og:image:type\" content=\"image\/png\" \/>\n<meta name=\"twitter:card\" content=\"summary_large_image\" \/>\n<script type=\"application\/ld+json\" class=\"yoast-schema-graph\">{\"@context\":\"https:\\\/\\\/schema.org\",\"@graph\":[{\"@type\":\"WebPage\",\"@id\":\"https:\\\/\\\/laserpr.com\\\/es\\\/carrito\\\/\",\"url\":\"https:\\\/\\\/laserpr.com\\\/es\\\/carrito\\\/\",\"name\":\"Laser Products, Inc.\",\"isPartOf\":{\"@id\":\"https:\\\/\\\/laserpr.com\\\/es\\\/#website\"},\"datePublished\":\"2024-02-06T20:52:22+00:00\",\"dateModified\":\"2024-02-06T20:52:23+00:00\",\"description\":\"Laser Products, Inc. es una empresa puertorrique\u00f1a ubicada en Juncos, Puerto Rico. Contamos con m\u00e1s de 30 a\u00f1os de experiencia en la fabricaci\u00f3n de productos qu\u00edmicos especializados para la limpieza y desinfecci\u00f3n.\",\"breadcrumb\":{\"@id\":\"https:\\\/\\\/laserpr.com\\\/es\\\/carrito\\\/#breadcrumb\"},\"inLanguage\":\"es\",\"potentialAction\":[{\"@type\":\"ReadAction\",\"target\":[\"https:\\\/\\\/laserpr.com\\\/es\\\/carrito\\\/\"]}]},{\"@type\":\"BreadcrumbList\",\"@id\":\"https:\\\/\\\/laserpr.com\\\/es\\\/carrito\\\/#breadcrumb\",\"itemListElement\":[{\"@type\":\"ListItem\",\"position\":1,\"name\":\"Home\",\"item\":\"https:\\\/\\\/laserpr.com\\\/es\\\/\"},{\"@type\":\"ListItem\",\"position\":2,\"name\":\"Carrito\"}]},{\"@type\":\"WebSite\",\"@id\":\"https:\\\/\\\/laserpr.com\\\/es\\\/#website\",\"url\":\"https:\\\/\\\/laserpr.com\\\/es\\\/\",\"name\":\"Laser Products, Inc.\",\"description\":\"Laser Products, Inc. es una empresa puertorrique&ntilde;a ubicada en Juncos, Puerto Rico. Contamos con m&aacute;s de 30 a&ntilde;os de experiencia en la fabricaci&oacute;n de productos qu&iacute;micos especializados para la limpieza y desinfecci&oacute;n.\",\"publisher\":{\"@id\":\"https:\\\/\\\/laserpr.com\\\/es\\\/#organization\"},\"alternateName\":\"Laser Products, Inc.\",\"potentialAction\":[{\"@type\":\"SearchAction\",\"target\":{\"@type\":\"EntryPoint\",\"urlTemplate\":\"https:\\\/\\\/laserpr.com\\\/es\\\/?s={search_term_string}\"},\"query-input\":{\"@type\":\"PropertyValueSpecification\",\"valueRequired\":true,\"valueName\":\"search_term_string\"}}],\"inLanguage\":\"es\"},{\"@type\":\"Organization\",\"@id\":\"https:\\\/\\\/laserpr.com\\\/es\\\/#organization\",\"name\":\"Laser Products, Inc.\",\"alternateName\":\"Laser Products, Inc.\",\"url\":\"https:\\\/\\\/laserpr.com\\\/es\\\/\",\"logo\":{\"@type\":\"ImageObject\",\"inLanguage\":\"es\",\"@id\":\"https:\\\/\\\/laserpr.com\\\/es\\\/#\\\/schema\\\/logo\\\/image\\\/\",\"url\":\"https:\\\/\\\/laserpr.com\\\/wp-content\\\/uploads\\\/2023\\\/03\\\/laser-products-486x160-1.png\",\"contentUrl\":\"https:\\\/\\\/laserpr.com\\\/wp-content\\\/uploads\\\/2023\\\/03\\\/laser-products-486x160-1.png\",\"width\":486,\"height\":160,\"caption\":\"Laser Products, Inc.\"},\"image\":{\"@id\":\"https:\\\/\\\/laserpr.com\\\/es\\\/#\\\/schema\\\/logo\\\/image\\\/\"},\"sameAs\":[\"https:\\\/\\\/www.facebook.com\\\/IndustriaPuertorriquena\",\"https:\\\/\\\/www.instagram.com\\\/industriapuertorriquena\\\/\",\"https:\\\/\\\/www.linkedin.com\\\/company\\\/laser-products\\\/\"],\"publishingPrinciples\":\"https:\\\/\\\/laserproducts-xgwohz8kzq.live-website.com\\\/business\\\/\",\"ownershipFundingInfo\":\"https:\\\/\\\/laserproducts-xgwohz8kzq.live-website.com\\\/business\\\/\",\"actionableFeedbackPolicy\":\"https:\\\/\\\/laserproducts-xgwohz8kzq.live-website.com\\\/business\\\/\"}]}<\/script>\n<!-- \/ Yoast SEO Premium plugin. -->","yoast_head_json":{"title":"Laser Products, Inc.","description":"Laser Products, Inc. es una empresa puertorrique\u00f1a ubicada en Juncos, Puerto Rico. Contamos con m\u00e1s de 30 a\u00f1os de experiencia en la fabricaci\u00f3n de productos qu\u00edmicos especializados para la limpieza y desinfecci\u00f3n.","robots":{"index":"index","follow":"follow","max-snippet":"max-snippet:-1","max-image-preview":"max-image-preview:large","max-video-preview":"max-video-preview:-1"},"canonical":"https:\/\/laserpr.com\/es\/carrito\/","og_locale":"es_ES","og_type":"article","og_title":"Carrito","og_description":"Laser Products, Inc. es una empresa puertorrique\u00f1a ubicada en Juncos, Puerto Rico. Contamos con m\u00e1s de 30 a\u00f1os de experiencia en la fabricaci\u00f3n de productos qu\u00edmicos especializados para la limpieza y desinfecci\u00f3n.","og_url":"https:\/\/laserpr.com\/es\/carrito\/","og_site_name":"Laser Products, Inc.","article_publisher":"https:\/\/www.facebook.com\/IndustriaPuertorriquena","article_modified_time":"2024-02-06T20:52:23+00:00","og_image":[{"width":243,"height":80,"url":"https:\/\/laserpr.com\/wp-content\/uploads\/2023\/03\/laser-products-243x80-1.png","type":"image\/png"}],"twitter_card":"summary_large_image","schema":{"@context":"https:\/\/schema.org","@graph":[{"@type":"WebPage","@id":"https:\/\/laserpr.com\/es\/carrito\/","url":"https:\/\/laserpr.com\/es\/carrito\/","name":"Laser Products, Inc.","isPartOf":{"@id":"https:\/\/laserpr.com\/es\/#website"},"datePublished":"2024-02-06T20:52:22+00:00","dateModified":"2024-02-06T20:52:23+00:00","description":"Laser Products, Inc. es una empresa puertorrique\u00f1a ubicada en Juncos, Puerto Rico. Contamos con m\u00e1s de 30 a\u00f1os de experiencia en la fabricaci\u00f3n de productos qu\u00edmicos especializados para la limpieza y desinfecci\u00f3n.","breadcrumb":{"@id":"https:\/\/laserpr.com\/es\/carrito\/#breadcrumb"},"inLanguage":"es","potentialAction":[{"@type":"ReadAction","target":["https:\/\/laserpr.com\/es\/carrito\/"]}]},{"@type":"BreadcrumbList","@id":"https:\/\/laserpr.com\/es\/carrito\/#breadcrumb","itemListElement":[{"@type":"ListItem","position":1,"name":"Home","item":"https:\/\/laserpr.com\/es\/"},{"@type":"ListItem","position":2,"name":"Carrito"}]},{"@type":"WebSite","@id":"https:\/\/laserpr.com\/es\/#website","url":"https:\/\/laserpr.com\/es\/","name":"Laser Products, Inc.","description":"Laser Products, Inc. es una empresa puertorrique&ntilde;a ubicada en Juncos, Puerto Rico. Contamos con m&aacute;s de 30 a&ntilde;os de experiencia en la fabricaci&oacute;n de productos qu&iacute;micos especializados para la limpieza y desinfecci&oacute;n.","publisher":{"@id":"https:\/\/laserpr.com\/es\/#organization"},"alternateName":"Laser Products, Inc.","potentialAction":[{"@type":"SearchAction","target":{"@type":"EntryPoint","urlTemplate":"https:\/\/laserpr.com\/es\/?s={search_term_string}"},"query-input":{"@type":"PropertyValueSpecification","valueRequired":true,"valueName":"search_term_string"}}],"inLanguage":"es"},{"@type":"Organization","@id":"https:\/\/laserpr.com\/es\/#organization","name":"Laser Products, Inc.","alternateName":"Laser Products, Inc.","url":"https:\/\/laserpr.com\/es\/","logo":{"@type":"ImageObject","inLanguage":"es","@id":"https:\/\/laserpr.com\/es\/#\/schema\/logo\/image\/","url":"https:\/\/laserpr.com\/wp-content\/uploads\/2023\/03\/laser-products-486x160-1.png","contentUrl":"https:\/\/laserpr.com\/wp-content\/uploads\/2023\/03\/laser-products-486x160-1.png","width":486,"height":160,"caption":"Laser Products, Inc."},"image":{"@id":"https:\/\/laserpr.com\/es\/#\/schema\/logo\/image\/"},"sameAs":["https:\/\/www.facebook.com\/IndustriaPuertorriquena","https:\/\/www.instagram.com\/industriapuertorriquena\/","https:\/\/www.linkedin.com\/company\/laser-products\/"],"publishingPrinciples":"https:\/\/laserproducts-xgwohz8kzq.live-website.com\/business\/","ownershipFundingInfo":"https:\/\/laserproducts-xgwohz8kzq.live-website.com\/business\/","actionableFeedbackPolicy":"https:\/\/laserproducts-xgwohz8kzq.live-website.com\/business\/"}]}},"_links":{"self":[{"href":"https:\/\/laserpr.com\/es\/wp-json\/wp\/v2\/pages\/2839","targetHints":{"allow":["GET"]}}],"collection":[{"href":"https:\/\/laserpr.com\/es\/wp-json\/wp\/v2\/pages"}],"about":[{"href":"https:\/\/laserpr.com\/es\/wp-json\/wp\/v2\/types\/page"}],"author":[{"embeddable":true,"href":"https:\/\/laserpr.com\/es\/wp-json\/wp\/v2\/users\/2"}],"replies":[{"embeddable":true,"href":"https:\/\/laserpr.com\/es\/wp-json\/wp\/v2\/comments?post=2839"}],"version-history":[{"count":0,"href":"https:\/\/laserpr.com\/es\/wp-json\/wp\/v2\/pages\/2839\/revisions"}],"wp:attachment":[{"href":"https:\/\/laserpr.com\/es\/wp-json\/wp\/v2\/media?parent=2839"}],"curies":[{"name":"wp","href":"https:\/\/api.w.org\/{rel}","templated":true}]}}