{"id":2838,"date":"2024-02-06T16:52:22","date_gmt":"2024-02-06T20:52:22","guid":{"rendered":"https:\/\/laserpr.com\/tienda\/"},"modified":"2024-02-06T16:52:23","modified_gmt":"2024-02-06T20:52:23","slug":"tienda","status":"publish","type":"page","link":"https:\/\/laserpr.com\/es\/tienda\/","title":{"rendered":"Tienda"},"content":{"rendered":"","protected":false},"excerpt":{"rendered":"","protected":false},"author":2,"featured_media":0,"parent":0,"menu_order":0,"comment_status":"closed","ping_status":"closed","template":"","meta":{"footnotes":""},"class_list":["post-2838","page","type-page","status-publish","hentry"],"yoast_head":"<!-- This site is optimized with the Yoast SEO Premium plugin v24.5 (Yoast SEO v27.3) - https:\/\/yoast.com\/product\/yoast-seo-premium-wordpress\/ -->\n<title>Laser Products, Inc.<\/title>\n<meta name=\"description\" content=\"Laser Products, Inc. es una empresa puertorrique\u00f1a ubicada en Juncos, Puerto Rico. Contamos con m\u00e1s de 30 a\u00f1os de experiencia en la fabricaci\u00f3n de productos qu\u00edmicos especializados para la limpieza y desinfecci\u00f3n.\" \/>\n<meta name=\"robots\" content=\"index, follow, max-snippet:-1, max-image-preview:large, max-video-preview:-1\" \/>\n<link rel=\"canonical\" href=\"https:\/\/laserpr.com\/es\/tienda\/\" \/>\n<meta property=\"og:locale\" content=\"es_ES\" \/>\n<meta property=\"og:type\" content=\"article\" \/>\n<meta property=\"og:title\" content=\"Tienda\" \/>\n<meta property=\"og:description\" content=\"Laser Products, Inc. es una empresa puertorrique\u00f1a ubicada en Juncos, Puerto Rico. Contamos con m\u00e1s de 30 a\u00f1os de experiencia en la fabricaci\u00f3n de productos qu\u00edmicos especializados para la limpieza y desinfecci\u00f3n.\" \/>\n<meta property=\"og:url\" content=\"https:\/\/laserpr.com\/es\/tienda\/\" \/>\n<meta property=\"og:site_name\" content=\"Laser Products, Inc.\" \/>\n<meta property=\"article:publisher\" content=\"https:\/\/www.facebook.com\/IndustriaPuertorriquena\" \/>\n<meta property=\"article:modified_time\" content=\"2024-02-06T20:52:23+00:00\" \/>\n<meta property=\"og:image\" content=\"https:\/\/laserpr.com\/wp-content\/uploads\/2023\/03\/laser-products-243x80-1.png\" \/>\n\t<meta property=\"og:image:width\" content=\"243\" \/>\n\t<meta property=\"og:image:height\" content=\"80\" \/>\n\t<meta property=\"og:image:type\" content=\"image\/png\" \/>\n<meta name=\"twitter:card\" content=\"summary_large_image\" \/>\n<script type=\"application\/ld+json\" class=\"yoast-schema-graph\">{\"@context\":\"https:\\\/\\\/schema.org\",\"@graph\":[{\"@type\":\"WebPage\",\"@id\":\"https:\\\/\\\/laserpr.com\\\/es\\\/tienda\\\/\",\"url\":\"https:\\\/\\\/laserpr.com\\\/es\\\/tienda\\\/\",\"name\":\"Laser Products, Inc.\",\"isPartOf\":{\"@id\":\"https:\\\/\\\/laserpr.com\\\/es\\\/#website\"},\"datePublished\":\"2024-02-06T20:52:22+00:00\",\"dateModified\":\"2024-02-06T20:52:23+00:00\",\"description\":\"Laser Products, Inc. es una empresa puertorrique\u00f1a ubicada en Juncos, Puerto Rico. Contamos con m\u00e1s de 30 a\u00f1os de experiencia en la fabricaci\u00f3n de productos qu\u00edmicos especializados para la limpieza y desinfecci\u00f3n.\",\"breadcrumb\":{\"@id\":\"https:\\\/\\\/laserpr.com\\\/es\\\/tienda\\\/#breadcrumb\"},\"inLanguage\":\"es\",\"potentialAction\":[{\"@type\":\"ReadAction\",\"target\":[\"https:\\\/\\\/laserpr.com\\\/es\\\/tienda\\\/\"]}]},{\"@type\":\"BreadcrumbList\",\"@id\":\"https:\\\/\\\/laserpr.com\\\/es\\\/tienda\\\/#breadcrumb\",\"itemListElement\":[{\"@type\":\"ListItem\",\"position\":1,\"name\":\"Home\",\"item\":\"https:\\\/\\\/laserpr.com\\\/es\\\/\"},{\"@type\":\"ListItem\",\"position\":2,\"name\":\"Tienda\"}]},{\"@type\":\"WebSite\",\"@id\":\"https:\\\/\\\/laserpr.com\\\/es\\\/#website\",\"url\":\"https:\\\/\\\/laserpr.com\\\/es\\\/\",\"name\":\"Laser Products, Inc.\",\"description\":\"Laser Products, Inc. es una empresa puertorrique&ntilde;a ubicada en Juncos, Puerto Rico. Contamos con m&aacute;s de 30 a&ntilde;os de experiencia en la fabricaci&oacute;n de productos qu&iacute;micos especializados para la limpieza y desinfecci&oacute;n.\",\"publisher\":{\"@id\":\"https:\\\/\\\/laserpr.com\\\/es\\\/#organization\"},\"alternateName\":\"Laser Products, Inc.\",\"potentialAction\":[{\"@type\":\"SearchAction\",\"target\":{\"@type\":\"EntryPoint\",\"urlTemplate\":\"https:\\\/\\\/laserpr.com\\\/es\\\/?s={search_term_string}\"},\"query-input\":{\"@type\":\"PropertyValueSpecification\",\"valueRequired\":true,\"valueName\":\"search_term_string\"}}],\"inLanguage\":\"es\"},{\"@type\":\"Organization\",\"@id\":\"https:\\\/\\\/laserpr.com\\\/es\\\/#organization\",\"name\":\"Laser Products, Inc.\",\"alternateName\":\"Laser Products, Inc.\",\"url\":\"https:\\\/\\\/laserpr.com\\\/es\\\/\",\"logo\":{\"@type\":\"ImageObject\",\"inLanguage\":\"es\",\"@id\":\"https:\\\/\\\/laserpr.com\\\/es\\\/#\\\/schema\\\/logo\\\/image\\\/\",\"url\":\"https:\\\/\\\/laserpr.com\\\/wp-content\\\/uploads\\\/2023\\\/03\\\/laser-products-486x160-1.png\",\"contentUrl\":\"https:\\\/\\\/laserpr.com\\\/wp-content\\\/uploads\\\/2023\\\/03\\\/laser-products-486x160-1.png\",\"width\":486,\"height\":160,\"caption\":\"Laser Products, Inc.\"},\"image\":{\"@id\":\"https:\\\/\\\/laserpr.com\\\/es\\\/#\\\/schema\\\/logo\\\/image\\\/\"},\"sameAs\":[\"https:\\\/\\\/www.facebook.com\\\/IndustriaPuertorriquena\",\"https:\\\/\\\/www.instagram.com\\\/industriapuertorriquena\\\/\",\"https:\\\/\\\/www.linkedin.com\\\/company\\\/laser-products\\\/\"],\"publishingPrinciples\":\"https:\\\/\\\/laserproducts-xgwohz8kzq.live-website.com\\\/business\\\/\",\"ownershipFundingInfo\":\"https:\\\/\\\/laserproducts-xgwohz8kzq.live-website.com\\\/business\\\/\",\"actionableFeedbackPolicy\":\"https:\\\/\\\/laserproducts-xgwohz8kzq.live-website.com\\\/business\\\/\"}]}<\/script>\n<!-- \/ Yoast SEO Premium plugin. -->","yoast_head_json":{"title":"Laser Products, Inc.","description":"Laser Products, Inc. es una empresa puertorrique\u00f1a ubicada en Juncos, Puerto Rico. Contamos con m\u00e1s de 30 a\u00f1os de experiencia en la fabricaci\u00f3n de productos qu\u00edmicos especializados para la limpieza y desinfecci\u00f3n.","robots":{"index":"index","follow":"follow","max-snippet":"max-snippet:-1","max-image-preview":"max-image-preview:large","max-video-preview":"max-video-preview:-1"},"canonical":"https:\/\/laserpr.com\/es\/tienda\/","og_locale":"es_ES","og_type":"article","og_title":"Tienda","og_description":"Laser Products, Inc. es una empresa puertorrique\u00f1a ubicada en Juncos, Puerto Rico. Contamos con m\u00e1s de 30 a\u00f1os de experiencia en la fabricaci\u00f3n de productos qu\u00edmicos especializados para la limpieza y desinfecci\u00f3n.","og_url":"https:\/\/laserpr.com\/es\/tienda\/","og_site_name":"Laser Products, Inc.","article_publisher":"https:\/\/www.facebook.com\/IndustriaPuertorriquena","article_modified_time":"2024-02-06T20:52:23+00:00","og_image":[{"width":243,"height":80,"url":"https:\/\/laserpr.com\/wp-content\/uploads\/2023\/03\/laser-products-243x80-1.png","type":"image\/png"}],"twitter_card":"summary_large_image","schema":{"@context":"https:\/\/schema.org","@graph":[{"@type":"WebPage","@id":"https:\/\/laserpr.com\/es\/tienda\/","url":"https:\/\/laserpr.com\/es\/tienda\/","name":"Laser Products, Inc.","isPartOf":{"@id":"https:\/\/laserpr.com\/es\/#website"},"datePublished":"2024-02-06T20:52:22+00:00","dateModified":"2024-02-06T20:52:23+00:00","description":"Laser Products, Inc. es una empresa puertorrique\u00f1a ubicada en Juncos, Puerto Rico. Contamos con m\u00e1s de 30 a\u00f1os de experiencia en la fabricaci\u00f3n de productos qu\u00edmicos especializados para la limpieza y desinfecci\u00f3n.","breadcrumb":{"@id":"https:\/\/laserpr.com\/es\/tienda\/#breadcrumb"},"inLanguage":"es","potentialAction":[{"@type":"ReadAction","target":["https:\/\/laserpr.com\/es\/tienda\/"]}]},{"@type":"BreadcrumbList","@id":"https:\/\/laserpr.com\/es\/tienda\/#breadcrumb","itemListElement":[{"@type":"ListItem","position":1,"name":"Home","item":"https:\/\/laserpr.com\/es\/"},{"@type":"ListItem","position":2,"name":"Tienda"}]},{"@type":"WebSite","@id":"https:\/\/laserpr.com\/es\/#website","url":"https:\/\/laserpr.com\/es\/","name":"Laser Products, Inc.","description":"Laser Products, Inc. es una empresa puertorrique&ntilde;a ubicada en Juncos, Puerto Rico. Contamos con m&aacute;s de 30 a&ntilde;os de experiencia en la fabricaci&oacute;n de productos qu&iacute;micos especializados para la limpieza y desinfecci&oacute;n.","publisher":{"@id":"https:\/\/laserpr.com\/es\/#organization"},"alternateName":"Laser Products, Inc.","potentialAction":[{"@type":"SearchAction","target":{"@type":"EntryPoint","urlTemplate":"https:\/\/laserpr.com\/es\/?s={search_term_string}"},"query-input":{"@type":"PropertyValueSpecification","valueRequired":true,"valueName":"search_term_string"}}],"inLanguage":"es"},{"@type":"Organization","@id":"https:\/\/laserpr.com\/es\/#organization","name":"Laser Products, Inc.","alternateName":"Laser Products, Inc.","url":"https:\/\/laserpr.com\/es\/","logo":{"@type":"ImageObject","inLanguage":"es","@id":"https:\/\/laserpr.com\/es\/#\/schema\/logo\/image\/","url":"https:\/\/laserpr.com\/wp-content\/uploads\/2023\/03\/laser-products-486x160-1.png","contentUrl":"https:\/\/laserpr.com\/wp-content\/uploads\/2023\/03\/laser-products-486x160-1.png","width":486,"height":160,"caption":"Laser Products, Inc."},"image":{"@id":"https:\/\/laserpr.com\/es\/#\/schema\/logo\/image\/"},"sameAs":["https:\/\/www.facebook.com\/IndustriaPuertorriquena","https:\/\/www.instagram.com\/industriapuertorriquena\/","https:\/\/www.linkedin.com\/company\/laser-products\/"],"publishingPrinciples":"https:\/\/laserproducts-xgwohz8kzq.live-website.com\/business\/","ownershipFundingInfo":"https:\/\/laserproducts-xgwohz8kzq.live-website.com\/business\/","actionableFeedbackPolicy":"https:\/\/laserproducts-xgwohz8kzq.live-website.com\/business\/"}]}},"_links":{"self":[{"href":"https:\/\/laserpr.com\/es\/wp-json\/wp\/v2\/pages\/2838","targetHints":{"allow":["GET"]}}],"collection":[{"href":"https:\/\/laserpr.com\/es\/wp-json\/wp\/v2\/pages"}],"about":[{"href":"https:\/\/laserpr.com\/es\/wp-json\/wp\/v2\/types\/page"}],"author":[{"embeddable":true,"href":"https:\/\/laserpr.com\/es\/wp-json\/wp\/v2\/users\/2"}],"replies":[{"embeddable":true,"href":"https:\/\/laserpr.com\/es\/wp-json\/wp\/v2\/comments?post=2838"}],"version-history":[{"count":0,"href":"https:\/\/laserpr.com\/es\/wp-json\/wp\/v2\/pages\/2838\/revisions"}],"wp:attachment":[{"href":"https:\/\/laserpr.com\/es\/wp-json\/wp\/v2\/media?parent=2838"}],"curies":[{"name":"wp","href":"https:\/\/api.w.org\/{rel}","templated":true}]}}